{"id":1543,"date":"2019-06-12T07:41:23","date_gmt":"2019-06-12T07:41:23","guid":{"rendered":"https:\/\/invego.ee\/uusjarvekula\/?page_id=1543"},"modified":"2025-06-12T10:05:55","modified_gmt":"2025-06-12T07:05:55","slug":"hoonest","status":"publish","type":"page","link":"https:\/\/invego.ee\/uusjarvekula\/hoonest\/","title":{"rendered":"Hoonest"},"content":{"rendered":"\n<h2 class=\"wp-block-heading\"><strong>Hoonete tehniline kirjeldus<\/strong><\/h2>\n\n\n\n<p>A-energiaklassi ridaelamud ja paarismajad<\/p>\n\n\n\n<div class=\"wp-block-columns has-2-columns is-layout-flex wp-container-core-columns-is-layout-9d6595d7 wp-block-columns-is-layout-flex\">\n<div class=\"wp-block-column is-layout-flow wp-block-column-is-layout-flow\">\n<h6 class=\"wp-block-heading\"><strong>Fassaad<\/strong><\/h6>\n\n\n\n<p>Hoone va\u0308lisseinad on kaetud krohviga, laudisega ja\/vo\u0303i fassaadiplaadiga \u2013 vastavalt arhitektuursele lahendusele.<\/p>\n\n\n\n<h6 class=\"wp-block-heading\"><strong>Konstruktsioonid<\/strong><\/h6>\n\n\n\n<p>Hoone kandvad seinad laotakse plokkidest, mille laius s\u00f5ltub seina kandev\u00f5imest, korterite vahelised seinad laotakse 240 mm laiustest plokkidest. Plokkseinad tasandatakse ja v\u00e4rvitakse. Korterite sisesed mittekandvad vaheseinad ehitatakse metallkarkassil kipsplaatseintena, mis pahteldatakse ja v\u00e4rvitakse.<\/p>\n\n\n\n<p>Vahelaed ehitatakse monteeritavatest \u00f5\u00f5nespaneelidest sammum\u00fcraisolatsiooni ja betoonist tasandusvaluga. Hoonel on soojustatud lamekatus, kaetud rullmaterjaliga.<\/p>\n\n\n\n<h6 class=\"wp-block-heading\"><strong>Aknad<\/strong><\/h6>\n\n\n\n<p>Majal on PVC-raamides aknad. Aknad on kolmekordse klaaspaketiga, mis on osaliselt avatavad.<\/p>\n\n\n\n<h6 class=\"wp-block-heading\"><strong>Ku\u0308te ja ventilatsioon<\/strong><\/h6>\n\n\n\n<p>Ridamajade k\u00fcte on lahendatud korterip\u00f5hise \u00f5hk-vesi soojuspumba baasil, soojuskandjaks on vesip\u00f5randak\u00fcte.<\/p>\n\n\n\n<p>Paarismajade k\u00fcte on lahendatud maasoojuspumba baasil, soojuskandjaks on vesip\u00f5randak\u00fcte.<\/p>\n\n\n\n<p>K\u00f5ikides korterites on korterip\u00f5hine soojustagastusega sundventilatsioon, ventilatsiooniagregaat asub tehnoruumis.<\/p>\n<\/div>\n\n\n\n<div class=\"wp-block-column is-layout-flow wp-block-column-is-layout-flow\">\n<h6 class=\"wp-block-heading\"><strong>Elektri-, sidepaigaldis ja valgustus<\/strong><\/h6>\n\n\n\n<p>Teostatakse hoone sisene elektrikaabeldus, paigaldatakse l\u00fclitid ja pistikud vastavalt korteri planeeringule (t\u00e4psustub projekteerimise k\u00e4igus). Paigaldatakse korterip\u00f5hine kaugloetav elektriarvesti, mis asub hoone peakilbis.<\/p>\n\n\n\n<p>Siseviimistluspaketi osana paigaldatakse vannitoa, WC-de ja esiku LED valgustus (ripplaesisene). Muude ruumide osas tuuakse valgustitele etten\u00e4htud kohtadele valgustuse paigaldamiseks vajalikud toiteotsad. Valgusteid ei paigaldata.<\/p>\n\n\n\n<p>Teostatakse CAT6 andmesidekaabeldus arvestusega, et korteri ostja saab liituda enda valitud teenusepakkujaga.<\/p>\n\n\n\n<h6 class=\"wp-block-heading\"><strong>Tuleohutus<\/strong><\/h6>\n\n\n\n<p>Korterisse paigaldatakse lokaalne patareitoitel suitsuandur.<\/p>\n\n\n\n<h6 class=\"wp-block-heading\"><strong>Saun<\/strong><\/h6>\n\n\n\n<p>Saunaga korterites on puidust saunalaudis ning saunalava, elektriline saunakeris.<\/p>\n\n\n\n<h6 class=\"wp-block-heading\"><strong>Viimistlus<\/strong><\/h6>\n\n\n\n<p>Eluruumide seinad ja laed v\u00e4rvitakse, p\u00f5randate viimistluseks kasutatakse spoonparketti. <\/p>\n\n\n\n<p>Vannitubade seinad kaetakse keraamiliste plaatidega v\u00f5i v\u00e4rvitakse vastavalt arhitektuursele projektile (v\u00e4ikeste WC-de seinad v\u00e4rvitud). Tualettruumides, vannitubades ja saunades kaetakse p\u00f5randad keraamiliste plaatidega. Vannitubades kallet trapi suunas ei ole antud, kalle on antud du\u0161inurgas.<\/p>\n\n\n\n<p>*<em>Arendaja j\u00e4tab endale \u00f5iguse asendada siinkohal kirjeldatud materjale ja seadmeid samav\u00e4\u00e4rse v\u00f5i paremaga.<\/em><\/p>\n\n\n\n<p><!--EndFragment--><\/p>\n<\/div>\n<\/div>\n\n\n","protected":false},"excerpt":{"rendered":"Hoonete tehniline kirjeldus A-energiaklassi ridaelamud ja paarismajad Fassaad Hoone va\u0308lisseinad on kaetud krohviga, laudisega ja\/vo\u0303i fassaadiplaadiga \u2013 vastavalt arhitektuursele lahendusele. Konstruktsioonid Hoone kandvad seinad laotakse plokkidest, mille laius s\u00f5ltub seina kandev\u00f5imest, korterite vahelised seinad laotakse 240 mm laiustest plokkidest. Plokkseinad tasandatakse ja v\u00e4rvitakse. Korterite sisesed mittekandvad vaheseinad ehitatakse metallkarkassil kipsplaatseintena, mis pahteldatakse ja v\u00e4rvitakse. Vahelaed [&hellip;]","protected":false},"author":2,"featured_media":0,"parent":0,"menu_order":129,"comment_status":"closed","ping_status":"closed","template":"page-templates\/template_hoonest.php","meta":{"_acf_changed":false,"footnotes":""},"class_list":["post-1543","page","type-page","status-publish","hentry"],"acf":[],"yoast_head":"<!-- This site is optimized with the Yoast SEO plugin v24.9 - https:\/\/yoast.com\/wordpress\/plugins\/seo\/ -->\n<title>Hoonest - Uus J\u00e4rvek\u00fcla<\/title>\n<meta name=\"robots\" content=\"index, follow, max-snippet:-1, max-image-preview:large, max-video-preview:-1\" \/>\n<link rel=\"canonical\" href=\"https:\/\/invego.ee\/uusjarvekula\/hoonest\/\" \/>\n<meta property=\"og:locale\" content=\"et_EE\" \/>\n<meta property=\"og:type\" content=\"article\" \/>\n<meta property=\"og:title\" content=\"Hoonest - Uus J\u00e4rvek\u00fcla\" \/>\n<meta property=\"og:description\" content=\"Hoonete tehniline kirjeldus A-energiaklassi ridaelamud ja paarismajad Fassaad Hoone va\u0308lisseinad on kaetud krohviga, laudisega ja\/vo\u0303i fassaadiplaadiga \u2013 vastavalt arhitektuursele lahendusele. Konstruktsioonid Hoone kandvad seinad laotakse plokkidest, mille laius s\u00f5ltub seina kandev\u00f5imest, korterite vahelised seinad laotakse 240 mm laiustest plokkidest. Plokkseinad tasandatakse ja v\u00e4rvitakse. Korterite sisesed mittekandvad vaheseinad ehitatakse metallkarkassil kipsplaatseintena, mis pahteldatakse ja v\u00e4rvitakse. Vahelaed [&hellip;]\" \/>\n<meta property=\"og:url\" content=\"https:\/\/invego.ee\/uusjarvekula\/hoonest\/\" \/>\n<meta property=\"og:site_name\" content=\"Uus J\u00e4rvek\u00fcla\" \/>\n<meta property=\"article:modified_time\" content=\"2025-06-12T07:05:55+00:00\" \/>\n<meta property=\"og:image\" content=\"https:\/\/invego.ee\/uusjarvekula\/wp-content\/uploads\/2021\/08\/og-image.jpg\" \/>\n\t<meta property=\"og:image:width\" content=\"1200\" \/>\n\t<meta property=\"og:image:height\" content=\"630\" \/>\n\t<meta property=\"og:image:type\" content=\"image\/jpeg\" \/>\n<meta name=\"twitter:card\" content=\"summary_large_image\" \/>\n<script type=\"application\/ld+json\" class=\"yoast-schema-graph\">{\"@context\":\"https:\/\/schema.org\",\"@graph\":[{\"@type\":\"WebPage\",\"@id\":\"https:\/\/invego.ee\/uusjarvekula\/hoonest\/\",\"url\":\"https:\/\/invego.ee\/uusjarvekula\/hoonest\/\",\"name\":\"Hoonest - Uus J\u00e4rvek\u00fcla\",\"isPartOf\":{\"@id\":\"https:\/\/invego.ee\/uusjarvekula\/#website\"},\"datePublished\":\"2019-06-12T07:41:23+00:00\",\"dateModified\":\"2025-06-12T07:05:55+00:00\",\"breadcrumb\":{\"@id\":\"https:\/\/invego.ee\/uusjarvekula\/hoonest\/#breadcrumb\"},\"inLanguage\":\"et\",\"potentialAction\":[{\"@type\":\"ReadAction\",\"target\":[\"https:\/\/invego.ee\/uusjarvekula\/hoonest\/\"]}]},{\"@type\":\"BreadcrumbList\",\"@id\":\"https:\/\/invego.ee\/uusjarvekula\/hoonest\/#breadcrumb\",\"itemListElement\":[{\"@type\":\"ListItem\",\"position\":1,\"name\":\"Home\",\"item\":\"https:\/\/invego.ee\/uusjarvekula\/\"},{\"@type\":\"ListItem\",\"position\":2,\"name\":\"Hoonest\"}]},{\"@type\":\"WebSite\",\"@id\":\"https:\/\/invego.ee\/uusjarvekula\/#website\",\"url\":\"https:\/\/invego.ee\/uusjarvekula\/\",\"name\":\"Uus J\u00e4rvek\u00fcla\",\"description\":\"Linnale l\u00e4hedal, loodusele l\u00e4hemal\",\"publisher\":{\"@id\":\"https:\/\/invego.ee\/uusjarvekula\/#organization\"},\"potentialAction\":[{\"@type\":\"SearchAction\",\"target\":{\"@type\":\"EntryPoint\",\"urlTemplate\":\"https:\/\/invego.ee\/uusjarvekula\/?s={search_term_string}\"},\"query-input\":{\"@type\":\"PropertyValueSpecification\",\"valueRequired\":true,\"valueName\":\"search_term_string\"}}],\"inLanguage\":\"et\"},{\"@type\":\"Organization\",\"@id\":\"https:\/\/invego.ee\/uusjarvekula\/#organization\",\"name\":\"Uus J\u00e4rvek\u00fcla\",\"url\":\"https:\/\/invego.ee\/uusjarvekula\/\",\"logo\":{\"@type\":\"ImageObject\",\"inLanguage\":\"et\",\"@id\":\"https:\/\/invego.ee\/uusjarvekula\/#\/schema\/logo\/image\/\",\"url\":\"https:\/\/invego.ee\/uusjarvekula\/wp-content\/uploads\/2021\/08\/UJK_logo.svg\",\"contentUrl\":\"https:\/\/invego.ee\/uusjarvekula\/wp-content\/uploads\/2021\/08\/UJK_logo.svg\",\"width\":161,\"height\":161,\"caption\":\"Uus J\u00e4rvek\u00fcla\"},\"image\":{\"@id\":\"https:\/\/invego.ee\/uusjarvekula\/#\/schema\/logo\/image\/\"}}]}<\/script>\n<!-- \/ Yoast SEO plugin. -->","yoast_head_json":{"title":"Hoonest - Uus J\u00e4rvek\u00fcla","robots":{"index":"index","follow":"follow","max-snippet":"max-snippet:-1","max-image-preview":"max-image-preview:large","max-video-preview":"max-video-preview:-1"},"canonical":"https:\/\/invego.ee\/uusjarvekula\/hoonest\/","og_locale":"et_EE","og_type":"article","og_title":"Hoonest - Uus J\u00e4rvek\u00fcla","og_description":"Hoonete tehniline kirjeldus A-energiaklassi ridaelamud ja paarismajad Fassaad Hoone va\u0308lisseinad on kaetud krohviga, laudisega ja\/vo\u0303i fassaadiplaadiga \u2013 vastavalt arhitektuursele lahendusele. Konstruktsioonid Hoone kandvad seinad laotakse plokkidest, mille laius s\u00f5ltub seina kandev\u00f5imest, korterite vahelised seinad laotakse 240 mm laiustest plokkidest. Plokkseinad tasandatakse ja v\u00e4rvitakse. Korterite sisesed mittekandvad vaheseinad ehitatakse metallkarkassil kipsplaatseintena, mis pahteldatakse ja v\u00e4rvitakse. Vahelaed [&hellip;]","og_url":"https:\/\/invego.ee\/uusjarvekula\/hoonest\/","og_site_name":"Uus J\u00e4rvek\u00fcla","article_modified_time":"2025-06-12T07:05:55+00:00","og_image":[{"width":1200,"height":630,"url":"https:\/\/invego.ee\/uusjarvekula\/wp-content\/uploads\/2021\/08\/og-image.jpg","type":"image\/jpeg"}],"twitter_card":"summary_large_image","schema":{"@context":"https:\/\/schema.org","@graph":[{"@type":"WebPage","@id":"https:\/\/invego.ee\/uusjarvekula\/hoonest\/","url":"https:\/\/invego.ee\/uusjarvekula\/hoonest\/","name":"Hoonest - Uus J\u00e4rvek\u00fcla","isPartOf":{"@id":"https:\/\/invego.ee\/uusjarvekula\/#website"},"datePublished":"2019-06-12T07:41:23+00:00","dateModified":"2025-06-12T07:05:55+00:00","breadcrumb":{"@id":"https:\/\/invego.ee\/uusjarvekula\/hoonest\/#breadcrumb"},"inLanguage":"et","potentialAction":[{"@type":"ReadAction","target":["https:\/\/invego.ee\/uusjarvekula\/hoonest\/"]}]},{"@type":"BreadcrumbList","@id":"https:\/\/invego.ee\/uusjarvekula\/hoonest\/#breadcrumb","itemListElement":[{"@type":"ListItem","position":1,"name":"Home","item":"https:\/\/invego.ee\/uusjarvekula\/"},{"@type":"ListItem","position":2,"name":"Hoonest"}]},{"@type":"WebSite","@id":"https:\/\/invego.ee\/uusjarvekula\/#website","url":"https:\/\/invego.ee\/uusjarvekula\/","name":"Uus J\u00e4rvek\u00fcla","description":"Linnale l\u00e4hedal, loodusele l\u00e4hemal","publisher":{"@id":"https:\/\/invego.ee\/uusjarvekula\/#organization"},"potentialAction":[{"@type":"SearchAction","target":{"@type":"EntryPoint","urlTemplate":"https:\/\/invego.ee\/uusjarvekula\/?s={search_term_string}"},"query-input":{"@type":"PropertyValueSpecification","valueRequired":true,"valueName":"search_term_string"}}],"inLanguage":"et"},{"@type":"Organization","@id":"https:\/\/invego.ee\/uusjarvekula\/#organization","name":"Uus J\u00e4rvek\u00fcla","url":"https:\/\/invego.ee\/uusjarvekula\/","logo":{"@type":"ImageObject","inLanguage":"et","@id":"https:\/\/invego.ee\/uusjarvekula\/#\/schema\/logo\/image\/","url":"https:\/\/invego.ee\/uusjarvekula\/wp-content\/uploads\/2021\/08\/UJK_logo.svg","contentUrl":"https:\/\/invego.ee\/uusjarvekula\/wp-content\/uploads\/2021\/08\/UJK_logo.svg","width":161,"height":161,"caption":"Uus J\u00e4rvek\u00fcla"},"image":{"@id":"https:\/\/invego.ee\/uusjarvekula\/#\/schema\/logo\/image\/"}}]}},"_links":{"self":[{"href":"https:\/\/invego.ee\/uusjarvekula\/wp-json\/wp\/v2\/pages\/1543","targetHints":{"allow":["GET"]}}],"collection":[{"href":"https:\/\/invego.ee\/uusjarvekula\/wp-json\/wp\/v2\/pages"}],"about":[{"href":"https:\/\/invego.ee\/uusjarvekula\/wp-json\/wp\/v2\/types\/page"}],"author":[{"embeddable":true,"href":"https:\/\/invego.ee\/uusjarvekula\/wp-json\/wp\/v2\/users\/2"}],"replies":[{"embeddable":true,"href":"https:\/\/invego.ee\/uusjarvekula\/wp-json\/wp\/v2\/comments?post=1543"}],"version-history":[{"count":24,"href":"https:\/\/invego.ee\/uusjarvekula\/wp-json\/wp\/v2\/pages\/1543\/revisions"}],"predecessor-version":[{"id":13991,"href":"https:\/\/invego.ee\/uusjarvekula\/wp-json\/wp\/v2\/pages\/1543\/revisions\/13991"}],"wp:attachment":[{"href":"https:\/\/invego.ee\/uusjarvekula\/wp-json\/wp\/v2\/media?parent=1543"}],"curies":[{"name":"wp","href":"https:\/\/api.w.org\/{rel}","templated":true}]}}