{"id":13920,"date":"2025-04-25T14:38:35","date_gmt":"2025-04-25T11:38:35","guid":{"rendered":"https:\/\/invego.ee\/uusjarvekula\/?page_id=13920"},"modified":"2026-03-23T10:22:47","modified_gmt":"2026-03-23T08:22:47","slug":"kliendipaev","status":"publish","type":"page","link":"https:\/\/invego.ee\/uusjarvekula\/kliendipaev\/","title":{"rendered":"Kliendip\u00e4ev"},"content":{"rendered":"","protected":false},"excerpt":{"rendered":"","protected":false},"author":2,"featured_media":0,"parent":0,"menu_order":0,"comment_status":"closed","ping_status":"closed","template":"page-templates\/template_campaign.php","meta":{"_acf_changed":false,"footnotes":""},"class_list":["post-13920","page","type-page","status-publish","hentry"],"acf":[],"yoast_head":"<!-- This site is optimized with the Yoast SEO plugin v24.9 - https:\/\/yoast.com\/wordpress\/plugins\/seo\/ -->\n<title>Kliendip\u00e4ev - Uus J\u00e4rvek\u00fcla<\/title>\n<meta name=\"robots\" content=\"index, follow, max-snippet:-1, max-image-preview:large, max-video-preview:-1\" \/>\n<link rel=\"canonical\" href=\"https:\/\/invego.ee\/uusjarvekula\/kliendipaev\/\" \/>\n<meta property=\"og:locale\" content=\"et_EE\" \/>\n<meta property=\"og:type\" content=\"article\" \/>\n<meta property=\"og:title\" content=\"Kliendip\u00e4ev - Uus J\u00e4rvek\u00fcla\" \/>\n<meta property=\"og:url\" content=\"https:\/\/invego.ee\/uusjarvekula\/kliendipaev\/\" \/>\n<meta property=\"og:site_name\" content=\"Uus J\u00e4rvek\u00fcla\" \/>\n<meta property=\"article:modified_time\" content=\"2026-03-23T08:22:47+00:00\" \/>\n<meta property=\"og:image\" content=\"https:\/\/invego.ee\/uusjarvekula\/wp-content\/uploads\/2021\/08\/og-image.jpg\" \/>\n\t<meta property=\"og:image:width\" content=\"1200\" \/>\n\t<meta property=\"og:image:height\" content=\"630\" \/>\n\t<meta property=\"og:image:type\" content=\"image\/jpeg\" \/>\n<meta name=\"twitter:card\" content=\"summary_large_image\" \/>\n<script type=\"application\/ld+json\" class=\"yoast-schema-graph\">{\"@context\":\"https:\/\/schema.org\",\"@graph\":[{\"@type\":\"WebPage\",\"@id\":\"https:\/\/invego.ee\/uusjarvekula\/kliendipaev\/\",\"url\":\"https:\/\/invego.ee\/uusjarvekula\/kliendipaev\/\",\"name\":\"Kliendip\u00e4ev - Uus J\u00e4rvek\u00fcla\",\"isPartOf\":{\"@id\":\"https:\/\/invego.ee\/uusjarvekula\/#website\"},\"datePublished\":\"2025-04-25T11:38:35+00:00\",\"dateModified\":\"2026-03-23T08:22:47+00:00\",\"breadcrumb\":{\"@id\":\"https:\/\/invego.ee\/uusjarvekula\/kliendipaev\/#breadcrumb\"},\"inLanguage\":\"et\",\"potentialAction\":[{\"@type\":\"ReadAction\",\"target\":[\"https:\/\/invego.ee\/uusjarvekula\/kliendipaev\/\"]}]},{\"@type\":\"BreadcrumbList\",\"@id\":\"https:\/\/invego.ee\/uusjarvekula\/kliendipaev\/#breadcrumb\",\"itemListElement\":[{\"@type\":\"ListItem\",\"position\":1,\"name\":\"Home\",\"item\":\"https:\/\/invego.ee\/uusjarvekula\/\"},{\"@type\":\"ListItem\",\"position\":2,\"name\":\"Kliendip\u00e4ev\"}]},{\"@type\":\"WebSite\",\"@id\":\"https:\/\/invego.ee\/uusjarvekula\/#website\",\"url\":\"https:\/\/invego.ee\/uusjarvekula\/\",\"name\":\"Uus J\u00e4rvek\u00fcla\",\"description\":\"Linnale l\u00e4hedal, loodusele l\u00e4hemal\",\"publisher\":{\"@id\":\"https:\/\/invego.ee\/uusjarvekula\/#organization\"},\"potentialAction\":[{\"@type\":\"SearchAction\",\"target\":{\"@type\":\"EntryPoint\",\"urlTemplate\":\"https:\/\/invego.ee\/uusjarvekula\/?s={search_term_string}\"},\"query-input\":{\"@type\":\"PropertyValueSpecification\",\"valueRequired\":true,\"valueName\":\"search_term_string\"}}],\"inLanguage\":\"et\"},{\"@type\":\"Organization\",\"@id\":\"https:\/\/invego.ee\/uusjarvekula\/#organization\",\"name\":\"Uus J\u00e4rvek\u00fcla\",\"url\":\"https:\/\/invego.ee\/uusjarvekula\/\",\"logo\":{\"@type\":\"ImageObject\",\"inLanguage\":\"et\",\"@id\":\"https:\/\/invego.ee\/uusjarvekula\/#\/schema\/logo\/image\/\",\"url\":\"https:\/\/invego.ee\/uusjarvekula\/wp-content\/uploads\/2021\/08\/UJK_logo.svg\",\"contentUrl\":\"https:\/\/invego.ee\/uusjarvekula\/wp-content\/uploads\/2021\/08\/UJK_logo.svg\",\"width\":161,\"height\":161,\"caption\":\"Uus J\u00e4rvek\u00fcla\"},\"image\":{\"@id\":\"https:\/\/invego.ee\/uusjarvekula\/#\/schema\/logo\/image\/\"}}]}<\/script>\n<!-- \/ Yoast SEO plugin. -->","yoast_head_json":{"title":"Kliendip\u00e4ev - Uus J\u00e4rvek\u00fcla","robots":{"index":"index","follow":"follow","max-snippet":"max-snippet:-1","max-image-preview":"max-image-preview:large","max-video-preview":"max-video-preview:-1"},"canonical":"https:\/\/invego.ee\/uusjarvekula\/kliendipaev\/","og_locale":"et_EE","og_type":"article","og_title":"Kliendip\u00e4ev - Uus J\u00e4rvek\u00fcla","og_url":"https:\/\/invego.ee\/uusjarvekula\/kliendipaev\/","og_site_name":"Uus J\u00e4rvek\u00fcla","article_modified_time":"2026-03-23T08:22:47+00:00","og_image":[{"width":1200,"height":630,"url":"https:\/\/invego.ee\/uusjarvekula\/wp-content\/uploads\/2021\/08\/og-image.jpg","type":"image\/jpeg"}],"twitter_card":"summary_large_image","schema":{"@context":"https:\/\/schema.org","@graph":[{"@type":"WebPage","@id":"https:\/\/invego.ee\/uusjarvekula\/kliendipaev\/","url":"https:\/\/invego.ee\/uusjarvekula\/kliendipaev\/","name":"Kliendip\u00e4ev - Uus J\u00e4rvek\u00fcla","isPartOf":{"@id":"https:\/\/invego.ee\/uusjarvekula\/#website"},"datePublished":"2025-04-25T11:38:35+00:00","dateModified":"2026-03-23T08:22:47+00:00","breadcrumb":{"@id":"https:\/\/invego.ee\/uusjarvekula\/kliendipaev\/#breadcrumb"},"inLanguage":"et","potentialAction":[{"@type":"ReadAction","target":["https:\/\/invego.ee\/uusjarvekula\/kliendipaev\/"]}]},{"@type":"BreadcrumbList","@id":"https:\/\/invego.ee\/uusjarvekula\/kliendipaev\/#breadcrumb","itemListElement":[{"@type":"ListItem","position":1,"name":"Home","item":"https:\/\/invego.ee\/uusjarvekula\/"},{"@type":"ListItem","position":2,"name":"Kliendip\u00e4ev"}]},{"@type":"WebSite","@id":"https:\/\/invego.ee\/uusjarvekula\/#website","url":"https:\/\/invego.ee\/uusjarvekula\/","name":"Uus J\u00e4rvek\u00fcla","description":"Linnale l\u00e4hedal, loodusele l\u00e4hemal","publisher":{"@id":"https:\/\/invego.ee\/uusjarvekula\/#organization"},"potentialAction":[{"@type":"SearchAction","target":{"@type":"EntryPoint","urlTemplate":"https:\/\/invego.ee\/uusjarvekula\/?s={search_term_string}"},"query-input":{"@type":"PropertyValueSpecification","valueRequired":true,"valueName":"search_term_string"}}],"inLanguage":"et"},{"@type":"Organization","@id":"https:\/\/invego.ee\/uusjarvekula\/#organization","name":"Uus J\u00e4rvek\u00fcla","url":"https:\/\/invego.ee\/uusjarvekula\/","logo":{"@type":"ImageObject","inLanguage":"et","@id":"https:\/\/invego.ee\/uusjarvekula\/#\/schema\/logo\/image\/","url":"https:\/\/invego.ee\/uusjarvekula\/wp-content\/uploads\/2021\/08\/UJK_logo.svg","contentUrl":"https:\/\/invego.ee\/uusjarvekula\/wp-content\/uploads\/2021\/08\/UJK_logo.svg","width":161,"height":161,"caption":"Uus J\u00e4rvek\u00fcla"},"image":{"@id":"https:\/\/invego.ee\/uusjarvekula\/#\/schema\/logo\/image\/"}}]}},"_links":{"self":[{"href":"https:\/\/invego.ee\/uusjarvekula\/wp-json\/wp\/v2\/pages\/13920","targetHints":{"allow":["GET"]}}],"collection":[{"href":"https:\/\/invego.ee\/uusjarvekula\/wp-json\/wp\/v2\/pages"}],"about":[{"href":"https:\/\/invego.ee\/uusjarvekula\/wp-json\/wp\/v2\/types\/page"}],"author":[{"embeddable":true,"href":"https:\/\/invego.ee\/uusjarvekula\/wp-json\/wp\/v2\/users\/2"}],"replies":[{"embeddable":true,"href":"https:\/\/invego.ee\/uusjarvekula\/wp-json\/wp\/v2\/comments?post=13920"}],"version-history":[{"count":7,"href":"https:\/\/invego.ee\/uusjarvekula\/wp-json\/wp\/v2\/pages\/13920\/revisions"}],"predecessor-version":[{"id":14364,"href":"https:\/\/invego.ee\/uusjarvekula\/wp-json\/wp\/v2\/pages\/13920\/revisions\/14364"}],"wp:attachment":[{"href":"https:\/\/invego.ee\/uusjarvekula\/wp-json\/wp\/v2\/media?parent=13920"}],"curies":[{"name":"wp","href":"https:\/\/api.w.org\/{rel}","templated":true}]}}