{"id":272,"date":"2018-11-22T12:54:58","date_gmt":"2018-11-22T12:54:58","guid":{"rendered":"https:\/\/invego.ee\/uusjarvekula\/avaleht\/"},"modified":"2026-04-13T11:06:08","modified_gmt":"2026-04-13T08:06:08","slug":"avaleht","status":"publish","type":"page","link":"https:\/\/invego.ee\/uusjarvekula\/en\/","title":{"rendered":"Home page"},"content":{"rendered":"\n            <div id=\"front-banner-pink-block-block_d718f5fed54a7a0d17aa288064a07edd\" class=\"front-banner-pink-block\">\n            <div class=\"upper_container d-flex flex-column\">\n                                                    <div class=\"content d-flex justify-content-between no_campaign\">\n                        <div class=\"content_text\">\n                            <p><strong>Close to the city, \u00a0<\/strong><br \/>\n<strong>even closer to nature<\/strong><\/p>\n                        <\/div>\n                                                                    <\/div>\n                                                    <a class=\"front-sticky-image-right\" href=\"https:\/\/invego.ee\/en\/\" target=\"_blank\">\n                        <img loading=\"lazy\" decoding=\"async\" class=\"desktop-sticky-image\" src=\"https:\/\/invego.ee\/uusjarvekula\/wp-content\/uploads\/2025\/01\/Layer_1.svg\" width=\"254\" height=\"175\" alt=\"\" \/>\n                                                    <img loading=\"lazy\" decoding=\"async\" class=\"reverse-sticky-image\" src=\"https:\/\/invego.ee\/uusjarvekula\/wp-content\/uploads\/2023\/12\/5-a-garantii-en.svg\" width=\"219\" height=\"153\" alt=\"\" \/>\n                                            <\/a>\n                \n                                <video class=\"nolazy w100 h100\" autoplay muted loop>\n                    <source src=\"https:\/\/invego.ee\/uusjarvekula\/wp-content\/uploads\/2025\/01\/UUSJARVEKYLA_WEB_1080p.mp4\" type=\"video\/mp4\">\n                    Your browser does not support HTML5 video.\n                <\/video>\n                \n                            <\/div>\n        <\/div>\n    \n\n\n\n\n\n\n\n\n    <div id=\"developer-list-block-block_6221b1446065418ca14f109e34a0da23\" class=\"developer-list-block\">\n        <div class=\"container\">\n            <div class=\"developers_title\">\n                <p>TRUST EXPERIENCED EXPERTS<\/p>\n            <\/div>\n            \n            <div class=\"developers row justify-content-center\">\n                                    \n                    <div class=\"col col-6 col-lg-auto \">\n                        <div class=\"developer d-flex align-items-center\">\n                            <p class=\"text\">DEVELOPER<\/p>\n                            <div class=\"logo_container d-flex align-items-center\">\n                                <img loading=\"lazy\" decoding=\"async\" src=\"https:\/\/invego.ee\/uusjarvekula\/wp-content\/uploads\/2025\/02\/INVEGO_logo-2.svg\" width=\"133\" height=\"36\" alt=\"\" \/>\n                            <\/div>\n                        <\/div>\n                    <\/div>\n                                    \n                    <div class=\"col col-6 col-lg-auto \">\n                        <div class=\"developer d-flex align-items-center\">\n                            <p class=\"text\">ARCHITECT<\/p>\n                            <div class=\"logo_container d-flex align-items-center\">\n                                <img loading=\"lazy\" decoding=\"async\" src=\"https:\/\/invego.ee\/uusjarvekula\/wp-content\/uploads\/2025\/02\/Layer_1-6.svg\" width=\"69\" height=\"69\" alt=\"\" \/>\n                            <\/div>\n                        <\/div>\n                    <\/div>\n                                    \n                    <div class=\"col col-6 col-lg-auto \">\n                        <div class=\"developer d-flex align-items-center\">\n                            <p class=\"text\">INVESTOR<\/p>\n                            <div class=\"logo_container d-flex align-items-center\">\n                                <img loading=\"lazy\" decoding=\"async\" src=\"https:\/\/invego.ee\/uusjarvekula\/wp-content\/uploads\/2025\/02\/Layer_1-1-1.svg\" width=\"122\" height=\"43\" alt=\"\" \/>\n                            <\/div>\n                        <\/div>\n                    <\/div>\n                                    \n                    <div class=\"col col-6 col-lg-auto \">\n                        <div class=\"developer d-flex align-items-center\">\n                            <p class=\"text\">CONTRACTOR<\/p>\n                            <div class=\"logo_container d-flex align-items-center\">\n                                <img loading=\"lazy\" decoding=\"async\" src=\"https:\/\/invego.ee\/uusjarvekula\/wp-content\/uploads\/2025\/02\/Layer_1-2.svg\" width=\"117\" height=\"27\" alt=\"\" \/>\n                            <\/div>\n                        <\/div>\n                    <\/div>\n                            <\/div>\n        <\/div>\n    <\/div>\n\n\n\n    <div id=\"locations-list-block-block_12cf54b9dcce59340a65df218957831a\" class=\"locations-list-block\">\n        <div class=\"container\">\n            <div class=\"row justify-content-center align-items-end\">\n                                    \n                    <div class=\"col col-auto\">\n                        <div class=\"location\">\n                            <p class=\"text\">Kindluse School<\/p>\n                            <p class=\"time\">1<span>min<\/span><\/p>\n                        <\/div>\n                    <\/div>\n                                    \n                    <div class=\"col col-auto\">\n                        <div class=\"location\">\n                            <p class=\"text\">Peetri Center<\/p>\n                            <p class=\"time\">6<span>min<\/span><\/p>\n                        <\/div>\n                    <\/div>\n                                    \n                    <div class=\"col col-auto\">\n                        <div class=\"location\">\n                            <p class=\"text\">Peetri Selver<\/p>\n                            <p class=\"time\">7<span>min<\/span><\/p>\n                        <\/div>\n                    <\/div>\n                                    \n                    <div class=\"col col-auto\">\n                        <div class=\"location\">\n                            <p class=\"text\">Raudalu Konsum<\/p>\n                            <p class=\"time\">8<span>min<\/span><\/p>\n                        <\/div>\n                    <\/div>\n                                    \n                    <div class=\"col col-auto\">\n                        <div class=\"location\">\n                            <p class=\"text\">Tallinn Airport<\/p>\n                            <p class=\"time\">9<span>min<\/span><\/p>\n                        <\/div>\n                    <\/div>\n                                    \n                    <div class=\"col col-auto\">\n                        <div class=\"location\">\n                            <p class=\"text\">\u00dclemiste Center<\/p>\n                            <p class=\"time\">10<span>min<\/span><\/p>\n                        <\/div>\n                    <\/div>\n                                    \n                    <div class=\"col col-auto\">\n                        <div class=\"location\">\n                            <p class=\"text\">J\u00e4rve Center<\/p>\n                            <p class=\"time\">12<span>min<\/span><\/p>\n                        <\/div>\n                    <\/div>\n                                    \n                    <div class=\"col col-auto\">\n                        <div class=\"location\">\n                            <p class=\"text\">Tallinna city center<\/p>\n                            <p class=\"time\">13<span>min<\/span><\/p>\n                        <\/div>\n                    <\/div>\n                            <\/div>\n        <\/div>\n    <\/div>\n\n\n\n    <div id=\"image-text-block-block_3d20f057c759b1a81129bb074e71de51\" class=\"image-text-block\">\n        <div class=\"container\">\n                                            <div class=\"row align-items-center fade-in-up\">\n                    <div class=\"image col col-md-6 col-12\">\n                        <div class=\"image_wrapper\">\n                            <div class=\"image_container bg-center\" style=\"background-image: url(https:\/\/invego.ee\/uusjarvekula\/wp-content\/uploads\/2021\/08\/DSC8553-Copy-3-1400x1112.jpg);\">\n                                \n                                                            <\/div>\n                        <\/div>\n                    <\/div>\n                    <div class=\"text col col-md-6 col-12\">\n                        <div class=\"text_container\">\n                            <h2>A real home for your family<\/h2>\n<p>Real people, real homes, real life. These photos here are for real, Uus-J\u00e4rvek\u00fcla is exactly like this. Picturesque Estonia. Yet right at city limits of the capital. Fast connections, good roads. Only a few minutes away from the artery of life. This is a new community for your family and you can see it for yourself at any time. That\u2019s right, for real.<\/p>\n                        <\/div>\n                    <\/div>\n                <\/div>\n                                            <div class=\"row align-items-center fade-in-up\">\n                    <div class=\"image col col-md-6 col-12\">\n                        <div class=\"image_wrapper\">\n                            <div class=\"image_container bg-center\" style=\"background-image: url(https:\/\/invego.ee\/uusjarvekula\/wp-content\/uploads\/2021\/08\/DSC8553-1400x1112.jpg);\">\n                                                                    <div class=\"image_description\">\n                                        <p>July 2021<br \/>\r\nUus-J\u00e4rvek\u00fcla<\/p>\n                                    <\/div>\n                                \n                                                                    <img loading=\"lazy\" decoding=\"async\" class=\"image_icon\" src=\"https:\/\/invego.ee\/uusjarvekula\/wp-content\/themes\/uusjarvekula\/images\/image_icon_left.svg\" width=\"158\" height=\"158\" alt=\"\" \/>\n                                                            <\/div>\n                        <\/div>\n                    <\/div>\n                    <div class=\"text col col-md-6 col-12\">\n                        <div class=\"text_container\">\n                            <h2>A trust well earned<\/h2>\n<p>Choosing your new home is an important decision for any family. My home is my castle, they say. Almost as serious is the decision whom to trust to build your castle. The Invego team has built new homes for hundreds of happy Estonian families, and EfTEN wisely manages the finances of thousands of Estonians. This is a powerful tandem. This is a trust well earned.<\/p>\n                        <\/div>\n                    <\/div>\n                <\/div>\n                                            <div class=\"row align-items-center fade-in-up\">\n                    <div class=\"image col col-md-6 col-12\">\n                        <div class=\"image_wrapper\">\n                            <div class=\"image_container bg-center\" style=\"background-image: url(https:\/\/invego.ee\/uusjarvekula\/wp-content\/uploads\/2021\/08\/DSC8553-Copy-5-1400x1112.jpg);\">\n                                                                    <div class=\"image_description\">\n                                        <p>July 2021<br \/>\r\nJ\u00e4rvek\u00fcla<\/p>\n                                    <\/div>\n                                \n                                                            <\/div>\n                        <\/div>\n                    <\/div>\n                    <div class=\"text col col-md-6 col-12\">\n                        <div class=\"text_container\">\n                            <h2>A secure future for your children<\/h2>\n<p>In Uus-J\u00e4rvek\u00fcla there are good daycare centers and excellent schools for your children to come into their own. Next to the acclaimed J\u00e4rvek\u00fcla School, there is now also the Kindluse School, a brand new and, in the opinion of many, the coolest general education school in Estonia. This is the place where active and good, free-spirited and creative children will grow up in the future. Your children, our Estonian children.<\/p>\n                        <\/div>\n                    <\/div>\n                <\/div>\n                                            <div class=\"row align-items-center fade-in-up\">\n                    <div class=\"image col col-md-6 col-12\">\n                        <div class=\"image_wrapper\">\n                            <div class=\"image_container bg-center\" style=\"background-image: url(https:\/\/invego.ee\/uusjarvekula\/wp-content\/uploads\/2025\/04\/kaupokalda-com-DJI_20240808190610_0092_D-1400x1112.jpg);\">\n                                \n                                                            <\/div>\n                        <\/div>\n                    <\/div>\n                    <div class=\"text col col-md-6 col-12\">\n                        <div class=\"text_container\">\n                            <h2>The terraced houses of dreams<\/h2>\n<p>In the space of just a couple years, new terraced houses have been built at Tiskreoja, Tabasalu, based on the complete solutions created by the architecture bureau PIN. The young and talented, yet already experienced and highly regarded architects have now focused all their energy on creating Uus-J\u00e4rvek\u00fcla. There is something to wait for and something to dream about.<\/p>\n                        <\/div>\n                    <\/div>\n                <\/div>\n                    <\/div>\n    <\/div>\n\n\n\n    <div id=\"image-block-block_b5f9ed523019964056b5256e37a518c4\" class=\"image-block\">\n        \n        <div class=\"image_container\">\n            <img loading=\"lazy\" decoding=\"async\" class=\"image\" src=\"https:\/\/invego.ee\/uusjarvekula\/wp-content\/uploads\/2021\/08\/Group-2-4-1.jpg\" width=\"2800\" height=\"1264\" alt=\"\" \/>\n\n                            <div class=\"image_overlay h100\">\n                    <div class=\"container h100\">\n                        <div class=\"image_overlay_wrapper h100 d-flex align-items-end\">\n                                                            <img loading=\"lazy\" decoding=\"async\" class=\"image_icon\" src=\"https:\/\/invego.ee\/uusjarvekula\/wp-content\/themes\/uusjarvekula\/images\/image_icon_left.svg\" width=\"158\" height=\"158\" alt=\"\" \/>\n                            \n                                                            <div class=\"image_description\">\n                                    <p>July 2021<br \/>\r\nJ\u00e4rvek\u00fcla<\/p>\n                                <\/div>\n                                                    <\/div>\n                    <\/div>\n                <\/div>\n                    <\/div>\n\n            <\/div>\n\n\n\n    <div id=\"image-text-block-block_7be6fb9670278bf23f0d9952d5218ebb\" class=\"image-text-block\">\n        <div class=\"container\">\n                                            <div class=\"row align-items-center fade-in-up\">\n                    <div class=\"image col col-md-6 col-12\">\n                        <div class=\"image_wrapper\">\n                            <div class=\"image_container bg-center\" style=\"background-image: url(https:\/\/invego.ee\/uusjarvekula\/wp-content\/uploads\/2021\/08\/DSC8766-1400x1112.jpg);\">\n                                                                    <div class=\"image_description\">\n                                        <p>July 2021<br \/>\r\nJ\u00e4rvek\u00fcla<\/p>\n                                    <\/div>\n                                \n                                                            <\/div>\n                        <\/div>\n                    <\/div>\n                    <div class=\"text col col-md-6 col-12\">\n                        <div class=\"text_container\">\n                            <h2>Play, move about, enjoy life<\/h2>\n<p>In Uus-J\u00e4rvek\u00fcla, everyone can enjoy the fresh air and physical activity. You can walk, rollerblade, ride a bike or a scooter &#8211; both schools and shops are close enough. In addition to one\u2019s own yard, there are cool playgrounds for children and sports facilities and health trails for adults. Right next door and ready to use exactly when you feel like it.<\/p>\n                        <\/div>\n                    <\/div>\n                <\/div>\n                    <\/div>\n    <\/div>\n\n\n\n    <div id=\"text-image-blue-block-block_cdc90ec6cdd3b6011c58cee96e4e3425\" class=\"text-image-blue-block white margin-top\">\n        <div class=\"container\">\n            <div class=\"row\">\n                <div class=\"text col col-md-6 col-12\">\n                    <div class=\"text_wrapper\">\n                        <div class=\"text_container\">\n                            <h2>You are ready for your new home<\/h2>\n<p>Your family is looking for a new and more spacious, truly child-friendly home. A place to grow up together and to enjoy all the small and big steps. If you are here, then you are in the right place. Do not postpone this decision, because your family\u2019s new home is ready to move in.<\/p>\n                        <\/div>\n                                            <\/div>\n                <\/div>\n                <div class=\"image col col-md-6 col-12\">\n                    <div class=\"image_wrapper fade-in-up\">\n                        <div class=\"image_container width-no-container bottom\">\n                            <img loading=\"lazy\" decoding=\"async\" src=\"https:\/\/invego.ee\/uusjarvekula\/wp-content\/uploads\/2021\/08\/Group-2-Copy-5-1.jpg\" width=\"1400\" height=\"1400\" alt=\"\" \/>\n                            \n                            \n                                                            <div class=\"image_comment_container\">\n                                    <p>July 2021<br \/>\nJ\u00e4rvek\u00fcla<\/p>\n                                <\/div>\n                                                    <\/div>\n                    <\/div>\n                <\/div>\n            <\/div>\n        <\/div>\n    <\/div>\n","protected":false},"excerpt":{"rendered":"","protected":false},"author":2,"featured_media":6868,"parent":0,"menu_order":139,"comment_status":"closed","ping_status":"closed","template":"","meta":{"_acf_changed":false,"footnotes":""},"class_list":["post-272","page","type-page","status-publish","has-post-thumbnail","hentry"],"acf":[],"yoast_head":"<!-- This site is optimized with the Yoast SEO plugin v24.9 - https:\/\/yoast.com\/wordpress\/plugins\/seo\/ -->\n<title>Linnale l\u00e4hedal, loodusele l\u00e4hemal<\/title>\n<meta name=\"robots\" content=\"index, follow, max-snippet:-1, max-image-preview:large, max-video-preview:-1\" \/>\n<link rel=\"canonical\" href=\"https:\/\/invego.ee\/uusjarvekula\/en\/\" \/>\n<meta property=\"og:locale\" content=\"en_US\" \/>\n<meta property=\"og:type\" content=\"article\" \/>\n<meta property=\"og:title\" content=\"Linnale l\u00e4hedal, loodusele l\u00e4hemal\" \/>\n<meta property=\"og:url\" content=\"https:\/\/invego.ee\/uusjarvekula\/en\/\" \/>\n<meta property=\"og:site_name\" content=\"Uus J\u00e4rvek\u00fcla\" \/>\n<meta property=\"article:modified_time\" content=\"2026-04-13T08:06:08+00:00\" \/>\n<meta property=\"og:image\" content=\"https:\/\/invego.ee\/uusjarvekula\/wp-content\/uploads\/2021\/08\/og-image.jpg\" \/>\n\t<meta property=\"og:image:width\" content=\"1200\" \/>\n\t<meta property=\"og:image:height\" content=\"630\" \/>\n\t<meta property=\"og:image:type\" content=\"image\/jpeg\" \/>\n<meta name=\"twitter:card\" content=\"summary_large_image\" \/>\n<script type=\"application\/ld+json\" class=\"yoast-schema-graph\">{\"@context\":\"https:\/\/schema.org\",\"@graph\":[{\"@type\":\"WebPage\",\"@id\":\"https:\/\/invego.ee\/uusjarvekula\/en\/\",\"url\":\"https:\/\/invego.ee\/uusjarvekula\/en\/\",\"name\":\"Linnale l\u00e4hedal, loodusele l\u00e4hemal\",\"isPartOf\":{\"@id\":\"https:\/\/invego.ee\/uusjarvekula\/en\/#website\"},\"primaryImageOfPage\":{\"@id\":\"https:\/\/invego.ee\/uusjarvekula\/en\/#primaryimage\"},\"image\":{\"@id\":\"https:\/\/invego.ee\/uusjarvekula\/en\/#primaryimage\"},\"thumbnailUrl\":\"https:\/\/invego.ee\/uusjarvekula\/wp-content\/uploads\/2021\/01\/INVEGO_tiskreoja_avakuva_EST.jpg\",\"datePublished\":\"2018-11-22T12:54:58+00:00\",\"dateModified\":\"2026-04-13T08:06:08+00:00\",\"breadcrumb\":{\"@id\":\"https:\/\/invego.ee\/uusjarvekula\/en\/#breadcrumb\"},\"inLanguage\":\"en-US\",\"potentialAction\":[{\"@type\":\"ReadAction\",\"target\":[\"https:\/\/invego.ee\/uusjarvekula\/en\/\"]}]},{\"@type\":\"ImageObject\",\"inLanguage\":\"en-US\",\"@id\":\"https:\/\/invego.ee\/uusjarvekula\/en\/#primaryimage\",\"url\":\"https:\/\/invego.ee\/uusjarvekula\/wp-content\/uploads\/2021\/01\/INVEGO_tiskreoja_avakuva_EST.jpg\",\"contentUrl\":\"https:\/\/invego.ee\/uusjarvekula\/wp-content\/uploads\/2021\/01\/INVEGO_tiskreoja_avakuva_EST.jpg\",\"width\":1920,\"height\":1080},{\"@type\":\"BreadcrumbList\",\"@id\":\"https:\/\/invego.ee\/uusjarvekula\/en\/#breadcrumb\",\"itemListElement\":[{\"@type\":\"ListItem\",\"position\":1,\"name\":\"Home\",\"item\":\"https:\/\/invego.ee\/uusjarvekula\/en\/\"},{\"@type\":\"ListItem\",\"position\":2,\"name\":\"Home page\"}]},{\"@type\":\"WebSite\",\"@id\":\"https:\/\/invego.ee\/uusjarvekula\/en\/#website\",\"url\":\"https:\/\/invego.ee\/uusjarvekula\/en\/\",\"name\":\"Uus J\u00e4rvek\u00fcla\",\"description\":\"Linnale l\u00e4hedal, loodusele l\u00e4hemal\",\"publisher\":{\"@id\":\"https:\/\/invego.ee\/uusjarvekula\/en\/#organization\"},\"potentialAction\":[{\"@type\":\"SearchAction\",\"target\":{\"@type\":\"EntryPoint\",\"urlTemplate\":\"https:\/\/invego.ee\/uusjarvekula\/en\/?s={search_term_string}\"},\"query-input\":{\"@type\":\"PropertyValueSpecification\",\"valueRequired\":true,\"valueName\":\"search_term_string\"}}],\"inLanguage\":\"en-US\"},{\"@type\":\"Organization\",\"@id\":\"https:\/\/invego.ee\/uusjarvekula\/en\/#organization\",\"name\":\"Uus J\u00e4rvek\u00fcla\",\"url\":\"https:\/\/invego.ee\/uusjarvekula\/en\/\",\"logo\":{\"@type\":\"ImageObject\",\"inLanguage\":\"en-US\",\"@id\":\"https:\/\/invego.ee\/uusjarvekula\/en\/#\/schema\/logo\/image\/\",\"url\":\"https:\/\/invego.ee\/uusjarvekula\/wp-content\/uploads\/2021\/08\/UJK_logo.svg\",\"contentUrl\":\"https:\/\/invego.ee\/uusjarvekula\/wp-content\/uploads\/2021\/08\/UJK_logo.svg\",\"width\":161,\"height\":161,\"caption\":\"Uus J\u00e4rvek\u00fcla\"},\"image\":{\"@id\":\"https:\/\/invego.ee\/uusjarvekula\/en\/#\/schema\/logo\/image\/\"}}]}<\/script>\n<!-- \/ Yoast SEO plugin. -->","yoast_head_json":{"title":"Linnale l\u00e4hedal, loodusele l\u00e4hemal","robots":{"index":"index","follow":"follow","max-snippet":"max-snippet:-1","max-image-preview":"max-image-preview:large","max-video-preview":"max-video-preview:-1"},"canonical":"https:\/\/invego.ee\/uusjarvekula\/en\/","og_locale":"en_US","og_type":"article","og_title":"Linnale l\u00e4hedal, loodusele l\u00e4hemal","og_url":"https:\/\/invego.ee\/uusjarvekula\/en\/","og_site_name":"Uus J\u00e4rvek\u00fcla","article_modified_time":"2026-04-13T08:06:08+00:00","og_image":[{"width":1200,"height":630,"url":"https:\/\/invego.ee\/uusjarvekula\/wp-content\/uploads\/2021\/08\/og-image.jpg","type":"image\/jpeg"}],"twitter_card":"summary_large_image","schema":{"@context":"https:\/\/schema.org","@graph":[{"@type":"WebPage","@id":"https:\/\/invego.ee\/uusjarvekula\/en\/","url":"https:\/\/invego.ee\/uusjarvekula\/en\/","name":"Linnale l\u00e4hedal, loodusele l\u00e4hemal","isPartOf":{"@id":"https:\/\/invego.ee\/uusjarvekula\/en\/#website"},"primaryImageOfPage":{"@id":"https:\/\/invego.ee\/uusjarvekula\/en\/#primaryimage"},"image":{"@id":"https:\/\/invego.ee\/uusjarvekula\/en\/#primaryimage"},"thumbnailUrl":"https:\/\/invego.ee\/uusjarvekula\/wp-content\/uploads\/2021\/01\/INVEGO_tiskreoja_avakuva_EST.jpg","datePublished":"2018-11-22T12:54:58+00:00","dateModified":"2026-04-13T08:06:08+00:00","breadcrumb":{"@id":"https:\/\/invego.ee\/uusjarvekula\/en\/#breadcrumb"},"inLanguage":"en-US","potentialAction":[{"@type":"ReadAction","target":["https:\/\/invego.ee\/uusjarvekula\/en\/"]}]},{"@type":"ImageObject","inLanguage":"en-US","@id":"https:\/\/invego.ee\/uusjarvekula\/en\/#primaryimage","url":"https:\/\/invego.ee\/uusjarvekula\/wp-content\/uploads\/2021\/01\/INVEGO_tiskreoja_avakuva_EST.jpg","contentUrl":"https:\/\/invego.ee\/uusjarvekula\/wp-content\/uploads\/2021\/01\/INVEGO_tiskreoja_avakuva_EST.jpg","width":1920,"height":1080},{"@type":"BreadcrumbList","@id":"https:\/\/invego.ee\/uusjarvekula\/en\/#breadcrumb","itemListElement":[{"@type":"ListItem","position":1,"name":"Home","item":"https:\/\/invego.ee\/uusjarvekula\/en\/"},{"@type":"ListItem","position":2,"name":"Home page"}]},{"@type":"WebSite","@id":"https:\/\/invego.ee\/uusjarvekula\/en\/#website","url":"https:\/\/invego.ee\/uusjarvekula\/en\/","name":"Uus J\u00e4rvek\u00fcla","description":"Linnale l\u00e4hedal, loodusele l\u00e4hemal","publisher":{"@id":"https:\/\/invego.ee\/uusjarvekula\/en\/#organization"},"potentialAction":[{"@type":"SearchAction","target":{"@type":"EntryPoint","urlTemplate":"https:\/\/invego.ee\/uusjarvekula\/en\/?s={search_term_string}"},"query-input":{"@type":"PropertyValueSpecification","valueRequired":true,"valueName":"search_term_string"}}],"inLanguage":"en-US"},{"@type":"Organization","@id":"https:\/\/invego.ee\/uusjarvekula\/en\/#organization","name":"Uus J\u00e4rvek\u00fcla","url":"https:\/\/invego.ee\/uusjarvekula\/en\/","logo":{"@type":"ImageObject","inLanguage":"en-US","@id":"https:\/\/invego.ee\/uusjarvekula\/en\/#\/schema\/logo\/image\/","url":"https:\/\/invego.ee\/uusjarvekula\/wp-content\/uploads\/2021\/08\/UJK_logo.svg","contentUrl":"https:\/\/invego.ee\/uusjarvekula\/wp-content\/uploads\/2021\/08\/UJK_logo.svg","width":161,"height":161,"caption":"Uus J\u00e4rvek\u00fcla"},"image":{"@id":"https:\/\/invego.ee\/uusjarvekula\/en\/#\/schema\/logo\/image\/"}}]}},"_links":{"self":[{"href":"https:\/\/invego.ee\/uusjarvekula\/en\/wp-json\/wp\/v2\/pages\/272","targetHints":{"allow":["GET"]}}],"collection":[{"href":"https:\/\/invego.ee\/uusjarvekula\/en\/wp-json\/wp\/v2\/pages"}],"about":[{"href":"https:\/\/invego.ee\/uusjarvekula\/en\/wp-json\/wp\/v2\/types\/page"}],"author":[{"embeddable":true,"href":"https:\/\/invego.ee\/uusjarvekula\/en\/wp-json\/wp\/v2\/users\/2"}],"replies":[{"embeddable":true,"href":"https:\/\/invego.ee\/uusjarvekula\/en\/wp-json\/wp\/v2\/comments?post=272"}],"version-history":[{"count":150,"href":"https:\/\/invego.ee\/uusjarvekula\/en\/wp-json\/wp\/v2\/pages\/272\/revisions"}],"predecessor-version":[{"id":14376,"href":"https:\/\/invego.ee\/uusjarvekula\/en\/wp-json\/wp\/v2\/pages\/272\/revisions\/14376"}],"wp:featuredmedia":[{"embeddable":true,"href":"https:\/\/invego.ee\/uusjarvekula\/en\/wp-json\/wp\/v2\/media\/6868"}],"wp:attachment":[{"href":"https:\/\/invego.ee\/uusjarvekula\/en\/wp-json\/wp\/v2\/media?parent=272"}],"curies":[{"name":"wp","href":"https:\/\/api.w.org\/{rel}","templated":true}]}}