{"id":2601,"date":"2019-06-12T07:41:41","date_gmt":"2019-06-12T07:41:41","guid":{"rendered":"https:\/\/invego.ee\/uusjarvekula\/muugiinfo\/"},"modified":"2025-12-30T15:26:38","modified_gmt":"2025-12-30T13:26:38","slug":"sales-information","status":"publish","type":"page","link":"https:\/\/invego.ee\/uusjarvekula\/en\/sales-information\/","title":{"rendered":"Sales information"},"content":{"rendered":"\n    <div id=\"salesinfo-block-block_f5d935509c055bfff4d2453d5347a8c7\" class=\"salesinfo-block\">\n        <div class=\"container\">\n            <div class=\"row\">\n                <div class=\"contacts col col-md-6 col-12\">\n                                                                                                    <div class=\"contact\">\n                                <div class=\"row flex-sm-nowrap align-items-center\">\n                                    <div class=\"image col col-sm-auto col-12\">\n                                        <div class=\"image_container\">\n                                                                                            <img loading=\"lazy\" decoding=\"async\" src=\"https:\/\/invego.ee\/uusjarvekula\/wp-content\/uploads\/2024\/11\/uusjarvekula.png\" width=\"454\" height=\"454\" alt=\"\" \/>\n                                                                                    <\/div>\n                                    <\/div>\n                                    <div class=\"information col col-sm-auto col-12 d-flex flex-column\">\n                                                                                    <h3>Markus K\u00fclaviir<\/h3>\n                                        \n                                                                                    <a href=\"tel:+372 58 501 284\">+372 58 501 284<\/a>\n                                        \n                                                                                    <a href=\"mailto:markus@invego.ee\">markus@invego.ee<\/a>\n                                        \n                                                                                    <div class=\"languages d-flex\">\n                                                                                                    <img loading=\"lazy\" decoding=\"async\" src=\"https:\/\/invego.ee\/uusjarvekula\/wp-content\/uploads\/2021\/08\/ENG.svg\" width=\"19\" height=\"11\" alt=\"\" \/>\n                                                                                                    <img loading=\"lazy\" decoding=\"async\" src=\"https:\/\/invego.ee\/uusjarvekula\/wp-content\/uploads\/2021\/08\/EST.svg\" width=\"19\" height=\"11\" alt=\"\" \/>\n                                                                                            <\/div>\n                                                                            <\/div>\n                                <\/div>\n                            <\/div>\n                                                                                <div class=\"contact\">\n                                <div class=\"row flex-sm-nowrap align-items-center\">\n                                    <div class=\"image col col-sm-auto col-12\">\n                                        <div class=\"image_container\">\n                                                                                            <img loading=\"lazy\" decoding=\"async\" src=\"https:\/\/invego.ee\/uusjarvekula\/wp-content\/uploads\/2025\/12\/Raul-andersson.png\" width=\"454\" height=\"454\" alt=\"\" \/>\n                                                                                    <\/div>\n                                    <\/div>\n                                    <div class=\"information col col-sm-auto col-12 d-flex flex-column\">\n                                                                                    <h3>Marge Kriis<\/h3>\n                                        \n                                                                                    <a href=\"tel:+372 53941883\">+372 53941883<\/a>\n                                        \n                                                                                    <a href=\"mailto:marge@invego.ee\">marge@invego.ee<\/a>\n                                        \n                                                                                    <div class=\"languages d-flex\">\n                                                                                                    <img loading=\"lazy\" decoding=\"async\" src=\"https:\/\/invego.ee\/uusjarvekula\/wp-content\/uploads\/2021\/08\/EST.svg\" width=\"19\" height=\"11\" alt=\"\" \/>\n                                                                                                    <img loading=\"lazy\" decoding=\"async\" src=\"https:\/\/invego.ee\/uusjarvekula\/wp-content\/uploads\/2021\/08\/RUS.svg\" width=\"19\" height=\"11\" alt=\"\" \/>\n                                                                                                    <img loading=\"lazy\" decoding=\"async\" src=\"https:\/\/invego.ee\/uusjarvekula\/wp-content\/uploads\/2021\/08\/ENG.svg\" width=\"19\" height=\"11\" alt=\"\" \/>\n                                                                                                    <img loading=\"lazy\" decoding=\"async\" src=\"https:\/\/invego.ee\/uusjarvekula\/wp-content\/uploads\/2021\/08\/FIN.svg\" width=\"19\" height=\"11\" alt=\"\" \/>\n                                                                                            <\/div>\n                                                                            <\/div>\n                                <\/div>\n                            <\/div>\n                                                                                <div class=\"contact\">\n                                <div class=\"row flex-sm-nowrap align-items-center\">\n                                    <div class=\"image col col-sm-auto col-12\">\n                                        <div class=\"image_container\">\n                                                                                            <img loading=\"lazy\" decoding=\"async\" src=\"https:\/\/invego.ee\/uusjarvekula\/wp-content\/uploads\/2024\/04\/Sandra-Alliksaar_Luccaranna_UJ.png\" width=\"454\" height=\"453\" alt=\"\" \/>\n                                                                                    <\/div>\n                                    <\/div>\n                                    <div class=\"information col col-sm-auto col-12 d-flex flex-column\">\n                                                                                    <h3>Sandra Alliksaar<\/h3>\n                                        \n                                                                                    <a href=\"tel:+372 59 007 027\">+372 59 007 027<\/a>\n                                        \n                                                                                    <a href=\"mailto:sandra@invego.ee\">sandra@invego.ee<\/a>\n                                        \n                                                                                    <div class=\"languages d-flex\">\n                                                                                                    <img loading=\"lazy\" decoding=\"async\" src=\"https:\/\/invego.ee\/uusjarvekula\/wp-content\/uploads\/2021\/08\/EST.svg\" width=\"19\" height=\"11\" alt=\"\" \/>\n                                                                                                    <img loading=\"lazy\" decoding=\"async\" src=\"https:\/\/invego.ee\/uusjarvekula\/wp-content\/uploads\/2021\/08\/ENG.svg\" width=\"19\" height=\"11\" alt=\"\" \/>\n                                                                                                    <img loading=\"lazy\" decoding=\"async\" src=\"https:\/\/invego.ee\/uusjarvekula\/wp-content\/uploads\/2024\/04\/Sweden_invego.svg\" width=\"19\" height=\"11\" alt=\"\" \/>\n                                                                                            <\/div>\n                                                                            <\/div>\n                                <\/div>\n                            <\/div>\n                                                            <\/div>\n                <div class=\"text col col-md-6 col-12\">\n                                            <p><strong>Booking a terraced house<\/strong><br \/>\nThe client will enter into a booking agreement, which shall be valid until the conclusion of a contract under the law of obligations (up to 4 weeks). In order to confirm their purchase desire, the buyer will make an advance payment in the amount of 5000 euros upon entry into the booking contract.<\/p>\n<p><strong>Contract under the law of obligations<\/strong><br \/>\nA notarial sales contract under the law of obligations will be concluded with the client, agreeing on all details of the transaction. In the case a contract governed by the law of obligations, the buyer shall pay 15% of the value of the sales and purchase transaction.<\/p>\n<p><strong>Real right contract<\/strong><br \/>\nOnce the building is finished, a notarial real right contract will be concluded, the buyer will pay the remaining part of the sales-purchase price and the ownership of the terraced house will be transferred.<\/p>\n<p><strong>The price of the contract includes<\/strong><br \/>\n&gt; parking space, storeroom;<br \/>\n&gt; final completion of the terraced house in accordance with project documentation;<br \/>\n&gt; fee for the establishment of and connection to the utility networks (water, electricity, sewage, heating, ventilation);<br \/>\n&gt; readiness for data communication.<br \/>\n&gt;The five year guarantee is valid for all clients who have signed a contract under the law of obligations from 19.10.2023<\/p>\n<p><strong>The price of the contract does not include<\/strong><br \/>\n&gt; notarial fees and the state fee for entry into the sales contract (paid by the buyer);<br \/>\n&gt; connection charges for data communication, cable TV, telephone communication and security.<\/p>\n<p>The developer reserves the right to change the prices.<\/p>\n                                    <\/div>\n            <\/div>\n        <\/div>\n    <\/div>\n\n\n\n\n<div id=\"salesinfo-loan-block-block_ac2e421497d8da354cb204a1a593fff3\" class=\"salesinfo-loan-block container d-flex\">\n                        <div class=\"col-lg-4 col-12 d-flex flex-column justify-content-center align-items-center border\">\n            \n            \n            \n                <p>Home helps to buy<\/p>\n                <img decoding=\"async\" src=\"https:\/\/invego.ee\/uusjarvekula\/wp-content\/uploads\/2023\/05\/coop_pank_logo_must-1.svg\" alt=\"\">\n                                <a class=\"loan_link\" href=\"https:\/\/www.cooppank.ee\/en\/home-loan\" target=\"_blank\">Ask for an offer<\/a>\n                                <div class=\"loan_aft_img_content\">\n                                    <\/div>\n\n            <\/div>\n                    <div class=\"col-lg-4 col-12 d-flex flex-column justify-content-center align-items-center border\">\n            \n            \n            \n                <p>Home helps to buy<\/p>\n                <img decoding=\"async\" src=\"https:\/\/invego.ee\/uusjarvekula\/wp-content\/uploads\/2022\/04\/lhv-logo.svg\" alt=\"\">\n                                <a class=\"loan_link\" href=\"https:\/\/www.lhv.ee\/kodulaen\" target=\"_blank\">Ask for an offer<\/a>\n                                <div class=\"loan_aft_img_content\">\n                                        <p>More info: Iti Pihlak,\u00a0<a href=\"mailto:iti@lhv.ee\">iti@lhv.ee<\/a>,<br \/>\n+372 684 6968<\/p>\n                                    <\/div>\n\n            <\/div>\n                    <div class=\"col-lg-4 col-12 d-flex flex-column justify-content-center align-items-center border\">\n            \n            \n            \n                <p>Home helps to buy<\/p>\n                <img decoding=\"async\" src=\"https:\/\/invego.ee\/uusjarvekula\/wp-content\/uploads\/2022\/04\/luminor_must.svg\" alt=\"\">\n                                <a class=\"loan_link\" href=\"http:\/\/luminor.ee\/retail\/mortgage-loan?m=mortgage-loan-application&#038;special_code=PARINV\" target=\"_blank\">Ask for an offer<\/a>\n                                <div class=\"loan_aft_img_content\">\n                                        <p>Partner code: INVEGO<\/p>\n                                    <\/div>\n\n            <\/div>\n            <\/div>","protected":false},"excerpt":{"rendered":"","protected":false},"author":2,"featured_media":0,"parent":0,"menu_order":113,"comment_status":"closed","ping_status":"closed","template":"","meta":{"_acf_changed":false,"footnotes":""},"class_list":["post-2601","page","type-page","status-publish","hentry"],"acf":[],"yoast_head":"<!-- This site is optimized with the Yoast SEO plugin v24.9 - https:\/\/yoast.com\/wordpress\/plugins\/seo\/ -->\n<title>Sales information - Uus J\u00e4rvek\u00fcla<\/title>\n<meta name=\"robots\" content=\"index, follow, max-snippet:-1, max-image-preview:large, max-video-preview:-1\" \/>\n<link rel=\"canonical\" href=\"https:\/\/invego.ee\/uusjarvekula\/en\/sales-information\/\" \/>\n<meta property=\"og:locale\" content=\"en_US\" \/>\n<meta property=\"og:type\" content=\"article\" \/>\n<meta property=\"og:title\" content=\"Sales information - Uus J\u00e4rvek\u00fcla\" \/>\n<meta property=\"og:url\" content=\"https:\/\/invego.ee\/uusjarvekula\/en\/sales-information\/\" \/>\n<meta property=\"og:site_name\" content=\"Uus J\u00e4rvek\u00fcla\" \/>\n<meta property=\"article:modified_time\" content=\"2025-12-30T13:26:38+00:00\" \/>\n<meta property=\"og:image\" content=\"https:\/\/invego.ee\/uusjarvekula\/wp-content\/uploads\/2021\/08\/og-image.jpg\" \/>\n\t<meta property=\"og:image:width\" content=\"1200\" \/>\n\t<meta property=\"og:image:height\" content=\"630\" \/>\n\t<meta property=\"og:image:type\" content=\"image\/jpeg\" \/>\n<meta name=\"twitter:card\" content=\"summary_large_image\" \/>\n<script type=\"application\/ld+json\" class=\"yoast-schema-graph\">{\"@context\":\"https:\/\/schema.org\",\"@graph\":[{\"@type\":\"WebPage\",\"@id\":\"https:\/\/invego.ee\/uusjarvekula\/en\/sales-information\/\",\"url\":\"https:\/\/invego.ee\/uusjarvekula\/en\/sales-information\/\",\"name\":\"Sales information - Uus J\u00e4rvek\u00fcla\",\"isPartOf\":{\"@id\":\"https:\/\/invego.ee\/uusjarvekula\/en\/#website\"},\"datePublished\":\"2019-06-12T07:41:41+00:00\",\"dateModified\":\"2025-12-30T13:26:38+00:00\",\"breadcrumb\":{\"@id\":\"https:\/\/invego.ee\/uusjarvekula\/en\/sales-information\/#breadcrumb\"},\"inLanguage\":\"en-US\",\"potentialAction\":[{\"@type\":\"ReadAction\",\"target\":[\"https:\/\/invego.ee\/uusjarvekula\/en\/sales-information\/\"]}]},{\"@type\":\"BreadcrumbList\",\"@id\":\"https:\/\/invego.ee\/uusjarvekula\/en\/sales-information\/#breadcrumb\",\"itemListElement\":[{\"@type\":\"ListItem\",\"position\":1,\"name\":\"Home\",\"item\":\"https:\/\/invego.ee\/uusjarvekula\/en\/\"},{\"@type\":\"ListItem\",\"position\":2,\"name\":\"Sales information\"}]},{\"@type\":\"WebSite\",\"@id\":\"https:\/\/invego.ee\/uusjarvekula\/en\/#website\",\"url\":\"https:\/\/invego.ee\/uusjarvekula\/en\/\",\"name\":\"Uus J\u00e4rvek\u00fcla\",\"description\":\"Linnale l\u00e4hedal, loodusele l\u00e4hemal\",\"publisher\":{\"@id\":\"https:\/\/invego.ee\/uusjarvekula\/en\/#organization\"},\"potentialAction\":[{\"@type\":\"SearchAction\",\"target\":{\"@type\":\"EntryPoint\",\"urlTemplate\":\"https:\/\/invego.ee\/uusjarvekula\/en\/?s={search_term_string}\"},\"query-input\":{\"@type\":\"PropertyValueSpecification\",\"valueRequired\":true,\"valueName\":\"search_term_string\"}}],\"inLanguage\":\"en-US\"},{\"@type\":\"Organization\",\"@id\":\"https:\/\/invego.ee\/uusjarvekula\/en\/#organization\",\"name\":\"Uus J\u00e4rvek\u00fcla\",\"url\":\"https:\/\/invego.ee\/uusjarvekula\/en\/\",\"logo\":{\"@type\":\"ImageObject\",\"inLanguage\":\"en-US\",\"@id\":\"https:\/\/invego.ee\/uusjarvekula\/en\/#\/schema\/logo\/image\/\",\"url\":\"https:\/\/invego.ee\/uusjarvekula\/wp-content\/uploads\/2021\/08\/UJK_logo.svg\",\"contentUrl\":\"https:\/\/invego.ee\/uusjarvekula\/wp-content\/uploads\/2021\/08\/UJK_logo.svg\",\"width\":161,\"height\":161,\"caption\":\"Uus J\u00e4rvek\u00fcla\"},\"image\":{\"@id\":\"https:\/\/invego.ee\/uusjarvekula\/en\/#\/schema\/logo\/image\/\"}}]}<\/script>\n<!-- \/ Yoast SEO plugin. -->","yoast_head_json":{"title":"Sales information - Uus J\u00e4rvek\u00fcla","robots":{"index":"index","follow":"follow","max-snippet":"max-snippet:-1","max-image-preview":"max-image-preview:large","max-video-preview":"max-video-preview:-1"},"canonical":"https:\/\/invego.ee\/uusjarvekula\/en\/sales-information\/","og_locale":"en_US","og_type":"article","og_title":"Sales information - Uus J\u00e4rvek\u00fcla","og_url":"https:\/\/invego.ee\/uusjarvekula\/en\/sales-information\/","og_site_name":"Uus J\u00e4rvek\u00fcla","article_modified_time":"2025-12-30T13:26:38+00:00","og_image":[{"width":1200,"height":630,"url":"https:\/\/invego.ee\/uusjarvekula\/wp-content\/uploads\/2021\/08\/og-image.jpg","type":"image\/jpeg"}],"twitter_card":"summary_large_image","schema":{"@context":"https:\/\/schema.org","@graph":[{"@type":"WebPage","@id":"https:\/\/invego.ee\/uusjarvekula\/en\/sales-information\/","url":"https:\/\/invego.ee\/uusjarvekula\/en\/sales-information\/","name":"Sales information - Uus J\u00e4rvek\u00fcla","isPartOf":{"@id":"https:\/\/invego.ee\/uusjarvekula\/en\/#website"},"datePublished":"2019-06-12T07:41:41+00:00","dateModified":"2025-12-30T13:26:38+00:00","breadcrumb":{"@id":"https:\/\/invego.ee\/uusjarvekula\/en\/sales-information\/#breadcrumb"},"inLanguage":"en-US","potentialAction":[{"@type":"ReadAction","target":["https:\/\/invego.ee\/uusjarvekula\/en\/sales-information\/"]}]},{"@type":"BreadcrumbList","@id":"https:\/\/invego.ee\/uusjarvekula\/en\/sales-information\/#breadcrumb","itemListElement":[{"@type":"ListItem","position":1,"name":"Home","item":"https:\/\/invego.ee\/uusjarvekula\/en\/"},{"@type":"ListItem","position":2,"name":"Sales information"}]},{"@type":"WebSite","@id":"https:\/\/invego.ee\/uusjarvekula\/en\/#website","url":"https:\/\/invego.ee\/uusjarvekula\/en\/","name":"Uus J\u00e4rvek\u00fcla","description":"Linnale l\u00e4hedal, loodusele l\u00e4hemal","publisher":{"@id":"https:\/\/invego.ee\/uusjarvekula\/en\/#organization"},"potentialAction":[{"@type":"SearchAction","target":{"@type":"EntryPoint","urlTemplate":"https:\/\/invego.ee\/uusjarvekula\/en\/?s={search_term_string}"},"query-input":{"@type":"PropertyValueSpecification","valueRequired":true,"valueName":"search_term_string"}}],"inLanguage":"en-US"},{"@type":"Organization","@id":"https:\/\/invego.ee\/uusjarvekula\/en\/#organization","name":"Uus J\u00e4rvek\u00fcla","url":"https:\/\/invego.ee\/uusjarvekula\/en\/","logo":{"@type":"ImageObject","inLanguage":"en-US","@id":"https:\/\/invego.ee\/uusjarvekula\/en\/#\/schema\/logo\/image\/","url":"https:\/\/invego.ee\/uusjarvekula\/wp-content\/uploads\/2021\/08\/UJK_logo.svg","contentUrl":"https:\/\/invego.ee\/uusjarvekula\/wp-content\/uploads\/2021\/08\/UJK_logo.svg","width":161,"height":161,"caption":"Uus J\u00e4rvek\u00fcla"},"image":{"@id":"https:\/\/invego.ee\/uusjarvekula\/en\/#\/schema\/logo\/image\/"}}]}},"_links":{"self":[{"href":"https:\/\/invego.ee\/uusjarvekula\/en\/wp-json\/wp\/v2\/pages\/2601","targetHints":{"allow":["GET"]}}],"collection":[{"href":"https:\/\/invego.ee\/uusjarvekula\/en\/wp-json\/wp\/v2\/pages"}],"about":[{"href":"https:\/\/invego.ee\/uusjarvekula\/en\/wp-json\/wp\/v2\/types\/page"}],"author":[{"embeddable":true,"href":"https:\/\/invego.ee\/uusjarvekula\/en\/wp-json\/wp\/v2\/users\/2"}],"replies":[{"embeddable":true,"href":"https:\/\/invego.ee\/uusjarvekula\/en\/wp-json\/wp\/v2\/comments?post=2601"}],"version-history":[{"count":43,"href":"https:\/\/invego.ee\/uusjarvekula\/en\/wp-json\/wp\/v2\/pages\/2601\/revisions"}],"predecessor-version":[{"id":14300,"href":"https:\/\/invego.ee\/uusjarvekula\/en\/wp-json\/wp\/v2\/pages\/2601\/revisions\/14300"}],"wp:attachment":[{"href":"https:\/\/invego.ee\/uusjarvekula\/en\/wp-json\/wp\/v2\/media?parent=2601"}],"curies":[{"name":"wp","href":"https:\/\/api.w.org\/{rel}","templated":true}]}}