{"id":11341,"date":"2022-03-25T10:36:01","date_gmt":"2022-03-25T08:36:01","guid":{"rendered":"https:\/\/invego.ee\/uusjarvekula\/viimistlus\/"},"modified":"2025-06-12T09:53:22","modified_gmt":"2025-06-12T06:53:22","slug":"finishes","status":"publish","type":"page","link":"https:\/\/invego.ee\/uusjarvekula\/en\/finishes\/","title":{"rendered":"Finishes"},"content":{"rendered":"\n    <div id=\"finishes-block-block_58292308a86d95747cb94c331a60c47d\" class=\"finishes-block\">\n        <div class=\"container\">\n            <div class=\"row justify-content-center\">\n                                                                                <div class=\"single_finish col-lg-3 col-12\">\n                            <div class=\"d-flex justify-content-center align-items-center\">\n                                                                    <div class=\"finish_image\" style=\"background-image:url('https:\/\/invego.ee\/uusjarvekula\/wp-content\/uploads\/2022\/03\/Uus-Jarvekula_paketid_Koit_338x669.jpg');\"><\/div>\n                                \n                                <div class=\"overlay\"><\/div>\n                                <div class=\"extra_fees_wrap\">\n                                                                    <\/div>\n                                <div class=\"content\">\n                                                                            <h2>Koit<\/h2>\n                                    \n                                    \n                                                                            <a href=\"https:\/\/invego.ee\/uusjarvekula\/wp-content\/uploads\/2023\/03\/Uus-Jarvekula_paketid_Koit.pdf\" target=\"_blank\" class=\"btn\">View more<\/a>\n                                    \n                                                                    <\/div>\n                            <\/div>\n                        <\/div>\n                                                                                                    <div class=\"single_finish col-lg-3 col-12\">\n                            <div class=\"d-flex justify-content-center align-items-center\">\n                                                                    <div class=\"finish_image\" style=\"background-image:url('https:\/\/invego.ee\/uusjarvekula\/wp-content\/uploads\/2022\/03\/Uus-Jarvekula_paketid_Kuma_338x669.jpg');\"><\/div>\n                                \n                                <div class=\"overlay\"><\/div>\n                                <div class=\"extra_fees_wrap\">\n                                                                    <\/div>\n                                <div class=\"content\">\n                                                                            <h2>Kuma<\/h2>\n                                    \n                                    \n                                                                            <a href=\"https:\/\/invego.ee\/uusjarvekula\/wp-content\/uploads\/2023\/03\/Uus-Jarvekula_paketid_Kuma.pdf\" target=\"_blank\" class=\"btn\">View more<\/a>\n                                    \n                                                                    <\/div>\n                            <\/div>\n                        <\/div>\n                                                                                                    <div class=\"single_finish col-lg-3 col-12\">\n                            <div class=\"d-flex justify-content-center align-items-center\">\n                                                                    <div class=\"finish_image\" style=\"background-image:url('https:\/\/invego.ee\/uusjarvekula\/wp-content\/uploads\/2022\/03\/Uus-Jarvekula_paketid_Hele_338x669.jpg');\"><\/div>\n                                \n                                <div class=\"overlay\"><\/div>\n                                <div class=\"extra_fees_wrap\">\n                                                                            <p class=\"extra_fees\">EXTRA CHARGE<\/p>\n                                                                    <\/div>\n                                <div class=\"content\">\n                                                                            <h2>Hele<\/h2>\n                                    \n                                    \n                                                                            <a href=\"https:\/\/invego.ee\/uusjarvekula\/wp-content\/uploads\/2025\/06\/Uus-Jarvekula_paketid_HELE_11_06_2025.pdf\" target=\"_blank\" class=\"btn\">View more<\/a>\n                                    \n                                                                    <\/div>\n                            <\/div>\n                        <\/div>\n                                                                                                    <div class=\"single_finish col-lg-3 col-12\">\n                            <div class=\"d-flex justify-content-center align-items-center\">\n                                                                    <div class=\"finish_image\" style=\"background-image:url('https:\/\/invego.ee\/uusjarvekula\/wp-content\/uploads\/2022\/03\/Uus-Jarvekula_paketid_Sara_338x669.jpg');\"><\/div>\n                                \n                                <div class=\"overlay\"><\/div>\n                                <div class=\"extra_fees_wrap\">\n                                                                            <p class=\"extra_fees\">EXTRA CHARGE<\/p>\n                                                                    <\/div>\n                                <div class=\"content\">\n                                                                            <h2>S\u00e4ra<\/h2>\n                                    \n                                    \n                                                                            <a href=\"https:\/\/invego.ee\/uusjarvekula\/wp-content\/uploads\/2023\/05\/Uus-Jarvekula_paketid_SARA_02.05.pdf\" target=\"_blank\" class=\"btn\">View more<\/a>\n                                    \n                                                                    <\/div>\n                            <\/div>\n                        <\/div>\n                                                                <\/div>\n        <\/div>\n    <\/div>\n\n\n\n<div class=\"content-link-block\">\n    <div class=\"container d-flex flex-column justify-content-center align-items-center\">\n        <div class=\"txt-wrap\">\n            <h2 style=\"text-align: center;\">Additions at extra cost<\/h2>\n<p style=\"text-align: center;\">A chance to improve your home<\/p>\n                                            <a class=\"pink-btn\" href=\"https:\/\/invego.ee\/uusjarvekula\/en\/additions-at-extra-cost\/\" target=\"_self\">ADDITIONS AT EXTRA COST<\/a>\n                    <\/div>\n    <\/div>\n<\/div>","protected":false},"excerpt":{"rendered":"","protected":false},"author":2,"featured_media":0,"parent":0,"menu_order":1,"comment_status":"closed","ping_status":"closed","template":"","meta":{"_acf_changed":false,"footnotes":""},"class_list":["post-11341","page","type-page","status-publish","hentry"],"acf":[],"yoast_head":"<!-- This site is optimized with the Yoast SEO plugin v24.9 - https:\/\/yoast.com\/wordpress\/plugins\/seo\/ -->\n<title>Finishes - Uus J\u00e4rvek\u00fcla<\/title>\n<meta name=\"robots\" content=\"index, follow, max-snippet:-1, max-image-preview:large, max-video-preview:-1\" \/>\n<link rel=\"canonical\" href=\"https:\/\/invego.ee\/uusjarvekula\/en\/finishes\/\" \/>\n<meta property=\"og:locale\" content=\"en_US\" \/>\n<meta property=\"og:type\" content=\"article\" \/>\n<meta property=\"og:title\" content=\"Finishes - Uus J\u00e4rvek\u00fcla\" \/>\n<meta property=\"og:url\" content=\"https:\/\/invego.ee\/uusjarvekula\/en\/finishes\/\" \/>\n<meta property=\"og:site_name\" content=\"Uus J\u00e4rvek\u00fcla\" \/>\n<meta property=\"article:modified_time\" content=\"2025-06-12T06:53:22+00:00\" \/>\n<meta property=\"og:image\" content=\"https:\/\/invego.ee\/uusjarvekula\/wp-content\/uploads\/2021\/08\/og-image.jpg\" \/>\n\t<meta property=\"og:image:width\" content=\"1200\" \/>\n\t<meta property=\"og:image:height\" content=\"630\" \/>\n\t<meta property=\"og:image:type\" content=\"image\/jpeg\" \/>\n<meta name=\"twitter:card\" content=\"summary_large_image\" \/>\n<script type=\"application\/ld+json\" class=\"yoast-schema-graph\">{\"@context\":\"https:\/\/schema.org\",\"@graph\":[{\"@type\":\"WebPage\",\"@id\":\"https:\/\/invego.ee\/uusjarvekula\/en\/finishes\/\",\"url\":\"https:\/\/invego.ee\/uusjarvekula\/en\/finishes\/\",\"name\":\"Finishes - Uus J\u00e4rvek\u00fcla\",\"isPartOf\":{\"@id\":\"https:\/\/invego.ee\/uusjarvekula\/en\/#website\"},\"datePublished\":\"2022-03-25T08:36:01+00:00\",\"dateModified\":\"2025-06-12T06:53:22+00:00\",\"breadcrumb\":{\"@id\":\"https:\/\/invego.ee\/uusjarvekula\/en\/finishes\/#breadcrumb\"},\"inLanguage\":\"en-US\",\"potentialAction\":[{\"@type\":\"ReadAction\",\"target\":[\"https:\/\/invego.ee\/uusjarvekula\/en\/finishes\/\"]}]},{\"@type\":\"BreadcrumbList\",\"@id\":\"https:\/\/invego.ee\/uusjarvekula\/en\/finishes\/#breadcrumb\",\"itemListElement\":[{\"@type\":\"ListItem\",\"position\":1,\"name\":\"Home\",\"item\":\"https:\/\/invego.ee\/uusjarvekula\/en\/\"},{\"@type\":\"ListItem\",\"position\":2,\"name\":\"Finishes\"}]},{\"@type\":\"WebSite\",\"@id\":\"https:\/\/invego.ee\/uusjarvekula\/en\/#website\",\"url\":\"https:\/\/invego.ee\/uusjarvekula\/en\/\",\"name\":\"Uus J\u00e4rvek\u00fcla\",\"description\":\"Linnale l\u00e4hedal, loodusele l\u00e4hemal\",\"publisher\":{\"@id\":\"https:\/\/invego.ee\/uusjarvekula\/en\/#organization\"},\"potentialAction\":[{\"@type\":\"SearchAction\",\"target\":{\"@type\":\"EntryPoint\",\"urlTemplate\":\"https:\/\/invego.ee\/uusjarvekula\/en\/?s={search_term_string}\"},\"query-input\":{\"@type\":\"PropertyValueSpecification\",\"valueRequired\":true,\"valueName\":\"search_term_string\"}}],\"inLanguage\":\"en-US\"},{\"@type\":\"Organization\",\"@id\":\"https:\/\/invego.ee\/uusjarvekula\/en\/#organization\",\"name\":\"Uus J\u00e4rvek\u00fcla\",\"url\":\"https:\/\/invego.ee\/uusjarvekula\/en\/\",\"logo\":{\"@type\":\"ImageObject\",\"inLanguage\":\"en-US\",\"@id\":\"https:\/\/invego.ee\/uusjarvekula\/en\/#\/schema\/logo\/image\/\",\"url\":\"https:\/\/invego.ee\/uusjarvekula\/wp-content\/uploads\/2021\/08\/UJK_logo.svg\",\"contentUrl\":\"https:\/\/invego.ee\/uusjarvekula\/wp-content\/uploads\/2021\/08\/UJK_logo.svg\",\"width\":161,\"height\":161,\"caption\":\"Uus J\u00e4rvek\u00fcla\"},\"image\":{\"@id\":\"https:\/\/invego.ee\/uusjarvekula\/en\/#\/schema\/logo\/image\/\"}}]}<\/script>\n<!-- \/ Yoast SEO plugin. -->","yoast_head_json":{"title":"Finishes - Uus J\u00e4rvek\u00fcla","robots":{"index":"index","follow":"follow","max-snippet":"max-snippet:-1","max-image-preview":"max-image-preview:large","max-video-preview":"max-video-preview:-1"},"canonical":"https:\/\/invego.ee\/uusjarvekula\/en\/finishes\/","og_locale":"en_US","og_type":"article","og_title":"Finishes - Uus J\u00e4rvek\u00fcla","og_url":"https:\/\/invego.ee\/uusjarvekula\/en\/finishes\/","og_site_name":"Uus J\u00e4rvek\u00fcla","article_modified_time":"2025-06-12T06:53:22+00:00","og_image":[{"width":1200,"height":630,"url":"https:\/\/invego.ee\/uusjarvekula\/wp-content\/uploads\/2021\/08\/og-image.jpg","type":"image\/jpeg"}],"twitter_card":"summary_large_image","schema":{"@context":"https:\/\/schema.org","@graph":[{"@type":"WebPage","@id":"https:\/\/invego.ee\/uusjarvekula\/en\/finishes\/","url":"https:\/\/invego.ee\/uusjarvekula\/en\/finishes\/","name":"Finishes - Uus J\u00e4rvek\u00fcla","isPartOf":{"@id":"https:\/\/invego.ee\/uusjarvekula\/en\/#website"},"datePublished":"2022-03-25T08:36:01+00:00","dateModified":"2025-06-12T06:53:22+00:00","breadcrumb":{"@id":"https:\/\/invego.ee\/uusjarvekula\/en\/finishes\/#breadcrumb"},"inLanguage":"en-US","potentialAction":[{"@type":"ReadAction","target":["https:\/\/invego.ee\/uusjarvekula\/en\/finishes\/"]}]},{"@type":"BreadcrumbList","@id":"https:\/\/invego.ee\/uusjarvekula\/en\/finishes\/#breadcrumb","itemListElement":[{"@type":"ListItem","position":1,"name":"Home","item":"https:\/\/invego.ee\/uusjarvekula\/en\/"},{"@type":"ListItem","position":2,"name":"Finishes"}]},{"@type":"WebSite","@id":"https:\/\/invego.ee\/uusjarvekula\/en\/#website","url":"https:\/\/invego.ee\/uusjarvekula\/en\/","name":"Uus J\u00e4rvek\u00fcla","description":"Linnale l\u00e4hedal, loodusele l\u00e4hemal","publisher":{"@id":"https:\/\/invego.ee\/uusjarvekula\/en\/#organization"},"potentialAction":[{"@type":"SearchAction","target":{"@type":"EntryPoint","urlTemplate":"https:\/\/invego.ee\/uusjarvekula\/en\/?s={search_term_string}"},"query-input":{"@type":"PropertyValueSpecification","valueRequired":true,"valueName":"search_term_string"}}],"inLanguage":"en-US"},{"@type":"Organization","@id":"https:\/\/invego.ee\/uusjarvekula\/en\/#organization","name":"Uus J\u00e4rvek\u00fcla","url":"https:\/\/invego.ee\/uusjarvekula\/en\/","logo":{"@type":"ImageObject","inLanguage":"en-US","@id":"https:\/\/invego.ee\/uusjarvekula\/en\/#\/schema\/logo\/image\/","url":"https:\/\/invego.ee\/uusjarvekula\/wp-content\/uploads\/2021\/08\/UJK_logo.svg","contentUrl":"https:\/\/invego.ee\/uusjarvekula\/wp-content\/uploads\/2021\/08\/UJK_logo.svg","width":161,"height":161,"caption":"Uus J\u00e4rvek\u00fcla"},"image":{"@id":"https:\/\/invego.ee\/uusjarvekula\/en\/#\/schema\/logo\/image\/"}}]}},"_links":{"self":[{"href":"https:\/\/invego.ee\/uusjarvekula\/en\/wp-json\/wp\/v2\/pages\/11341","targetHints":{"allow":["GET"]}}],"collection":[{"href":"https:\/\/invego.ee\/uusjarvekula\/en\/wp-json\/wp\/v2\/pages"}],"about":[{"href":"https:\/\/invego.ee\/uusjarvekula\/en\/wp-json\/wp\/v2\/types\/page"}],"author":[{"embeddable":true,"href":"https:\/\/invego.ee\/uusjarvekula\/en\/wp-json\/wp\/v2\/users\/2"}],"replies":[{"embeddable":true,"href":"https:\/\/invego.ee\/uusjarvekula\/en\/wp-json\/wp\/v2\/comments?post=11341"}],"version-history":[{"count":47,"href":"https:\/\/invego.ee\/uusjarvekula\/en\/wp-json\/wp\/v2\/pages\/11341\/revisions"}],"predecessor-version":[{"id":13988,"href":"https:\/\/invego.ee\/uusjarvekula\/en\/wp-json\/wp\/v2\/pages\/11341\/revisions\/13988"}],"wp:attachment":[{"href":"https:\/\/invego.ee\/uusjarvekula\/en\/wp-json\/wp\/v2\/media?parent=11341"}],"curies":[{"name":"wp","href":"https:\/\/api.w.org\/{rel}","templated":true}]}}