{"id":1547,"date":"2019-06-12T07:41:41","date_gmt":"2019-06-12T07:41:41","guid":{"rendered":"https:\/\/invego.ee\/tiskreoja\/?page_id=1547"},"modified":"2025-03-13T15:10:14","modified_gmt":"2025-03-13T13:10:14","slug":"muugiinfo","status":"publish","type":"page","link":"https:\/\/invego.ee\/tiskreoja\/muugiinfo\/","title":{"rendered":"M\u00fc\u00fcgiinfo"},"content":{"rendered":"\n<h6>KORTERI BRONEERIMINE<\/h6>\n<p>Kliendiga s\u00f5lmitakse broneerimiskokkulepe, mis kehtib v\u00f5la\u00f5igusliku lepingu s\u00f5lmimiseni (kuni 4 n\u00e4dalat). Ostusoovi kinnitamiseks tasub ostja broneerimislepingu s\u00f5lmimisel 5000 euro suuruse ettemakse.<\/p>\n\n\n\n<div style=\"height:40px\" aria-hidden=\"true\" class=\"wp-block-spacer\"><\/div>\n\n\n\n<h6>V\u00d5LA\u00d5IGUSLIK LEPING<\/h6>\n<p>Kliendiga s\u00f5lmitakse notariaalne v\u00f5la\u00f5iguslik m\u00fc\u00fcgileping, milles lepitakse kokku k\u00f5ik tehingu detailid. V\u00f5la\u00f5igusliku lepingu eelduseks on ostja poolt tasutud 15% ostu-m\u00fc\u00fcgi tehingu v\u00e4\u00e4rtusest.<\/p>\n\n\n\n<div style=\"height:40px\" aria-hidden=\"true\" class=\"wp-block-spacer\"><\/div>\n\n\n\n<h6>ASJA\u00d5IGUSLIK LEPING<\/h6>\n<p>Kui hoone on valmis, s\u00f5lmitakse notariaalne asja\u00f5iguslik leping, ostja tasub \u00fclej\u00e4\u00e4nud osa ostu-m\u00fc\u00fcgihinnast ning toimub korteri omandi\u00f5iguse \u00fcleminek<\/p>\n\n\n\n<div style=\"height:40px\" aria-hidden=\"true\" class=\"wp-block-spacer\"><\/div>\n\n\n\n<h6>LEPINGU HINNAS SISALDUB<\/h6>\n<blockquote>\n<p>korteri \/ ridaelamu l\u00f5plik valmidus vastavalt projektdokumentatsioonile;<br>&gt; tasu tehnov\u00f5rkude rajamise ja liitumise eest (vesi, elekter, kanalisatsioon, k\u00fcte, ventilatsioon);<br>&gt; andmeside valmidus.<br>&gt; 5a garantii kehtib alates 19.10.2023 ostnud v\u00f5la\u00f5iguslepingu s\u00f5lminud klientidele.<\/p>\n<\/blockquote>\n\n\n\n<div style=\"height:40px\" aria-hidden=\"true\" class=\"wp-block-spacer\"><\/div>\n\n\n\n<h6>\u00a0LEPINGU HINNAS EI SISALDU<\/h6>\n<blockquote>\n<p>parkimiskoht, panipaik;<br \/>&gt; m\u00fc\u00fcgilepingu s\u00f5lmimisega seotud notaritasud ja riigil\u00f5iv (tasub ostja);<br \/>&gt; liitumistasud andmeside, kaabeltelevisiooni, telefoniside ja valvesidega liitumiseks.<\/p>\n<\/blockquote>\n<p>Arendajal on \u00f5igus hindu muuta.<\/p>\n\n\n\n<p><\/p>\n","protected":false},"excerpt":{"rendered":"","protected":false},"author":2,"featured_media":0,"parent":0,"menu_order":4,"comment_status":"closed","ping_status":"closed","template":"page-templates\/template_muugiinfo.php","meta":{"_acf_changed":false,"inline_featured_image":false,"advgb_blocks_editor_width":"","advgb_blocks_columns_visual_guide":"","_exactmetrics_skip_tracking":false,"_exactmetrics_sitenote_active":false,"_exactmetrics_sitenote_note":"","_exactmetrics_sitenote_category":0,"footnotes":""},"class_list":["post-1547","page","type-page","status-publish","hentry"],"acf":[],"yoast_head":"<!-- This site is optimized with the Yoast SEO plugin v24.9 - https:\/\/yoast.com\/wordpress\/plugins\/seo\/ -->\n<title>M\u00fc\u00fcgiinfo<\/title>\n<meta name=\"robots\" content=\"index, follow, max-snippet:-1, max-image-preview:large, max-video-preview:-1\" \/>\n<link rel=\"canonical\" href=\"https:\/\/invego.ee\/tiskreoja\/muugiinfo\/\" \/>\n<meta property=\"og:locale\" content=\"et_EE\" \/>\n<meta property=\"og:type\" content=\"article\" \/>\n<meta property=\"og:title\" content=\"M\u00fc\u00fcgiinfo\" \/>\n<meta property=\"og:url\" content=\"https:\/\/invego.ee\/tiskreoja\/muugiinfo\/\" \/>\n<meta property=\"og:site_name\" content=\"Tiskreoja - loome tulevikustandardi\" \/>\n<meta property=\"article:modified_time\" content=\"2025-03-13T13:10:14+00:00\" \/>\n<meta property=\"og:image\" content=\"https:\/\/invego.ee\/tiskreoja\/wp-content\/uploads\/2019\/07\/Tiskreoja_valisvaade_valge-maja-min-1-1.jpg\" \/>\n\t<meta property=\"og:image:width\" content=\"5000\" \/>\n\t<meta property=\"og:image:height\" content=\"2813\" \/>\n\t<meta property=\"og:image:type\" content=\"image\/jpeg\" \/>\n<meta name=\"twitter:card\" content=\"summary_large_image\" \/>\n<script type=\"application\/ld+json\" class=\"yoast-schema-graph\">{\"@context\":\"https:\/\/schema.org\",\"@graph\":[{\"@type\":\"WebPage\",\"@id\":\"https:\/\/invego.ee\/tiskreoja\/muugiinfo\/\",\"url\":\"https:\/\/invego.ee\/tiskreoja\/muugiinfo\/\",\"name\":\"M\u00fc\u00fcgiinfo\",\"isPartOf\":{\"@id\":\"https:\/\/invego.ee\/tiskreoja\/#website\"},\"datePublished\":\"2019-06-12T07:41:41+00:00\",\"dateModified\":\"2025-03-13T13:10:14+00:00\",\"breadcrumb\":{\"@id\":\"https:\/\/invego.ee\/tiskreoja\/muugiinfo\/#breadcrumb\"},\"inLanguage\":\"et\",\"potentialAction\":[{\"@type\":\"ReadAction\",\"target\":[\"https:\/\/invego.ee\/tiskreoja\/muugiinfo\/\"]}]},{\"@type\":\"BreadcrumbList\",\"@id\":\"https:\/\/invego.ee\/tiskreoja\/muugiinfo\/#breadcrumb\",\"itemListElement\":[{\"@type\":\"ListItem\",\"position\":1,\"name\":\"Home\",\"item\":\"https:\/\/invego.ee\/tiskreoja\/\"},{\"@type\":\"ListItem\",\"position\":2,\"name\":\"M\u00fc\u00fcgiinfo\"}]},{\"@type\":\"WebSite\",\"@id\":\"https:\/\/invego.ee\/tiskreoja\/#website\",\"url\":\"https:\/\/invego.ee\/tiskreoja\/\",\"name\":\"Tiskreoja - loome tulevikustandardi\",\"description\":\"Tiskreoja on terviklik tuleviku elukeskkond \u00fcmbritsetud roheluse ja rohkete vaba aja veetmise v\u00f5imalustega.\",\"publisher\":{\"@id\":\"https:\/\/invego.ee\/tiskreoja\/#organization\"},\"potentialAction\":[{\"@type\":\"SearchAction\",\"target\":{\"@type\":\"EntryPoint\",\"urlTemplate\":\"https:\/\/invego.ee\/tiskreoja\/?s={search_term_string}\"},\"query-input\":{\"@type\":\"PropertyValueSpecification\",\"valueRequired\":true,\"valueName\":\"search_term_string\"}}],\"inLanguage\":\"et\"},{\"@type\":\"Organization\",\"@id\":\"https:\/\/invego.ee\/tiskreoja\/#organization\",\"name\":\"Tiskreoja - loome tulevikustandardi\",\"url\":\"https:\/\/invego.ee\/tiskreoja\/\",\"logo\":{\"@type\":\"ImageObject\",\"inLanguage\":\"et\",\"@id\":\"https:\/\/invego.ee\/tiskreoja\/#\/schema\/logo\/image\/\",\"url\":\"https:\/\/invego.ee\/tiskreoja\/wp-content\/uploads\/2025\/04\/tiskreoja_logo_oranz.svg\",\"contentUrl\":\"https:\/\/invego.ee\/tiskreoja\/wp-content\/uploads\/2025\/04\/tiskreoja_logo_oranz.svg\",\"width\":157,\"height\":157,\"caption\":\"Tiskreoja - loome tulevikustandardi\"},\"image\":{\"@id\":\"https:\/\/invego.ee\/tiskreoja\/#\/schema\/logo\/image\/\"}}]}<\/script>\n<!-- \/ Yoast SEO plugin. -->","yoast_head_json":{"title":"M\u00fc\u00fcgiinfo","robots":{"index":"index","follow":"follow","max-snippet":"max-snippet:-1","max-image-preview":"max-image-preview:large","max-video-preview":"max-video-preview:-1"},"canonical":"https:\/\/invego.ee\/tiskreoja\/muugiinfo\/","og_locale":"et_EE","og_type":"article","og_title":"M\u00fc\u00fcgiinfo","og_url":"https:\/\/invego.ee\/tiskreoja\/muugiinfo\/","og_site_name":"Tiskreoja - loome tulevikustandardi","article_modified_time":"2025-03-13T13:10:14+00:00","og_image":[{"width":5000,"height":2813,"url":"https:\/\/invego.ee\/tiskreoja\/wp-content\/uploads\/2019\/07\/Tiskreoja_valisvaade_valge-maja-min-1-1.jpg","type":"image\/jpeg"}],"twitter_card":"summary_large_image","schema":{"@context":"https:\/\/schema.org","@graph":[{"@type":"WebPage","@id":"https:\/\/invego.ee\/tiskreoja\/muugiinfo\/","url":"https:\/\/invego.ee\/tiskreoja\/muugiinfo\/","name":"M\u00fc\u00fcgiinfo","isPartOf":{"@id":"https:\/\/invego.ee\/tiskreoja\/#website"},"datePublished":"2019-06-12T07:41:41+00:00","dateModified":"2025-03-13T13:10:14+00:00","breadcrumb":{"@id":"https:\/\/invego.ee\/tiskreoja\/muugiinfo\/#breadcrumb"},"inLanguage":"et","potentialAction":[{"@type":"ReadAction","target":["https:\/\/invego.ee\/tiskreoja\/muugiinfo\/"]}]},{"@type":"BreadcrumbList","@id":"https:\/\/invego.ee\/tiskreoja\/muugiinfo\/#breadcrumb","itemListElement":[{"@type":"ListItem","position":1,"name":"Home","item":"https:\/\/invego.ee\/tiskreoja\/"},{"@type":"ListItem","position":2,"name":"M\u00fc\u00fcgiinfo"}]},{"@type":"WebSite","@id":"https:\/\/invego.ee\/tiskreoja\/#website","url":"https:\/\/invego.ee\/tiskreoja\/","name":"Tiskreoja - loome tulevikustandardi","description":"Tiskreoja on terviklik tuleviku elukeskkond \u00fcmbritsetud roheluse ja rohkete vaba aja veetmise v\u00f5imalustega.","publisher":{"@id":"https:\/\/invego.ee\/tiskreoja\/#organization"},"potentialAction":[{"@type":"SearchAction","target":{"@type":"EntryPoint","urlTemplate":"https:\/\/invego.ee\/tiskreoja\/?s={search_term_string}"},"query-input":{"@type":"PropertyValueSpecification","valueRequired":true,"valueName":"search_term_string"}}],"inLanguage":"et"},{"@type":"Organization","@id":"https:\/\/invego.ee\/tiskreoja\/#organization","name":"Tiskreoja - loome tulevikustandardi","url":"https:\/\/invego.ee\/tiskreoja\/","logo":{"@type":"ImageObject","inLanguage":"et","@id":"https:\/\/invego.ee\/tiskreoja\/#\/schema\/logo\/image\/","url":"https:\/\/invego.ee\/tiskreoja\/wp-content\/uploads\/2025\/04\/tiskreoja_logo_oranz.svg","contentUrl":"https:\/\/invego.ee\/tiskreoja\/wp-content\/uploads\/2025\/04\/tiskreoja_logo_oranz.svg","width":157,"height":157,"caption":"Tiskreoja - loome tulevikustandardi"},"image":{"@id":"https:\/\/invego.ee\/tiskreoja\/#\/schema\/logo\/image\/"}}]}},"coauthors":[],"author_meta":{"author_link":"https:\/\/invego.ee\/tiskreoja\/author\/reaktiiv-ti\/","display_name":"reaktiiv-ti"},"relative_dates":{"created":"Posted 7 aastat ago","modified":"Updated 1 aasta ago"},"absolute_dates":{"created":"Posted on juuni 12, 2019","modified":"Updated on m\u00e4rts 13, 2025"},"absolute_dates_time":{"created":"Posted on juuni 12, 2019 7:41 e.l.","modified":"Updated on m\u00e4rts 13, 2025 3:10 p.l."},"featured_img_caption":"","featured_img":false,"series_order":"","_links":{"self":[{"href":"https:\/\/invego.ee\/tiskreoja\/wp-json\/wp\/v2\/pages\/1547","targetHints":{"allow":["GET"]}}],"collection":[{"href":"https:\/\/invego.ee\/tiskreoja\/wp-json\/wp\/v2\/pages"}],"about":[{"href":"https:\/\/invego.ee\/tiskreoja\/wp-json\/wp\/v2\/types\/page"}],"author":[{"embeddable":true,"href":"https:\/\/invego.ee\/tiskreoja\/wp-json\/wp\/v2\/users\/2"}],"replies":[{"embeddable":true,"href":"https:\/\/invego.ee\/tiskreoja\/wp-json\/wp\/v2\/comments?post=1547"}],"version-history":[{"count":25,"href":"https:\/\/invego.ee\/tiskreoja\/wp-json\/wp\/v2\/pages\/1547\/revisions"}],"predecessor-version":[{"id":11540,"href":"https:\/\/invego.ee\/tiskreoja\/wp-json\/wp\/v2\/pages\/1547\/revisions\/11540"}],"wp:attachment":[{"href":"https:\/\/invego.ee\/tiskreoja\/wp-json\/wp\/v2\/media?parent=1547"}],"curies":[{"name":"wp","href":"https:\/\/api.w.org\/{rel}","templated":true}]}}