{"id":1543,"date":"2019-06-12T07:41:23","date_gmt":"2019-06-12T07:41:23","guid":{"rendered":"https:\/\/invego.ee\/tiskreoja\/?page_id=1543"},"modified":"2025-06-12T10:23:52","modified_gmt":"2025-06-12T07:23:52","slug":"hoonest","status":"publish","type":"page","link":"https:\/\/invego.ee\/tiskreoja\/hoonest\/","title":{"rendered":"Hoonest"},"content":{"rendered":"\n<div class=\"wp-block-columns has-2-columns is-layout-flex wp-container-core-columns-is-layout-9d6595d7 wp-block-columns-is-layout-flex\">\n<div class=\"wp-block-column is-layout-flow wp-block-column-is-layout-flow\">\n<p>B-energiaklassi korterid<\/p>\n\n\n\n<h6 class=\"wp-block-heading\">Fassaad<\/h6>\n\n\n\n<p>V\u00e4lisseinad on soojustatud ja kaetud krohvi v\u00f5i puitviimistlusega &#8211; vastavalt arhitektuursele lahendusele. <\/p>\n\n\n\n<h6 class=\"wp-block-heading\"><strong>Konstruktsioonid<\/strong><\/h6>\n\n\n\n<p>Maja\nrajatakse plaatvundamendile. <\/p>\n\n\n\n<p>Maja kandvad\nseinad on t\u00e4isbetoneeritud \u00f5\u00f5nesplokkidest. K\u00f5ik korterite vahelised siseseinad\non suurema helikindluse tagamiseks laotud 240mm paksustest ja t\u00e4isbetoneeritud\n\u00f5\u00f5nesplokkidest. Korteri siseseinad on silekrohvitud ja v\u00e4rvitud. \u0160ahtide\nseinad on laotud kergplokkidest mis on korteripoolt silekrohvitud ja v\u00e4rvitud.\nKorterite mittekandvad siseseinad on metallkarkassil kipsplaatseinad. <\/p>\n\n\n\n<p>Vahelaed on monteeritavatest\n\u00f5\u00f5nespaneelidest sammum\u00fcraisolatsiooni ja betoonist tasandusvaluga. <\/p>\n\n\n\n<p>Hoonel on soojustatud\nlamekatus, kaetakse rullmaterjaliga. <\/p>\n\n\n\n<h6 class=\"wp-block-heading\">Trepikojad (kortermajade puhul)<\/h6>\n\n\n\n<p>Kolmekordsetes majades on \u00fcks 6 inimese lift. Maja esimesel korrusel\npaiknevad panipaigad. &nbsp;Kolmandal korrusel\np\u00e4\u00e4seb trepikotta loomulik valgus l\u00e4bi trepikoja katuseakende. <\/p>\n\n\n\n<p>Trepikoja seinad on v\u00e4rvitud, p\u00f5rand on kaetud keraamilise plaadiga ja laeks\non viimistletud betoon v\u00f5i kipsripplagi. <\/p>\n\n\n\n<h6 class=\"wp-block-heading\">Aknad<\/h6>\n\n\n\n<p>Majal on plastraamides aknad. Aknad on kolmekordse klaaspaketiga, mis on osaliselt avatavad. Igasse tuppa j\u00e4\u00e4b v\u00e4hemalt \u00fcks tuulutatav aknaosa. <\/p>\n\n\n\n<h6 class=\"wp-block-heading\"><strong>Terrassid ja r\u00f5dud<\/strong><\/h6>\n\n\n\n<p>Esimese korruse korteritel on avarad terrassid. Peaaegu k\u00f5ikidel korteritel on r\u00f5du. R\u00f5duga korterites on r\u00f5dupiirdeks arhitektuuri sobituv metallpiire. <\/p>\n<\/div>\n\n\n\n<div class=\"wp-block-column is-layout-flow wp-block-column-is-layout-flow\">\n<h6 class=\"wp-block-heading\"> <strong>K\u00fctte ja ventilatsioon<\/strong>  <\/h6>\n\n\n\n<p> Kortermajade soojusallikaks on gaasiv\u00f5rk. Ridaelamute soojusallikaks on \u00f5hk-vesi soojuspump. Paigaldatakse &nbsp;vesip\u00f5randak\u00fcte.  <\/p>\n\n\n\n<p> K\u00f5ikides korterites ja ridaelamutes on korterip\u00f5hine soojustagastusega sundventilatsioon (olenevalt korterist kas laetagune v\u00f5i seinapealne ventilatsiooniagregaat). <\/p>\n\n\n\n<h6 class=\"wp-block-heading\"><strong>Elektripaigaldis ja valgustus<\/strong><\/h6>\n\n\n\n<p>Teostatakse hoone sisene elektrikaabeldus, paigaldatakse\nl\u00fclitid ja pistikud vastavalt korteri planeeringule. <\/p>\n\n\n\n<p>Teostatakse CAT6 andmesidekaabeldus arvestusega,\net korteri ostja liitub meelep\u00e4rase teenuse pakkujaga.&nbsp;Korteritesse\non rajatud keskne fonos\u00fcsteem trepikoja v\u00e4lisukse avamiseks.<\/p>\n\n\n\n<p>Valgustite kohtadele tuuakse valgustuse paigaldamiseks\ntoiteotsad. Siseviimistluspaketi osana paigaldatakse vannitubade, WC-de ja\nesiku valgustid. Korteritesse paigaldatavad valgustid on LED valgustid.<\/p>\n\n\n\n<p><\/p>\n\n\n\n<h6 class=\"wp-block-heading\">Saun (ainult saunaga korterites) <\/h6>\n\n\n\n<p>Saunaga korterites on lepapuidust saunalaudis ning saunalava. Paigaldatud on  elektrikeris.<\/p>\n\n\n\n<h6 class=\"wp-block-heading\">Viimistlus<\/h6>\n\n\n\n<p>Eluruumide seinad ja laed v\u00e4rvitakse, vannitubade seinad kaetakse keraamiliste plaatidega v\u00f5i v\u00e4rvitakse vastavalt arhitektuursele projektile. Eluruumide ja esikute p\u00f5randate viimistluseks kasutatakse spoonparketti; tualettruumides, vannitubades ja saunades kaetakse p\u00f5randad keraamiliste plaatidega. Vannitubades kallet trapi suunas ei ole antud, kalle on antud du\u0161inurgas. Korteri hinnas sisaldub sanitaartehnika.<\/p>\n\n\n\n<p>Arendaja j\u00e4tab endale\n\u00f5iguse asendada siinkohal kirjeldatud materjale ja seadmeid samav\u00e4\u00e4rse v\u00f5i\nparemaga. Korterite hinnad sisaldavad siseviimistlust.<\/p>\n\n\n\n<p><!--EndFragment--><\/p>\n<\/div>\n<\/div>\n\n\n","protected":false},"excerpt":{"rendered":"","protected":false},"author":2,"featured_media":0,"parent":0,"menu_order":51,"comment_status":"closed","ping_status":"closed","template":"page-templates\/template_hoonest.php","meta":{"_acf_changed":false,"inline_featured_image":false,"advgb_blocks_editor_width":"","advgb_blocks_columns_visual_guide":"","_exactmetrics_skip_tracking":false,"_exactmetrics_sitenote_active":false,"_exactmetrics_sitenote_note":"","_exactmetrics_sitenote_category":0,"footnotes":""},"class_list":["post-1543","page","type-page","status-publish","hentry"],"acf":[],"yoast_head":"<!-- This site is optimized with the Yoast SEO plugin v24.9 - https:\/\/yoast.com\/wordpress\/plugins\/seo\/ -->\n<title>Hoonest<\/title>\n<meta name=\"robots\" content=\"index, follow, max-snippet:-1, max-image-preview:large, max-video-preview:-1\" \/>\n<link rel=\"canonical\" href=\"https:\/\/invego.ee\/tiskreoja\/hoonest\/\" \/>\n<meta property=\"og:locale\" content=\"et_EE\" \/>\n<meta property=\"og:type\" content=\"article\" \/>\n<meta property=\"og:title\" content=\"Hoonest\" \/>\n<meta property=\"og:url\" content=\"https:\/\/invego.ee\/tiskreoja\/hoonest\/\" \/>\n<meta property=\"og:site_name\" content=\"Tiskreoja - loome tulevikustandardi\" \/>\n<meta property=\"article:modified_time\" content=\"2025-06-12T07:23:52+00:00\" \/>\n<meta property=\"og:image\" content=\"https:\/\/invego.ee\/tiskreoja\/wp-content\/uploads\/2019\/07\/Tiskreoja_valisvaade_valge-maja-min-1-1.jpg\" \/>\n\t<meta property=\"og:image:width\" content=\"5000\" \/>\n\t<meta property=\"og:image:height\" content=\"2813\" \/>\n\t<meta property=\"og:image:type\" content=\"image\/jpeg\" \/>\n<meta name=\"twitter:card\" content=\"summary_large_image\" \/>\n<script type=\"application\/ld+json\" class=\"yoast-schema-graph\">{\"@context\":\"https:\/\/schema.org\",\"@graph\":[{\"@type\":\"WebPage\",\"@id\":\"https:\/\/invego.ee\/tiskreoja\/hoonest\/\",\"url\":\"https:\/\/invego.ee\/tiskreoja\/hoonest\/\",\"name\":\"Hoonest\",\"isPartOf\":{\"@id\":\"https:\/\/invego.ee\/tiskreoja\/#website\"},\"datePublished\":\"2019-06-12T07:41:23+00:00\",\"dateModified\":\"2025-06-12T07:23:52+00:00\",\"breadcrumb\":{\"@id\":\"https:\/\/invego.ee\/tiskreoja\/hoonest\/#breadcrumb\"},\"inLanguage\":\"et\",\"potentialAction\":[{\"@type\":\"ReadAction\",\"target\":[\"https:\/\/invego.ee\/tiskreoja\/hoonest\/\"]}]},{\"@type\":\"BreadcrumbList\",\"@id\":\"https:\/\/invego.ee\/tiskreoja\/hoonest\/#breadcrumb\",\"itemListElement\":[{\"@type\":\"ListItem\",\"position\":1,\"name\":\"Home\",\"item\":\"https:\/\/invego.ee\/tiskreoja\/\"},{\"@type\":\"ListItem\",\"position\":2,\"name\":\"Hoonest\"}]},{\"@type\":\"WebSite\",\"@id\":\"https:\/\/invego.ee\/tiskreoja\/#website\",\"url\":\"https:\/\/invego.ee\/tiskreoja\/\",\"name\":\"Tiskreoja - loome tulevikustandardi\",\"description\":\"Tiskreoja on terviklik tuleviku elukeskkond \u00fcmbritsetud roheluse ja rohkete vaba aja veetmise v\u00f5imalustega.\",\"publisher\":{\"@id\":\"https:\/\/invego.ee\/tiskreoja\/#organization\"},\"potentialAction\":[{\"@type\":\"SearchAction\",\"target\":{\"@type\":\"EntryPoint\",\"urlTemplate\":\"https:\/\/invego.ee\/tiskreoja\/?s={search_term_string}\"},\"query-input\":{\"@type\":\"PropertyValueSpecification\",\"valueRequired\":true,\"valueName\":\"search_term_string\"}}],\"inLanguage\":\"et\"},{\"@type\":\"Organization\",\"@id\":\"https:\/\/invego.ee\/tiskreoja\/#organization\",\"name\":\"Tiskreoja - loome tulevikustandardi\",\"url\":\"https:\/\/invego.ee\/tiskreoja\/\",\"logo\":{\"@type\":\"ImageObject\",\"inLanguage\":\"et\",\"@id\":\"https:\/\/invego.ee\/tiskreoja\/#\/schema\/logo\/image\/\",\"url\":\"https:\/\/invego.ee\/tiskreoja\/wp-content\/uploads\/2025\/04\/tiskreoja_logo_oranz.svg\",\"contentUrl\":\"https:\/\/invego.ee\/tiskreoja\/wp-content\/uploads\/2025\/04\/tiskreoja_logo_oranz.svg\",\"width\":157,\"height\":157,\"caption\":\"Tiskreoja - loome tulevikustandardi\"},\"image\":{\"@id\":\"https:\/\/invego.ee\/tiskreoja\/#\/schema\/logo\/image\/\"}}]}<\/script>\n<!-- \/ Yoast SEO plugin. -->","yoast_head_json":{"title":"Hoonest","robots":{"index":"index","follow":"follow","max-snippet":"max-snippet:-1","max-image-preview":"max-image-preview:large","max-video-preview":"max-video-preview:-1"},"canonical":"https:\/\/invego.ee\/tiskreoja\/hoonest\/","og_locale":"et_EE","og_type":"article","og_title":"Hoonest","og_url":"https:\/\/invego.ee\/tiskreoja\/hoonest\/","og_site_name":"Tiskreoja - loome tulevikustandardi","article_modified_time":"2025-06-12T07:23:52+00:00","og_image":[{"width":5000,"height":2813,"url":"https:\/\/invego.ee\/tiskreoja\/wp-content\/uploads\/2019\/07\/Tiskreoja_valisvaade_valge-maja-min-1-1.jpg","type":"image\/jpeg"}],"twitter_card":"summary_large_image","schema":{"@context":"https:\/\/schema.org","@graph":[{"@type":"WebPage","@id":"https:\/\/invego.ee\/tiskreoja\/hoonest\/","url":"https:\/\/invego.ee\/tiskreoja\/hoonest\/","name":"Hoonest","isPartOf":{"@id":"https:\/\/invego.ee\/tiskreoja\/#website"},"datePublished":"2019-06-12T07:41:23+00:00","dateModified":"2025-06-12T07:23:52+00:00","breadcrumb":{"@id":"https:\/\/invego.ee\/tiskreoja\/hoonest\/#breadcrumb"},"inLanguage":"et","potentialAction":[{"@type":"ReadAction","target":["https:\/\/invego.ee\/tiskreoja\/hoonest\/"]}]},{"@type":"BreadcrumbList","@id":"https:\/\/invego.ee\/tiskreoja\/hoonest\/#breadcrumb","itemListElement":[{"@type":"ListItem","position":1,"name":"Home","item":"https:\/\/invego.ee\/tiskreoja\/"},{"@type":"ListItem","position":2,"name":"Hoonest"}]},{"@type":"WebSite","@id":"https:\/\/invego.ee\/tiskreoja\/#website","url":"https:\/\/invego.ee\/tiskreoja\/","name":"Tiskreoja - loome tulevikustandardi","description":"Tiskreoja on terviklik tuleviku elukeskkond \u00fcmbritsetud roheluse ja rohkete vaba aja veetmise v\u00f5imalustega.","publisher":{"@id":"https:\/\/invego.ee\/tiskreoja\/#organization"},"potentialAction":[{"@type":"SearchAction","target":{"@type":"EntryPoint","urlTemplate":"https:\/\/invego.ee\/tiskreoja\/?s={search_term_string}"},"query-input":{"@type":"PropertyValueSpecification","valueRequired":true,"valueName":"search_term_string"}}],"inLanguage":"et"},{"@type":"Organization","@id":"https:\/\/invego.ee\/tiskreoja\/#organization","name":"Tiskreoja - loome tulevikustandardi","url":"https:\/\/invego.ee\/tiskreoja\/","logo":{"@type":"ImageObject","inLanguage":"et","@id":"https:\/\/invego.ee\/tiskreoja\/#\/schema\/logo\/image\/","url":"https:\/\/invego.ee\/tiskreoja\/wp-content\/uploads\/2025\/04\/tiskreoja_logo_oranz.svg","contentUrl":"https:\/\/invego.ee\/tiskreoja\/wp-content\/uploads\/2025\/04\/tiskreoja_logo_oranz.svg","width":157,"height":157,"caption":"Tiskreoja - loome tulevikustandardi"},"image":{"@id":"https:\/\/invego.ee\/tiskreoja\/#\/schema\/logo\/image\/"}}]}},"coauthors":[],"author_meta":{"author_link":"https:\/\/invego.ee\/tiskreoja\/author\/reaktiiv-ti\/","display_name":"reaktiiv-ti"},"relative_dates":{"created":"Posted 7 aastat ago","modified":"Updated 11 kuud ago"},"absolute_dates":{"created":"Posted on juuni 12, 2019","modified":"Updated on juuni 12, 2025"},"absolute_dates_time":{"created":"Posted on juuni 12, 2019 7:41 e.l.","modified":"Updated on juuni 12, 2025 10:23 e.l."},"featured_img_caption":"","featured_img":false,"series_order":"","_links":{"self":[{"href":"https:\/\/invego.ee\/tiskreoja\/wp-json\/wp\/v2\/pages\/1543","targetHints":{"allow":["GET"]}}],"collection":[{"href":"https:\/\/invego.ee\/tiskreoja\/wp-json\/wp\/v2\/pages"}],"about":[{"href":"https:\/\/invego.ee\/tiskreoja\/wp-json\/wp\/v2\/types\/page"}],"author":[{"embeddable":true,"href":"https:\/\/invego.ee\/tiskreoja\/wp-json\/wp\/v2\/users\/2"}],"replies":[{"embeddable":true,"href":"https:\/\/invego.ee\/tiskreoja\/wp-json\/wp\/v2\/comments?post=1543"}],"version-history":[{"count":18,"href":"https:\/\/invego.ee\/tiskreoja\/wp-json\/wp\/v2\/pages\/1543\/revisions"}],"predecessor-version":[{"id":11604,"href":"https:\/\/invego.ee\/tiskreoja\/wp-json\/wp\/v2\/pages\/1543\/revisions\/11604"}],"wp:attachment":[{"href":"https:\/\/invego.ee\/tiskreoja\/wp-json\/wp\/v2\/media?parent=1543"}],"curies":[{"name":"wp","href":"https:\/\/api.w.org\/{rel}","templated":true}]}}