{"id":850,"date":"2025-07-10T16:15:06","date_gmt":"2025-07-10T13:15:06","guid":{"rendered":"https:\/\/invego.ee\/projektid\/?page_id=850"},"modified":"2025-07-14T14:45:26","modified_gmt":"2025-07-14T11:45:26","slug":"eri-magusad-kodud-kampaania-tingimused","status":"publish","type":"page","link":"https:\/\/invego.ee\/projektid\/eri-magusad-kodud-kampaania-tingimused\/","title":{"rendered":"\u201cEriti magusad kodud\u201d kampaania tingimused"},"content":{"rendered":"\n<h3 class=\"wp-block-heading\">KAMPAANIA<\/h3>\n\n\n\n<div style=\"height:20px\" aria-hidden=\"true\" class=\"wp-block-spacer\"><\/div>\n\n\n\n<h1 class=\"wp-block-heading\">\u201cEriti magusad kodud\u201d<br>kampaania tingimused<\/h1>\n\n\n\n<p>Kampaania reeglid ja sisu:\u202f\u202f<\/p>\n\n\n\n<ul>\n<li>Pakkumine kehtib v\u00f5la\u00f5igusliku lepingu v\u00f5i asja\u00f5iguslepingu s\u00f5lmimisel 07.07.2025-20.08.2025.<\/li>\n\n\n\n<li>Pakkumine kehtib Invego arendustes valitud kodudele:\u202f\u202f<\/li>\n\n\n\n<li>Luccaranna elurajoon\u202f<a href=\"https:\/\/luccaranna.ee\/\" target=\"_blank\" rel=\"noreferrer noopener\">https:\/\/luccaranna.ee\/<\/a><\/li>\n\n\n\n<li>Tiskreoja elurajoon\u202f<a href=\"https:\/\/tiskreoja.ee\/\" target=\"_blank\" rel=\"noreferrer noopener\">https:\/\/tiskreoja.ee\/<\/a><\/li>\n\n\n\n<li>Uus-J\u00e4rvek\u00fcla elurajoon\u202f<a href=\"https:\/\/uusjarvekula.ee\/\" target=\"_blank\" rel=\"noreferrer noopener\">https:\/\/uusjarvekula.ee\/<\/a><\/li>\n\n\n\n<li>Keila Pargikodud\u202f<a href=\"https:\/\/keilapargikodud.ee\/\" target=\"_blank\" rel=\"noreferrer noopener\">https:\/\/keilapargikodud.ee\/<\/a><\/li>\n\n\n\n<li>Korraga kehtib vaid \u00fcks soodustus\/kampaania.\u202f\u202f<\/li>\n<\/ul>\n","protected":false},"excerpt":{"rendered":"KAMPAANIA \u201cEriti magusad kodud\u201dkampaania tingimused Kampaania reeglid ja sisu:\u202f\u202f","protected":false},"author":1,"featured_media":0,"parent":0,"menu_order":0,"comment_status":"closed","ping_status":"closed","template":"","meta":{"inline_featured_image":false,"footnotes":""},"_links":{"self":[{"href":"https:\/\/invego.ee\/projektid\/wp-json\/wp\/v2\/pages\/850"}],"collection":[{"href":"https:\/\/invego.ee\/projektid\/wp-json\/wp\/v2\/pages"}],"about":[{"href":"https:\/\/invego.ee\/projektid\/wp-json\/wp\/v2\/types\/page"}],"author":[{"embeddable":true,"href":"https:\/\/invego.ee\/projektid\/wp-json\/wp\/v2\/users\/1"}],"replies":[{"embeddable":true,"href":"https:\/\/invego.ee\/projektid\/wp-json\/wp\/v2\/comments?post=850"}],"version-history":[{"count":4,"href":"https:\/\/invego.ee\/projektid\/wp-json\/wp\/v2\/pages\/850\/revisions"}],"predecessor-version":[{"id":940,"href":"https:\/\/invego.ee\/projektid\/wp-json\/wp\/v2\/pages\/850\/revisions\/940"}],"wp:attachment":[{"href":"https:\/\/invego.ee\/projektid\/wp-json\/wp\/v2\/media?parent=850"}],"curies":[{"name":"wp","href":"https:\/\/api.w.org\/{rel}","templated":true}]}}