{"id":595,"date":"2021-07-08T09:12:01","date_gmt":"2021-07-08T06:12:01","guid":{"rendered":"https:\/\/invego.ee\/projektid\/kampaaniatingimused\/"},"modified":"2025-09-19T15:06:35","modified_gmt":"2025-09-19T12:06:35","slug":"campaign-terms","status":"publish","type":"page","link":"https:\/\/invego.ee\/projektid\/en\/campaign-terms\/","title":{"rendered":"Campaign terms"},"content":{"rendered":"\n<h3 class=\"wp-block-heading\">CAMPAIGN<\/h3>\n\n\n\n<div style=\"height:20px\" aria-hidden=\"true\" class=\"wp-block-spacer\"><\/div>\n\n\n\n<h1 class=\"wp-block-heading\">EESTI VAJAB ROHKEM \u00d5PETAJAID kampaania tingimused<\/h1>\n\n\n\n<p>Invego toetab \u00f5petajaid uue kodu ostmisel 15 000 euroga.<\/p>\n\n\n\n<p>Kampaania reeglid ja sisu:&nbsp;&nbsp;<\/p>\n\n\n\n<ul>\n<li>Pakkumine kehtib \u00f5petajatele, kes s\u00f5lmivad v\u00f5la\u00f5igusliku lepingu v\u00f5i asja\u00f5iguslepingu perioodil 12.05.2025-31.12.2025.&nbsp;&nbsp;<\/li>\n<\/ul>\n\n\n\n<ul>\n<li>Pakkumine kehtib k\u00f5igis Invego arendustes k\u00f5ikidele kodudele:&nbsp;&nbsp;<\/li>\n<\/ul>\n\n\n\n<ul>\n<li>Luccaranna elurajoon <a href=\"https:\/\/luccaranna.ee\/\">https:\/\/luccaranna.ee\/<\/a> &nbsp;&nbsp;<\/li>\n\n\n\n<li>Tiskreoja elurajoon <a href=\"https:\/\/tiskreoja.ee\/\">https:\/\/tiskreoja.ee\/<\/a><\/li>\n\n\n\n<li>Uus-J\u00e4rvek\u00fcla elurajoon <a href=\"https:\/\/uusjarvekula.ee\/\">https:\/\/uusjarvekula.ee\/<\/a><\/li>\n\n\n\n<li>Keila Pargikodud <a href=\"https:\/\/keilapargikodud.ee\/\">https:\/\/keilapargikodud.ee\/<\/a><\/li>\n<\/ul>\n\n\n\n<ul>\n<li>Soodustuse summa on 15 000 eurot s\u00f5ltumata korteri suurusest.<\/li>\n<\/ul>\n\n\n\n<ul>\n<li>Soodustuse saamiseks tuleb kliendil edastada kirjalik kinnitus, et ta t\u00f6\u00f6tab \u00f5petajana Eesti koolis v\u00f5i lasteaias. Invego v\u00f5ib k\u00fcsida kliendilt t\u00f5endavaid dokumente. Nendeks dokumentideks v\u00f5ivad olla n\u00e4iteks kutsetunnistus, kutsete registri v\u00e4ljav\u00f5te, haridust t\u00f5endavad dokumendid jmt. Kampaania l\u00e4biviimiseks t\u00f6\u00f6tleb Invego isikuandmeid privaatsustingimustes kirjeldatud viisil, mis on leitavad <a href=\"https:\/\/invego.ee\/privaatsuspoliitika\/\">https:\/\/invego.ee\/privaatsuspoliitika\/<\/a>.<\/li>\n<\/ul>\n\n\n\n<ul>\n<li>Korraga kehtib vaid \u00fcks soodustus\/kampaania.&nbsp;&nbsp;<strong><\/strong><\/li>\n<\/ul>\n","protected":false},"excerpt":{"rendered":"CAMPAIGN EESTI VAJAB ROHKEM \u00d5PETAJAID kampaania tingimused Invego toetab \u00f5petajaid uue kodu ostmisel 15 000 euroga. Kampaania reeglid ja sisu:&nbsp;&nbsp;","protected":false},"author":1,"featured_media":0,"parent":0,"menu_order":0,"comment_status":"closed","ping_status":"closed","template":"","meta":{"inline_featured_image":false,"footnotes":""},"_links":{"self":[{"href":"https:\/\/invego.ee\/projektid\/en\/wp-json\/wp\/v2\/pages\/595"}],"collection":[{"href":"https:\/\/invego.ee\/projektid\/en\/wp-json\/wp\/v2\/pages"}],"about":[{"href":"https:\/\/invego.ee\/projektid\/en\/wp-json\/wp\/v2\/types\/page"}],"author":[{"embeddable":true,"href":"https:\/\/invego.ee\/projektid\/en\/wp-json\/wp\/v2\/users\/1"}],"replies":[{"embeddable":true,"href":"https:\/\/invego.ee\/projektid\/en\/wp-json\/wp\/v2\/comments?post=595"}],"version-history":[{"count":13,"href":"https:\/\/invego.ee\/projektid\/en\/wp-json\/wp\/v2\/pages\/595\/revisions"}],"predecessor-version":[{"id":1239,"href":"https:\/\/invego.ee\/projektid\/en\/wp-json\/wp\/v2\/pages\/595\/revisions\/1239"}],"wp:attachment":[{"href":"https:\/\/invego.ee\/projektid\/en\/wp-json\/wp\/v2\/media?parent=595"}],"curies":[{"name":"wp","href":"https:\/\/api.w.org\/{rel}","templated":true}]}}