{"id":7,"date":"2020-09-17T18:31:54","date_gmt":"2020-09-17T15:31:54","guid":{"rendered":"https:\/\/invego.ee\/luccaranna\/?page_id=7"},"modified":"2026-04-13T11:02:46","modified_gmt":"2026-04-13T08:02:46","slug":"home","status":"publish","type":"page","link":"https:\/\/invego.ee\/luccaranna\/","title":{"rendered":"Avaleht"},"content":{"rendered":"\n    <div id=\"header-video-block-block_6e6c31015c725ed61bf617323b1a505a\" class=\"header-video-block d-flex align-items-center\">\n                    <div class=\"video_container\">\n                <video playsinline autoplay muted loop poster=\"https:\/\/invego.ee\/luccaranna\/wp-content\/uploads\/2021\/06\/luccaranna-1.jpg\">\n                    <source src=\"https:\/\/invego.ee\/luccaranna\/wp-content\/uploads\/2025\/01\/LUCCARANNA_1080p_WEB.mp4\" type=\"video\/mp4\">\n                <\/video>\n            <\/div>\n                \n        <div class=\"textbox_wrapper\">\n            <div class=\"text_background\"><\/div>\n            <div class=\"textbox position-relative\">\n                <div class=\"textbox-rows position-relative d-flex flex-column\">\n                                            <div class=\"upper_text\">\n                            <p>Lihtsalt tule, koli ja naudi!<\/p>\n                        <\/div>\n                                                        <\/div>\n                            <\/div>\n                    <\/div>\n                    <a class=\"front-sticky-image-right\" href=\"https:\/\/invego.ee\/\" target=\"_blank\">\n                <img loading=\"lazy\" decoding=\"async\" class=\"desktop-sticky-image\" src=\"https:\/\/invego.ee\/luccaranna\/wp-content\/uploads\/2025\/01\/Group-406.svg\" width=\"249\" height=\"174\" alt=\"\" \/>\n                                    <img loading=\"lazy\" decoding=\"async\" class=\"reverse-sticky-image\" src=\"https:\/\/invego.ee\/luccaranna\/wp-content\/uploads\/2024\/09\/5-a-garantii.svg\" width=\"219\" height=\"153\" alt=\"\" \/>\n                            <\/a>\n            <\/div>\n\n\n\n\n\n\n\n\n\n    <div id=\"trust-block-block_e14788b9110092032eb9c52cfa180ba7\" class=\"trust-block\">\n        <div class=\"container\">\n            <div class=\"row\">\n                                    <div class=\"title col-12\">\n                        <h2>USALDA KOGENUD EKSPERTE<\/h2>\n                    <\/div>\n                            <\/div>\n            <div class=\"row justify-content-center\">\n                                    <div class=\"column col-md-4 col-12 d-flex flex-column\">\n                        <div class=\"text\">\n                                                            <p>Kogenud arendaja<\/p>\n                                                    <\/div>\n\n                                                    <div class=\"image_container\">\n                                                                    <a href=\"http:\/\/invego.ee\/\" target=\"_blank\">\n                                                                \n                                <img decoding=\"async\" src=\"https:\/\/invego.ee\/luccaranna\/wp-content\/uploads\/2021\/02\/INVEGO_logo.svg\" \/>\n\n                                                                    <\/a>\n                                                            <\/div>\n                                            <\/div>\n                                    <div class=\"column col-md-4 col-12 d-flex flex-column\">\n                        <div class=\"text\">\n                                                            <p>Tipptasemel ehitus<\/p>\n                                                    <\/div>\n\n                                                    <div class=\"image_container\">\n                                                                \n                                <img decoding=\"async\" src=\"https:\/\/invego.ee\/luccaranna\/wp-content\/uploads\/2023\/12\/NOBE_LOGO_hor_b_2.png\" \/>\n\n                                                            <\/div>\n                                            <\/div>\n                                    <div class=\"column col-md-4 col-12 d-flex flex-column\">\n                        <div class=\"text\">\n                                                            <p>Terviklik arhitektuur<\/p>\n                                                    <\/div>\n\n                                                    <div class=\"image_container\">\n                                                                \n                                <img decoding=\"async\" src=\"https:\/\/invego.ee\/luccaranna\/wp-content\/uploads\/2025\/10\/ARHITEKTUURI_LOGOD.svg\" \/>\n\n                                                            <\/div>\n                                            <\/div>\n                            <\/div>\n        <\/div>\n    <\/div>\n\n\n\n        <div id=\"columns-block-block_897fe46fecb50d252d7da2b2ab081763\" class=\"columns-block text_image\" style=\"padding-top: 147px; padding-bottom: 147px;\">\n        <div class=\"container\">\n            <div class=\"row fade-in-up align-items-end align-items-end\">\n                                    <div class=\"col-md-6 col-12\">\n                                                                                                        <div class=\"text_container\" >\n                                <h2>Meri kutsub!<\/h2>\n<p>Luccarannal on oma iseloom ja k\u00e4ekiri. Merele avatud v\u00e4ikesed luksuslikud kortermajad ja kolmikvillad v\u00f5imaldavad t\u00f5epoolest ainulaadsest keskkonnast v\u00f5tta parima. Loodusl\u00e4hedus, arhitektuurne mitmekesisus ning aktiivne eluviis iseloomustavad kogenud arendaja Invego visiooni ja Kuu ning Apex arhitektide loomingut.<\/p>\n                            <\/div>\n                                            <\/div>\n                                    <div class=\"col-md-6 col-12\">\n                                                    <div class=\"image_container wave\">\n                                <img decoding=\"async\" src=\"https:\/\/invego.ee\/luccaranna\/wp-content\/uploads\/2021\/02\/6.jpg\" \/>\n                            <\/div>\n                                                                    <\/div>\n                            <\/div>\n                    <\/div>\n    <\/div>\n\n\n\n    <div id=\"image-block-block_f652f7c07de49ab70e0f1e1eb0de6dea\" class=\"image-block hide-mobile\">\n        \n        <img decoding=\"async\" src=\"https:\/\/invego.ee\/luccaranna\/wp-content\/uploads\/2024\/12\/kaupokalda-com-DJI_20240807204435_0011_D.jpg\" \/>\n        \n            <\/div>\n\n\n\n        <div id=\"columns-block-block_aed1fd1e7822f1b2b4838e533dc7591f\" class=\"columns-block text_text\" style=\"padding-top: 111px; padding-bottom: 122px;\">\n        <div class=\"container\">\n            <div class=\"row fade-in-up align-items-end align-items-end\">\n                                    <div class=\"col-md-6 col-12\">\n                                                                                                        <div class=\"text_container\" >\n                                <h2>Vaid 11<br \/>\nkolmikvillat<br \/>\nja 19 v\u00e4ike-<br \/>\nkortermaja<\/h2>\n                            <\/div>\n                                            <\/div>\n                                    <div class=\"col-md-6 col-12\">\n                                                                                                        <div class=\"text_container\" >\n                                <p>Luccaranna seob linnaelu \u00fclima mugavuse \u00fchtseks tervikuks looduse h\u00fcvedega. Uue ajastu elamurajooni \u00fchendab ainulaadne lineaarpark, mille keskmeks olev jalutustee lookleb sillutatud alade vahel, \u00fcletab sillana taimestikuga m\u00e4rgalasid ja viib randa. Hoonete paigutamisel ja ala planeerimisel oleme eriliselt t\u00e4helepanu p\u00f6\u00f6ranud avaliku ja privaatruumi eraldamisele, andes parimal viisil edasi Kadrioru milj\u00f6\u00f6v\u00e4\u00e4rtusliku elukeskkonna tunnetust.<\/p>\n                            <\/div>\n                                            <\/div>\n                            <\/div>\n                    <\/div>\n    <\/div>\n\n\n\n    <div id=\"image-block-block_49c688ef7ae98b5da8aacfbf7145a056\" class=\"image-block\">\n                    <div class=\"container\">\n        \n        <img decoding=\"async\" src=\"https:\/\/invego.ee\/luccaranna\/wp-content\/uploads\/2021\/12\/VESI_elutuba_HansuTn33-10_Post-min-scaled.jpg\" \/>\n        \n                    <\/div>\n            <\/div>\n\n\n\n        <div id=\"columns-block-block_4058b1a942d8303323e045c3ac8cd8eb\" class=\"columns-block text_image\" style=\"padding-top: 112px; padding-bottom: 154px;\">\n        <div class=\"container\">\n            <div class=\"row fade-in-up align-items-start align-items-start\">\n                                    <div class=\"col-md-6 col-12\">\n                                                                                                        <div class=\"text_container\" >\n                                <h2>Elu looduse keskel<\/h2>\n<p>Luccaranna on v\u00e4ike ja hubane rannapiirkond, mille kodude akendest paistavad pargid ja meri. Kodusid \u00fcmbritsevad roostikud ja liigirikkad aasad. <!--StartFragment --><span class=\"cf0\">Meri j\u00e4\u00e4b vaid l\u00fchikese jalutusk\u00e4igu kaugusele, kus saab jalutada, nautida looduse ilu, noppida kullerkuppusid ja ujutada laevukesi<\/span>. Siin ootab sind linnulaul ja puhas \u00f5hk. Samas on kogu linnaelu mugavused vaid 7-minutilise autos\u00f5idu kaugusel.<\/p>\n                            <\/div>\n                                            <\/div>\n                                    <div class=\"col-md-6 col-12\">\n                                                    <div class=\"image_container wave\">\n                                <img decoding=\"async\" src=\"https:\/\/invego.ee\/luccaranna\/wp-content\/uploads\/2025\/10\/1-1-1.png\" \/>\n                            <\/div>\n                                                                    <\/div>\n                            <\/div>\n                    <\/div>\n    <\/div>\n\n\n\n        <div id=\"columns-block-block_467259c17655c10da01ba49d19894c58\" class=\"columns-block image_text\" style=\"padding-top: 0px; padding-bottom: 107px;\">\n        <div class=\"container\">\n            <div class=\"row fade-in-up align-items-center align-items-center\">\n                                    <div class=\"col-md-6 col-12\">\n                                                    <div class=\"image_container\">\n                                <img decoding=\"async\" src=\"https:\/\/invego.ee\/luccaranna\/wp-content\/uploads\/2021\/11\/Lucaranna_Terass-scaled-1.jpg\" \/>\n                            <\/div>\n                                                                    <\/div>\n                                    <div class=\"col-md-6 col-12\">\n                                                                                                        <div class=\"text_container\" >\n                                <h2>Turvaline ja roheline oaas<\/h2>\n<p>Siin elavad inimesed, kes hindavad samasuguseid v\u00e4\u00e4rtusi. Luccaranna kodusid merega \u00fchendav laudtee, \u00fchisalad ning aiad on m\u00f5eldud oma inimestele elust m\u00f5nu tundmiseks. See on turvaline oaas, kus on piisavalt ruumi avarateks vaadeteks ning varjulised lopsaka haljastusega sopid, et omaette olla. Privaatsed aiad on eraldatud aga hekkide, pinnavormide ja looduslike kiviaedadega. Enamus kodudel on oma r\u00f5dud v\u00f5i terrassid, kus perega suve\u00f5htul koos \u00f5htust s\u00fc\u00fca ja aega veeta.<\/p>\n                            <\/div>\n                                            <\/div>\n                            <\/div>\n                    <\/div>\n    <\/div>\n\n\n\n        <div id=\"columns-block-block_aceed910ef0a6707380f26860347b52b\" class=\"columns-block text_image\" style=\"padding-top: 0px; padding-bottom: 107px;\">\n        <div class=\"container\">\n            <div class=\"row fade-in-up align-items-center align-items-center\">\n                                    <div class=\"col-md-6 col-12\">\n                                                                                                        <div class=\"text_container\" >\n                                <h2>Puhkealad v\u00e4ikestele ja suurtele<\/h2>\n<p>Luccaranna kodude \u00fcmbruse loodust k\u00fcll suunatakse, kuid ei piirata \u00fcleliia. Majade vahel on autovaba ala, kus saab k\u00f5rvuti liikuda nii jala kui jalgrattaga ja ka lindudele j\u00e4\u00e4b pesitsemiseks piisavalt ruumi. Kodude puhkealal saab m\u00e4ngida sulgpalli ja k\u00f5ksida pinksi, kiikuda, pidada perega piknikku v\u00f5i lihtsalt pa\u0308evitada.<\/p>\n                            <\/div>\n                                            <\/div>\n                                    <div class=\"col-md-6 col-12\">\n                                                    <div class=\"image_container wave\">\n                                <img decoding=\"async\" src=\"https:\/\/invego.ee\/luccaranna\/wp-content\/uploads\/2021\/02\/11.jpg\" \/>\n                            <\/div>\n                                                                    <\/div>\n                            <\/div>\n                    <\/div>\n    <\/div>\n\n\n\n    <div id=\"image-block-block_172bdd8e41c142892e5ea705dfd1912e\" class=\"image-block hide-mobile\">\n                    <div class=\"container\">\n        \n        <img decoding=\"async\" src=\"https:\/\/invego.ee\/luccaranna\/wp-content\/uploads\/2021\/02\/12.jpg\" \/>\n        \n                    <\/div>\n            <\/div>\n\n\n\n        <div id=\"columns-block-block_f70aa1736f333730f6bf8232d91d2373\" class=\"columns-block image_image\" style=\"padding-top: 130px; padding-bottom: 130px;\">\n        <div class=\"container\">\n            <div class=\"row fade-in-up align-items-center align-items-center\">\n                                    <div class=\"col-md-6 col-12\">\n                                                                    <\/div>\n                                    <div class=\"col-md-6 col-12\">\n                                                                    <\/div>\n                            <\/div>\n                    <\/div>\n    <\/div>\n\n\n\n        <div id=\"columns-block-block_f212b0ee73b3a1a0efa77cf728c2fd39\" class=\"columns-block hide-mobile image_image\" style=\"padding-top: 0px; padding-bottom: 84px;\">\n        <div class=\"container\">\n            <div class=\"row fade-in-up align-items-start align-items-start\">\n                                    <div class=\"col-md-6 col-12\">\n                                                    <div class=\"image_container wave\">\n                                <img decoding=\"async\" src=\"https:\/\/invego.ee\/luccaranna\/wp-content\/uploads\/2021\/02\/14-e1613481748389.jpg\" \/>\n                            <\/div>\n                                                                    <\/div>\n                                    <div class=\"col-md-6 col-12\">\n                                                    <div class=\"image_container\">\n                                <img decoding=\"async\" src=\"https:\/\/invego.ee\/luccaranna\/wp-content\/uploads\/2021\/02\/15-1.jpg\" \/>\n                            <\/div>\n                                                                    <\/div>\n                            <\/div>\n                    <\/div>\n    <\/div>\n\n\n\n        <div id=\"columns-block-block_7ce2df99ed55e292eb2fe7efed090689\" class=\"columns-block text_text\" style=\"padding-top: 0px; padding-bottom: 92px;\">\n        <div class=\"container\">\n            <div class=\"row fade-in-up align-items-center align-items-center\">\n                                    <div class=\"col-md-6 col-12\">\n                                                                                                        <div class=\"text_container\" >\n                                <h2>K\u00f5ik on<br \/>\nmugavalt<br \/>\nl\u00e4hedal<\/h2>\n                            <\/div>\n                                            <\/div>\n                                    <div class=\"col-md-6 col-12\">\n                                                                                                        <div class=\"text_container\" >\n                                <p>V\u00e4iksematele on l\u00e4hipiirkonnas mitmeid lastehoide ning hubasesse Lucca v\u00f5i MEAT restorani j\u00f5uab romantilisele \u00f5htus\u00f6\u00f6gile 4-minutilise jalutusk\u00e4iguga. Sisseostude jaoks on aga l\u00e4him korralik toidupood vaid m\u00f5ne minuti kaugusel. Siin on Sulle k\u00f5ik vajalik olemas!<\/p>\n                            <\/div>\n                                            <\/div>\n                            <\/div>\n                    <\/div>\n    <\/div>\n\n\n\n        <div id=\"columns-block-block_00c59086641f1dced2934be4e252b0cd\" class=\"columns-block hide-desktop no-margin image_image\" style=\"padding-top: 0px; padding-bottom: 0px;\">\n        <div class=\"container\">\n            <div class=\"row fade-in-up align-items-center align-items-center\">\n                                    <div class=\"col-md-6 col-12\">\n                                                                    <\/div>\n                                    <div class=\"col-md-6 col-12\">\n                                                    <div class=\"image_container\">\n                                <img decoding=\"async\" src=\"https:\/\/invego.ee\/luccaranna\/wp-content\/uploads\/2021\/02\/15-1.jpg\" \/>\n                            <\/div>\n                                                                    <\/div>\n                            <\/div>\n                    <\/div>\n    <\/div>\n","protected":false},"excerpt":{"rendered":"","protected":false},"author":1,"featured_media":0,"parent":0,"menu_order":50,"comment_status":"closed","ping_status":"closed","template":"","meta":{"_acf_changed":false,"_uag_custom_page_level_css":"","footnotes":""},"class_list":["post-7","page","type-page","status-publish","hentry"],"acf":[],"yoast_head":"<!-- This site is optimized with the Yoast SEO plugin v24.9 - https:\/\/yoast.com\/wordpress\/plugins\/seo\/ -->\n<title>Avaleht - Luccaranna<\/title>\n<meta name=\"robots\" content=\"index, follow, max-snippet:-1, max-image-preview:large, max-video-preview:-1\" \/>\n<link rel=\"canonical\" href=\"https:\/\/invego.ee\/luccaranna\/\" \/>\n<meta property=\"og:locale\" content=\"et_EE\" \/>\n<meta property=\"og:type\" content=\"article\" \/>\n<meta property=\"og:title\" content=\"Avaleht - Luccaranna\" \/>\n<meta property=\"og:url\" content=\"https:\/\/invego.ee\/luccaranna\/\" \/>\n<meta property=\"og:site_name\" content=\"Luccaranna\" \/>\n<meta property=\"article:modified_time\" content=\"2026-04-13T08:02:46+00:00\" \/>\n<meta name=\"twitter:card\" content=\"summary_large_image\" \/>\n<script type=\"application\/ld+json\" class=\"yoast-schema-graph\">{\"@context\":\"https:\/\/schema.org\",\"@graph\":[{\"@type\":\"WebPage\",\"@id\":\"https:\/\/invego.ee\/luccaranna\/\",\"url\":\"https:\/\/invego.ee\/luccaranna\/\",\"name\":\"Avaleht - Luccaranna\",\"isPartOf\":{\"@id\":\"https:\/\/invego.ee\/luccaranna\/#website\"},\"datePublished\":\"2020-09-17T15:31:54+00:00\",\"dateModified\":\"2026-04-13T08:02:46+00:00\",\"breadcrumb\":{\"@id\":\"https:\/\/invego.ee\/luccaranna\/#breadcrumb\"},\"inLanguage\":\"et\",\"potentialAction\":[{\"@type\":\"ReadAction\",\"target\":[\"https:\/\/invego.ee\/luccaranna\/\"]}]},{\"@type\":\"BreadcrumbList\",\"@id\":\"https:\/\/invego.ee\/luccaranna\/#breadcrumb\",\"itemListElement\":[{\"@type\":\"ListItem\",\"position\":1,\"name\":\"Home\",\"item\":\"https:\/\/invego.ee\/luccaranna\/\"},{\"@type\":\"ListItem\",\"position\":2,\"name\":\"Avaleht\"}]},{\"@type\":\"WebSite\",\"@id\":\"https:\/\/invego.ee\/luccaranna\/#website\",\"url\":\"https:\/\/invego.ee\/luccaranna\/\",\"name\":\"Luccaranna\",\"description\":\"\",\"publisher\":{\"@id\":\"https:\/\/invego.ee\/luccaranna\/#organization\"},\"potentialAction\":[{\"@type\":\"SearchAction\",\"target\":{\"@type\":\"EntryPoint\",\"urlTemplate\":\"https:\/\/invego.ee\/luccaranna\/?s={search_term_string}\"},\"query-input\":{\"@type\":\"PropertyValueSpecification\",\"valueRequired\":true,\"valueName\":\"search_term_string\"}}],\"inLanguage\":\"et\"},{\"@type\":\"Organization\",\"@id\":\"https:\/\/invego.ee\/luccaranna\/#organization\",\"name\":\"Luccaranna\",\"url\":\"https:\/\/invego.ee\/luccaranna\/\",\"logo\":{\"@type\":\"ImageObject\",\"inLanguage\":\"et\",\"@id\":\"https:\/\/invego.ee\/luccaranna\/#\/schema\/logo\/image\/\",\"url\":\"https:\/\/invego.ee\/luccaranna\/wp-content\/uploads\/2021\/02\/Luccaranna_logo.svg\",\"contentUrl\":\"https:\/\/invego.ee\/luccaranna\/wp-content\/uploads\/2021\/02\/Luccaranna_logo.svg\",\"width\":237,\"height\":128,\"caption\":\"Luccaranna\"},\"image\":{\"@id\":\"https:\/\/invego.ee\/luccaranna\/#\/schema\/logo\/image\/\"}}]}<\/script>\n<!-- \/ Yoast SEO plugin. -->","yoast_head_json":{"title":"Avaleht - Luccaranna","robots":{"index":"index","follow":"follow","max-snippet":"max-snippet:-1","max-image-preview":"max-image-preview:large","max-video-preview":"max-video-preview:-1"},"canonical":"https:\/\/invego.ee\/luccaranna\/","og_locale":"et_EE","og_type":"article","og_title":"Avaleht - Luccaranna","og_url":"https:\/\/invego.ee\/luccaranna\/","og_site_name":"Luccaranna","article_modified_time":"2026-04-13T08:02:46+00:00","twitter_card":"summary_large_image","schema":{"@context":"https:\/\/schema.org","@graph":[{"@type":"WebPage","@id":"https:\/\/invego.ee\/luccaranna\/","url":"https:\/\/invego.ee\/luccaranna\/","name":"Avaleht - Luccaranna","isPartOf":{"@id":"https:\/\/invego.ee\/luccaranna\/#website"},"datePublished":"2020-09-17T15:31:54+00:00","dateModified":"2026-04-13T08:02:46+00:00","breadcrumb":{"@id":"https:\/\/invego.ee\/luccaranna\/#breadcrumb"},"inLanguage":"et","potentialAction":[{"@type":"ReadAction","target":["https:\/\/invego.ee\/luccaranna\/"]}]},{"@type":"BreadcrumbList","@id":"https:\/\/invego.ee\/luccaranna\/#breadcrumb","itemListElement":[{"@type":"ListItem","position":1,"name":"Home","item":"https:\/\/invego.ee\/luccaranna\/"},{"@type":"ListItem","position":2,"name":"Avaleht"}]},{"@type":"WebSite","@id":"https:\/\/invego.ee\/luccaranna\/#website","url":"https:\/\/invego.ee\/luccaranna\/","name":"Luccaranna","description":"","publisher":{"@id":"https:\/\/invego.ee\/luccaranna\/#organization"},"potentialAction":[{"@type":"SearchAction","target":{"@type":"EntryPoint","urlTemplate":"https:\/\/invego.ee\/luccaranna\/?s={search_term_string}"},"query-input":{"@type":"PropertyValueSpecification","valueRequired":true,"valueName":"search_term_string"}}],"inLanguage":"et"},{"@type":"Organization","@id":"https:\/\/invego.ee\/luccaranna\/#organization","name":"Luccaranna","url":"https:\/\/invego.ee\/luccaranna\/","logo":{"@type":"ImageObject","inLanguage":"et","@id":"https:\/\/invego.ee\/luccaranna\/#\/schema\/logo\/image\/","url":"https:\/\/invego.ee\/luccaranna\/wp-content\/uploads\/2021\/02\/Luccaranna_logo.svg","contentUrl":"https:\/\/invego.ee\/luccaranna\/wp-content\/uploads\/2021\/02\/Luccaranna_logo.svg","width":237,"height":128,"caption":"Luccaranna"},"image":{"@id":"https:\/\/invego.ee\/luccaranna\/#\/schema\/logo\/image\/"}}]}},"uagb_featured_image_src":{"full":false,"thumbnail":false,"medium":false,"medium_large":false,"large":false,"1536x1536":false,"2048x2048":false,"small":false,"gallery-smaller":false,"gallery-size":false,"custom-size":false},"uagb_author_info":{"display_name":"Reaktiiv","author_link":"https:\/\/invego.ee\/luccaranna\/author\/reaktiiv\/"},"uagb_comment_info":0,"uagb_excerpt":null,"_links":{"self":[{"href":"https:\/\/invego.ee\/luccaranna\/wp-json\/wp\/v2\/pages\/7","targetHints":{"allow":["GET"]}}],"collection":[{"href":"https:\/\/invego.ee\/luccaranna\/wp-json\/wp\/v2\/pages"}],"about":[{"href":"https:\/\/invego.ee\/luccaranna\/wp-json\/wp\/v2\/types\/page"}],"author":[{"embeddable":true,"href":"https:\/\/invego.ee\/luccaranna\/wp-json\/wp\/v2\/users\/1"}],"replies":[{"embeddable":true,"href":"https:\/\/invego.ee\/luccaranna\/wp-json\/wp\/v2\/comments?post=7"}],"version-history":[{"count":409,"href":"https:\/\/invego.ee\/luccaranna\/wp-json\/wp\/v2\/pages\/7\/revisions"}],"predecessor-version":[{"id":8609,"href":"https:\/\/invego.ee\/luccaranna\/wp-json\/wp\/v2\/pages\/7\/revisions\/8609"}],"wp:attachment":[{"href":"https:\/\/invego.ee\/luccaranna\/wp-json\/wp\/v2\/media?parent=7"}],"curies":[{"name":"wp","href":"https:\/\/api.w.org\/{rel}","templated":true}]}}