{"id":52,"date":"2021-02-16T12:16:37","date_gmt":"2021-02-16T09:16:37","guid":{"rendered":"https:\/\/invego.ee\/luccaranna\/?page_id=52"},"modified":"2021-04-28T11:15:27","modified_gmt":"2021-04-28T08:15:27","slug":"ajalugu","status":"publish","type":"page","link":"https:\/\/invego.ee\/luccaranna\/ajalugu\/","title":{"rendered":"Ajalugu"},"content":{"rendered":"\n        <div id=\"hero-block-block_602cf1b7ebd12\" class=\"hero-block d-flex justify-content-center align-items-center\" style=\"padding-bottom: 29.296875%; background-image: url(https:\/\/invego.ee\/luccaranna\/wp-content\/uploads\/2021\/02\/16-scaled.jpg)\">\n                \n                    <img decoding=\"async\" class=\"scroll_next\" src=\"https:\/\/invego.ee\/luccaranna\/wp-content\/uploads\/2021\/02\/Scroll_down-1.svg\">\n            <\/div>\n\n\n\n        <div id=\"columns-block-block_602cf25bebd13\" class=\"columns-block fade-instantly text_image\" style=\"padding-top: 150px; padding-bottom: 150px;\">\n        <div class=\"container\">\n            <div class=\"row\">\n                                    <div class=\"col-md-6 col-12\">\n                                                                                                        <div class=\"text_container d-flex flex-column justify-content-between align-items-start\" >\n                                <h2>Ajalooline rannakuurort<\/h2>\n<p>Luccaranna praeguses asukohas meelitasid Fischmeistri ja Tiskre poolm\u00f5isad ning Lucca suvem\u00f5is suvitajaid kosutava mere, pankranniku ning Tiskre igivana kalurik\u00fclaga juba paar sajandit tagasi.<\/p>\n                            <\/div>\n                                            <\/div>\n                                    <div class=\"col-md-6 col-12\">\n                                                    <div class=\"image_container wave\">\n                                <img decoding=\"async\" src=\"https:\/\/invego.ee\/luccaranna\/wp-content\/uploads\/2021\/02\/17.jpg\" \/>\n                            <\/div>\n                                                                    <\/div>\n                            <\/div>\n                    <\/div>\n    <\/div>\n\n\n\n    <div id=\"image-block-block_602cf286ebd16\" class=\"image-block hide-mobile\">\n        \n        <img decoding=\"async\" src=\"https:\/\/invego.ee\/luccaranna\/wp-content\/uploads\/2021\/03\/18-1-scaled.jpg\" \/>\n        \n            <\/div>\n\n\n\n        <div id=\"columns-block-block_602cf2ccebd17\" class=\"columns-block text_text\" style=\"padding-top: 180px; padding-bottom: 150px;\">\n        <div class=\"container\">\n            <div class=\"row fade-in-up align-items-end align-items-end\">\n                                    <div class=\"col-md-6 col-12\">\n                                                                                                        <div class=\"text_container\" >\n                                <h2>Peenema<br \/>\nrahva<br \/>\npuhkekoht<\/h2>\n                            <\/div>\n                                            <\/div>\n                                    <div class=\"col-md-6 col-12\">\n                                                                                                        <div class=\"text_container\" >\n                                <p>19. sajandi alguses muutus oma tervise eest hoolitsemine suisa moeasjaks. Praegune Luccaranna piirkond oli koos Georg Witte supelsalongiga Kadriorus \u00fcks riigi populaarsemaid rannakuurorte nii Tallinna kui Peterburi k\u00f5rgseltskonna seas. Lucca ja Tiskre kuurorteid k\u00fclastas omal ajal nii luuletaja Pu\u0161kini perekond kui tema s\u00f5brad ning kuulus ajaloolane ja kirjanik Karamzin.<\/p>\n                            <\/div>\n                                            <\/div>\n                            <\/div>\n                    <\/div>\n    <\/div>\n\n\n\n    <div id=\"image-block-block_6033c25f475c7\" class=\"image-block hide-desktop\">\n        \n        <img decoding=\"async\" src=\"https:\/\/invego.ee\/luccaranna\/wp-content\/uploads\/2021\/03\/18-1-scaled.jpg\" \/>\n        \n            <\/div>\n\n\n\n        <div id=\"columns-block-block_602cf31bebd1a\" class=\"columns-block text_image\" style=\"padding-top: 0px; padding-bottom: 150px;\">\n        <div class=\"container\">\n            <div class=\"row fade-in-up align-items-center align-items-center\">\n                                    <div class=\"col-md-6 col-12\">\n                                                                                                        <div class=\"text_container\" >\n                                <h2>Maal\u00e4hedane rannaromantika<\/h2>\n<p>Eriti tihti sattus siia peenemat rahvast 1870ndatel p\u00e4rast Tallinna ja Peterburi vahel raudtee\u00fchenduse loomist. Puhkav h\u00e4rrasrahvas v\u00f5ttis siin osa maal\u00e4hedasest romantikast: k\u00e4is kalal, osales heinateol ja suhtles kohalike talupoegadega. K\u00f5igest sellest moodustus id\u00fcll, mida mujalt leida polnud v\u00f5imalik.<\/p>\n                            <\/div>\n                                            <\/div>\n                                    <div class=\"col-md-6 col-12\">\n                                                    <div class=\"image_container\">\n                                <img decoding=\"async\" src=\"https:\/\/invego.ee\/luccaranna\/wp-content\/uploads\/2021\/02\/19.jpg\" \/>\n                            <\/div>\n                                                                    <\/div>\n                            <\/div>\n                    <\/div>\n    <\/div>\n\n\n\n    <div id=\"image-block-block_602cf361ebd1d\" class=\"image-block hide-mobile wave\">\n                    <div class=\"container\">\n        \n        <img decoding=\"async\" src=\"https:\/\/invego.ee\/luccaranna\/wp-content\/uploads\/2021\/02\/20.jpg\" \/>\n        \n                    <\/div>\n            <\/div>\n\n\n\n        <div id=\"columns-block-block_602cf377ebd1e\" class=\"columns-block text_text\" style=\"padding-top: 85px; padding-bottom: 74px;\">\n        <div class=\"container\">\n            <div class=\"row fade-in-up align-items-start align-items-start\">\n                                    <div class=\"col-md-6 col-12\">\n                                                                                                        <div class=\"text_container\" >\n                                <h2>1977<\/h2>\n<p>1977. aastal liideti Tiskre k\u00fcla Tallinna linnaga. Siit peale algas piirkonna kiire areng \u2013 kerkisid eramajad ja joonistus v\u00e4lja t\u00e4navate v\u00f5rk. Kaunite vaadetega ranna ning eriti maalilise Rannam\u00f5isa panga l\u00e4hedus muutis Tiskre piirkonna j\u00e4rjest prestii\u017eikamaks.<\/p>\n                            <\/div>\n                                            <\/div>\n                                    <div class=\"col-md-6 col-12\">\n                                                                                                        <div class=\"text_container\" >\n                                <h2>1996<\/h2>\n<p>1996. aastal valmis siin esimesena omalaadsete seas uusi v\u00f5imalusi ja n\u00f5udmisi rahuldav elurajoon. Tiskre elurajoonist sai omamoodi s\u00fcmbol ja suunan\u00e4itaja teistele linnal\u00e4hedastele arenevatele piirkondadele. Mitmek\u00fcmne aasta jooksul iseloomustasid siinset elurajooni \u00fcksnes eramajad. Alles 2000. aastate algul valmisid esimesed korterelamud.<\/p>\n                            <\/div>\n                                            <\/div>\n                            <\/div>\n                    <\/div>\n    <\/div>\n\n\n\n        <div id=\"columns-block-block_606ac41c83318\" class=\"columns-block reverse-images text_text\" style=\"padding-top: 85px; padding-bottom: 74px;\">\n        <div class=\"container\">\n            <div class=\"row fade-in-up align-items-start align-items-start\">\n                                    <div class=\"col-md-6 col-12\">\n                                                    <div class=\"image_container\">\n                                <img decoding=\"async\" src=\"https:\/\/invego.ee\/luccaranna\/wp-content\/uploads\/2021\/04\/LUCCCA.jpg\" \/>\n                            <\/div>\n                                                                                                        <div class=\"text_container\" >\n                                <h2>2014<\/h2>\n<p>2014. aastal ehitas Invego mere \u00e4\u00e4rde turvalise ja unikaalse Lucca Kodu elurajooni. Tunnustatud arhitektide Martin Aunini ja Pia Tasa v\u00e4lja t\u00f6\u00f6tatud ala ja hoonete m\u00e4rks\u00f5nadeks on kaasaegsus, ajatus ja terviklikkus. \u00dchtse arhitektuurse ansamblina eramutest koosnev elurajoon on omaette arhitektuurne terviklik p\u00e4rl.<\/p>\n                            <\/div>\n                                            <\/div>\n                                    <div class=\"col-md-6 col-12\">\n                                                    <div class=\"image_container\">\n                                <img decoding=\"async\" src=\"https:\/\/invego.ee\/luccaranna\/wp-content\/uploads\/2021\/04\/Uus_tiskre_avaleht_1.jpg\" \/>\n                            <\/div>\n                                                                                                        <div class=\"text_container\" >\n                                <h2>2016<\/h2>\n<p>2016. aastal valmis Invego ja Eesti tipparhitekt Martin Aunini poolt kavandatud Tiskre \u00e4rimaja. Tiskre asumi ringtee \u00e4\u00e4res, m\u00f5neminutilise autos\u00f5idu kaugusel Rocca al Mare\u2019st ja Tabasalust asuv hoone annab piirkonna inimestele v\u00f5imaluse saabuda t\u00f6\u00f6le m\u00f6\u00f6da kergliiklusteid jalutades, s\u00f5ites jalgratta v\u00f5i rulluiskudega olles kodul\u00e4hedaseks \u00e4rihooneks ja nn &#8216;meeting pointiks&#8217;<\/p>\n                            <\/div>\n                                            <\/div>\n                            <\/div>\n                    <\/div>\n    <\/div>\n\n\n\n    <div id=\"image-block-block_6033ba2a29aca\" class=\"image-block hide-desktop\">\n                    <div class=\"container\">\n        \n        <img decoding=\"async\" src=\"https:\/\/invego.ee\/luccaranna\/wp-content\/uploads\/2021\/02\/20.jpg\" \/>\n        \n                    <\/div>\n            <\/div>\n","protected":false},"excerpt":{"rendered":"","protected":false},"author":1,"featured_media":0,"parent":0,"menu_order":36,"comment_status":"closed","ping_status":"closed","template":"","meta":{"_acf_changed":false,"_uag_custom_page_level_css":"","footnotes":""},"class_list":["post-52","page","type-page","status-publish","hentry"],"acf":[],"yoast_head":"<!-- This site is optimized with the Yoast SEO plugin v24.9 - https:\/\/yoast.com\/wordpress\/plugins\/seo\/ -->\n<title>Ajalugu - Luccaranna<\/title>\n<meta name=\"robots\" content=\"index, follow, max-snippet:-1, max-image-preview:large, max-video-preview:-1\" \/>\n<link rel=\"canonical\" href=\"https:\/\/invego.ee\/luccaranna\/ajalugu\/\" \/>\n<meta property=\"og:locale\" content=\"et_EE\" \/>\n<meta property=\"og:type\" content=\"article\" \/>\n<meta property=\"og:title\" content=\"Ajalugu - Luccaranna\" \/>\n<meta property=\"og:url\" content=\"https:\/\/invego.ee\/luccaranna\/ajalugu\/\" \/>\n<meta property=\"og:site_name\" content=\"Luccaranna\" \/>\n<meta property=\"article:modified_time\" content=\"2021-04-28T08:15:27+00:00\" \/>\n<meta name=\"twitter:card\" content=\"summary_large_image\" \/>\n<script type=\"application\/ld+json\" class=\"yoast-schema-graph\">{\"@context\":\"https:\/\/schema.org\",\"@graph\":[{\"@type\":\"WebPage\",\"@id\":\"https:\/\/invego.ee\/luccaranna\/ajalugu\/\",\"url\":\"https:\/\/invego.ee\/luccaranna\/ajalugu\/\",\"name\":\"Ajalugu - Luccaranna\",\"isPartOf\":{\"@id\":\"https:\/\/invego.ee\/luccaranna\/#website\"},\"datePublished\":\"2021-02-16T09:16:37+00:00\",\"dateModified\":\"2021-04-28T08:15:27+00:00\",\"breadcrumb\":{\"@id\":\"https:\/\/invego.ee\/luccaranna\/ajalugu\/#breadcrumb\"},\"inLanguage\":\"et\",\"potentialAction\":[{\"@type\":\"ReadAction\",\"target\":[\"https:\/\/invego.ee\/luccaranna\/ajalugu\/\"]}]},{\"@type\":\"BreadcrumbList\",\"@id\":\"https:\/\/invego.ee\/luccaranna\/ajalugu\/#breadcrumb\",\"itemListElement\":[{\"@type\":\"ListItem\",\"position\":1,\"name\":\"Home\",\"item\":\"https:\/\/invego.ee\/luccaranna\/\"},{\"@type\":\"ListItem\",\"position\":2,\"name\":\"Ajalugu\"}]},{\"@type\":\"WebSite\",\"@id\":\"https:\/\/invego.ee\/luccaranna\/#website\",\"url\":\"https:\/\/invego.ee\/luccaranna\/\",\"name\":\"Luccaranna\",\"description\":\"\",\"publisher\":{\"@id\":\"https:\/\/invego.ee\/luccaranna\/#organization\"},\"potentialAction\":[{\"@type\":\"SearchAction\",\"target\":{\"@type\":\"EntryPoint\",\"urlTemplate\":\"https:\/\/invego.ee\/luccaranna\/?s={search_term_string}\"},\"query-input\":{\"@type\":\"PropertyValueSpecification\",\"valueRequired\":true,\"valueName\":\"search_term_string\"}}],\"inLanguage\":\"et\"},{\"@type\":\"Organization\",\"@id\":\"https:\/\/invego.ee\/luccaranna\/#organization\",\"name\":\"Luccaranna\",\"url\":\"https:\/\/invego.ee\/luccaranna\/\",\"logo\":{\"@type\":\"ImageObject\",\"inLanguage\":\"et\",\"@id\":\"https:\/\/invego.ee\/luccaranna\/#\/schema\/logo\/image\/\",\"url\":\"https:\/\/invego.ee\/luccaranna\/wp-content\/uploads\/2021\/02\/Luccaranna_logo.svg\",\"contentUrl\":\"https:\/\/invego.ee\/luccaranna\/wp-content\/uploads\/2021\/02\/Luccaranna_logo.svg\",\"width\":237,\"height\":128,\"caption\":\"Luccaranna\"},\"image\":{\"@id\":\"https:\/\/invego.ee\/luccaranna\/#\/schema\/logo\/image\/\"}}]}<\/script>\n<!-- \/ Yoast SEO plugin. -->","yoast_head_json":{"title":"Ajalugu - Luccaranna","robots":{"index":"index","follow":"follow","max-snippet":"max-snippet:-1","max-image-preview":"max-image-preview:large","max-video-preview":"max-video-preview:-1"},"canonical":"https:\/\/invego.ee\/luccaranna\/ajalugu\/","og_locale":"et_EE","og_type":"article","og_title":"Ajalugu - Luccaranna","og_url":"https:\/\/invego.ee\/luccaranna\/ajalugu\/","og_site_name":"Luccaranna","article_modified_time":"2021-04-28T08:15:27+00:00","twitter_card":"summary_large_image","schema":{"@context":"https:\/\/schema.org","@graph":[{"@type":"WebPage","@id":"https:\/\/invego.ee\/luccaranna\/ajalugu\/","url":"https:\/\/invego.ee\/luccaranna\/ajalugu\/","name":"Ajalugu - Luccaranna","isPartOf":{"@id":"https:\/\/invego.ee\/luccaranna\/#website"},"datePublished":"2021-02-16T09:16:37+00:00","dateModified":"2021-04-28T08:15:27+00:00","breadcrumb":{"@id":"https:\/\/invego.ee\/luccaranna\/ajalugu\/#breadcrumb"},"inLanguage":"et","potentialAction":[{"@type":"ReadAction","target":["https:\/\/invego.ee\/luccaranna\/ajalugu\/"]}]},{"@type":"BreadcrumbList","@id":"https:\/\/invego.ee\/luccaranna\/ajalugu\/#breadcrumb","itemListElement":[{"@type":"ListItem","position":1,"name":"Home","item":"https:\/\/invego.ee\/luccaranna\/"},{"@type":"ListItem","position":2,"name":"Ajalugu"}]},{"@type":"WebSite","@id":"https:\/\/invego.ee\/luccaranna\/#website","url":"https:\/\/invego.ee\/luccaranna\/","name":"Luccaranna","description":"","publisher":{"@id":"https:\/\/invego.ee\/luccaranna\/#organization"},"potentialAction":[{"@type":"SearchAction","target":{"@type":"EntryPoint","urlTemplate":"https:\/\/invego.ee\/luccaranna\/?s={search_term_string}"},"query-input":{"@type":"PropertyValueSpecification","valueRequired":true,"valueName":"search_term_string"}}],"inLanguage":"et"},{"@type":"Organization","@id":"https:\/\/invego.ee\/luccaranna\/#organization","name":"Luccaranna","url":"https:\/\/invego.ee\/luccaranna\/","logo":{"@type":"ImageObject","inLanguage":"et","@id":"https:\/\/invego.ee\/luccaranna\/#\/schema\/logo\/image\/","url":"https:\/\/invego.ee\/luccaranna\/wp-content\/uploads\/2021\/02\/Luccaranna_logo.svg","contentUrl":"https:\/\/invego.ee\/luccaranna\/wp-content\/uploads\/2021\/02\/Luccaranna_logo.svg","width":237,"height":128,"caption":"Luccaranna"},"image":{"@id":"https:\/\/invego.ee\/luccaranna\/#\/schema\/logo\/image\/"}}]}},"uagb_featured_image_src":{"full":false,"thumbnail":false,"medium":false,"medium_large":false,"large":false,"1536x1536":false,"2048x2048":false,"small":false,"gallery-smaller":false,"gallery-size":false,"custom-size":false},"uagb_author_info":{"display_name":"Reaktiiv","author_link":"https:\/\/invego.ee\/luccaranna\/author\/reaktiiv\/"},"uagb_comment_info":0,"uagb_excerpt":null,"_links":{"self":[{"href":"https:\/\/invego.ee\/luccaranna\/wp-json\/wp\/v2\/pages\/52","targetHints":{"allow":["GET"]}}],"collection":[{"href":"https:\/\/invego.ee\/luccaranna\/wp-json\/wp\/v2\/pages"}],"about":[{"href":"https:\/\/invego.ee\/luccaranna\/wp-json\/wp\/v2\/types\/page"}],"author":[{"embeddable":true,"href":"https:\/\/invego.ee\/luccaranna\/wp-json\/wp\/v2\/users\/1"}],"replies":[{"embeddable":true,"href":"https:\/\/invego.ee\/luccaranna\/wp-json\/wp\/v2\/comments?post=52"}],"version-history":[{"count":68,"href":"https:\/\/invego.ee\/luccaranna\/wp-json\/wp\/v2\/pages\/52\/revisions"}],"predecessor-version":[{"id":2766,"href":"https:\/\/invego.ee\/luccaranna\/wp-json\/wp\/v2\/pages\/52\/revisions\/2766"}],"wp:attachment":[{"href":"https:\/\/invego.ee\/luccaranna\/wp-json\/wp\/v2\/media?parent=52"}],"curies":[{"name":"wp","href":"https:\/\/api.w.org\/{rel}","templated":true}]}}