{"id":4870,"date":"2021-11-30T15:44:04","date_gmt":"2021-11-30T12:44:04","guid":{"rendered":"https:\/\/invego.ee\/luccaranna\/?page_id=4870"},"modified":"2026-03-16T16:02:58","modified_gmt":"2026-03-16T13:02:58","slug":"hoonest","status":"publish","type":"page","link":"https:\/\/invego.ee\/luccaranna\/hoonest\/","title":{"rendered":"Hoonest"},"content":{"rendered":"\n<h2 class=\"wp-block-heading has-text-align-left\">HOONE TEHNILINE KIRJELDUS<\/h2>\n\n\n\n<div class=\"wp-block-columns mb124 is-layout-flex wp-container-core-columns-is-layout-9d6595d7 wp-block-columns-is-layout-flex\">\n<div class=\"wp-block-column is-layout-flow wp-block-column-is-layout-flow\">\n<p>B-energiaklassi korterid (v.a Hanijala 11 korterid, mis on A-energiaklassis); A-energiaklassi ridaelamud<\/p>\n\n\n\n<h4 class=\"wp-block-heading\">FASSAAD<\/h4>\n\n\n\n<p>V\u00e4lisseinad on soojustatud ja kaetud laudisega ning ilmastikukindla arhitektuuri sulanduva fassaadiplaadiga \u2013 vastavalt arhitektuursele lahendusele.<\/p>\n\n\n\n<h4 class=\"wp-block-heading\">KONSTRUKTSIOONID<\/h4>\n\n\n\n<p>Maja rajatakse plaatvundamendile. Maja kandvad seinad on t\u00e4isbetoneeritud \u00f5\u00f5nesplokkidest. K\u00f5ik korterite vahelised siseseinad on suurema helikindluse tagamiseks laotud 240mm paksustest ja t\u00e4isbetoneeritud \u00f5\u00f5nesplokkidest. Korteri siseseinad on silekrohvitud ja v\u00e4rvitud. \u0160ahtide seinad on laotud v\u00e4ikeplokkidest mis on korteripoolt silekrohvitud ja v\u00e4rvitud. Korterite mittekandvad siseseinad on metallkarkassil kipsplaatseinad. Vahelaed on monteeritavatest \u00f5\u00f5nespaneelidest sammum\u00fcraisolatsiooni ja betoonist tasandusvaluga. Hoonel on soojustatud lamekatus, kaetakse rullmaterjaliga.<\/p>\n\n\n\n<h4 class=\"wp-block-heading\">TREPIKOJAD <\/h4>\n\n\n\n<p>Kolmekordsetes korterelamutes on lift, v\u00e4lja arvatud 7 korteriga elamud. Maja esimesel korrusel paiknevad panipaigad.<\/p>\n\n\n\n<h4 class=\"wp-block-heading\">AKNAD<\/h4>\n\n\n\n<p>Majal on pvc-raamides aknad. Aknad on kolmekordse klaaspaketiga mis on osaliselt avatavad. Igasse tuppa j\u00e4\u00e4b v\u00e4hemalt \u00fcks tuulutatav aknaosa.<\/p>\n\n\n\n<h4 class=\"wp-block-heading\">TERRASSID JA R\u00d5DUD<\/h4>\n\n\n\n<p>Esimese korruse korteritel on terrassid. Peaaegu k\u00f5ikidel korteritel on r\u00f5du. R\u00f5duga korterites on r\u00f5dupiirdeks arhitektuuri sobituv terasv\u00f5rkpiire.<\/p>\n\n\n\n<h4 class=\"wp-block-heading\">ELEKTRIAUTO LAADIMISTARISTU<\/h4>\n\n\n\n<p>Ostuhind sisaldab elektriauto juhtmetaristu (kaablitoru ehk k\u00f5ri) paigaldamist, millesse on v\u00f5imalik panna elektrikaabel laadimispunkti paigaldamiseks (ei sisaldu hinnas). Kaablitoru paigaldatakse kahele parkimiskohale \u00fchine, kui need on \u00fche korteri kasutuses.&nbsp;Soovi korral on parkimiskoha omanikul v\u00f5imalik hiljem paigaldada elektrikilp, keskseade ja laadija, sh osta amprid.<\/p>\n\n\n\n<h4 class=\"wp-block-heading\">JAHUTUS (KONDITSIONEER)&nbsp;<\/h4>\n\n\n\n<p>Hanijala 11 ja Taludevahe 106 korteritesse on rajatud jahutuse valmidus (torustik ja kaabeldus). \u00dche ja kahetoalistel korteritel on jahutuse valmidus elutoas. Kolme ja rohkem toalisusega korteritel jahutuse valmidus elutoas ja &#8220;master bed-roomis&#8221;. Jahutusagregaadi paigaldust (juhtimiss\u00fcsteem, sise- ja v\u00e4liosa) on v\u00f5imalik tellida lisatasu eest.&nbsp;<\/p>\n<\/div>\n\n\n\n<div class=\"wp-block-column is-layout-flow wp-block-column-is-layout-flow\">\n<h4 class=\"wp-block-heading\">K\u00dcTE JA VENTILATSIOON<\/h4>\n\n\n\n<p>Kortermajade soojusallikaks on gaas. Igal kortermajal on oma gaasikatel. Ridaelamute ja kortermajade (Hanijala 11 ja Taludevahe 106) soojusallikaks on \u00f5hk-vesi soojuspump. K\u00f5ikides korterites ja ridaelamutes on vesip\u00f5randak\u00fcte ja korterip\u00f5hine soojustagastusega sundventilatsioon.<\/p>\n\n\n\n<h4 class=\"wp-block-heading\">ELEKTRIPAIGALDIS JA VALGUSTUS<\/h4>\n\n\n\n<p>Teostatakse hoone sisene elektrikaabeldus, paigaldatakse l\u00fclitid ja pistikud vastavalt korteri planeeringule. Teostatakse CAT6 andmesidekaabeldus arvestusega, et korteri ostja liitub teenuse pakkujaga.&nbsp;Korteritesse on rajatud keskne fonos\u00fcsteem trepikoja v\u00e4lisukse avamiseks. Valgustite kohtadele tuuakse valgustuse paigaldamiseks toiteotsad.<\/p>\n\n\n\n<h4 class=\"wp-block-heading\">SAUN (AINULT SAUNAGA KORTERITES)<\/h4>\n\n\n\n<p>Saunaga korterites on puidust saunalaudis ning saunalava, elektriline saunakeris.<\/p>\n\n\n\n<h4 class=\"wp-block-heading\">VIIMISTLUS<\/h4>\n\n\n\n<p>Eluruumide seinad ja laed v\u00e4rvitakse, vannitubade seinad kaetakse keraamiliste plaatidega ja\/v\u00f5i v\u00e4rvitakse vastavalt arhitektuursele projektile. Eluruumide ja esikute p\u00f5randate viimistluseks kasutatakse spoonparketti; tualettruumides, vannitubades ja saunades kaetakse p\u00f5randad keraamiliste plaatidega. Vannitubades kallet trapi suunas ei ole antud, kalle on antud du\u0161inurgas. Korterite hinnad sisaldavad siseviimistlust.<br><br>Arendaja j\u00e4tab endale \u00f5iguse asendada siinkohal kirjeldatud materjale ja seadmeid samav\u00e4\u00e4rse v\u00f5i paremaga. <\/p>\n\n\n\n<h4 class=\"wp-block-heading\">PARKIMISKOHT (ELEKTRIAUTO LAADIJA VALMIDUSEGA)<\/h4>\n\n\n\n<p>Paigaldatakse k\u00f5ri parkimiskohast liitumiskilbi k\u00f5rvele. Soovi korral on parkimiskoha omanikul v\u00f5imalik hiljem paigaldada elektrikilp ja laadija, sh osta amprid.<\/p>\n\n\n\n<h4 class=\"wp-block-heading\">\u00c4RIPINNAD&nbsp;<\/h4>\n\n\n\n<p>\u00c4ripindade betoonp\u00f5rand on kaetud tolmut\u00f5kkega. Seinapinnad on pahteldatud ja v\u00e4rvitud heledaks. Laed on \u00f5\u00f5nespaneelidest, kipslaed on viimistletud siledaks ning v\u00e4rvitud valgeks. Paigaldatutud valgustus vastab t\u00f6\u00f6koha ja liikumisteede n\u00f5uetele. Sanitaarruumide p\u00f5randad ja seinad on viimistletud keraamiliste plaatidega. \u00c4ripindadel on vesip\u00f5randak\u00fcte ning on paigaldatud jahutuss\u00fcsteemid.&nbsp;<\/p>\n<\/div>\n<\/div>\n\n\n\n<p><\/p>\n","protected":false},"excerpt":{"rendered":"HOONE TEHNILINE KIRJELDUS B-energiaklassi korterid (v.a Hanijala 11 korterid, mis on A-energiaklassis); A-energiaklassi ridaelamud FASSAAD V\u00e4lisseinad on soojustatud ja kaetud laudisega ning ilmastikukindla arhitektuuri sulanduva fassaadiplaadiga \u2013 vastavalt arhitektuursele lahendusele. KONSTRUKTSIOONID Maja rajatakse plaatvundamendile. Maja kandvad seinad on t\u00e4isbetoneeritud \u00f5\u00f5nesplokkidest. K\u00f5ik korterite vahelised siseseinad on suurema helikindluse tagamiseks laotud 240mm paksustest ja t\u00e4isbetoneeritud \u00f5\u00f5nesplokkidest. Korteri [&hellip;]","protected":false},"author":1,"featured_media":0,"parent":0,"menu_order":0,"comment_status":"closed","ping_status":"closed","template":"","meta":{"_acf_changed":false,"_uag_custom_page_level_css":"","footnotes":""},"class_list":["post-4870","page","type-page","status-publish","hentry"],"acf":[],"yoast_head":"<!-- This site is optimized with the Yoast SEO plugin v24.9 - https:\/\/yoast.com\/wordpress\/plugins\/seo\/ -->\n<title>Hoonest - Luccaranna<\/title>\n<meta name=\"robots\" content=\"index, follow, max-snippet:-1, max-image-preview:large, max-video-preview:-1\" \/>\n<link rel=\"canonical\" href=\"https:\/\/invego.ee\/luccaranna\/hoonest\/\" \/>\n<meta property=\"og:locale\" content=\"et_EE\" \/>\n<meta property=\"og:type\" content=\"article\" \/>\n<meta property=\"og:title\" content=\"Hoonest - Luccaranna\" \/>\n<meta property=\"og:description\" content=\"HOONE TEHNILINE KIRJELDUS B-energiaklassi korterid (v.a Hanijala 11 korterid, mis on A-energiaklassis); A-energiaklassi ridaelamud FASSAAD V\u00e4lisseinad on soojustatud ja kaetud laudisega ning ilmastikukindla arhitektuuri sulanduva fassaadiplaadiga \u2013 vastavalt arhitektuursele lahendusele. KONSTRUKTSIOONID Maja rajatakse plaatvundamendile. Maja kandvad seinad on t\u00e4isbetoneeritud \u00f5\u00f5nesplokkidest. K\u00f5ik korterite vahelised siseseinad on suurema helikindluse tagamiseks laotud 240mm paksustest ja t\u00e4isbetoneeritud \u00f5\u00f5nesplokkidest. Korteri [&hellip;]\" \/>\n<meta property=\"og:url\" content=\"https:\/\/invego.ee\/luccaranna\/hoonest\/\" \/>\n<meta property=\"og:site_name\" content=\"Luccaranna\" \/>\n<meta property=\"article:modified_time\" content=\"2026-03-16T13:02:58+00:00\" \/>\n<meta name=\"twitter:card\" content=\"summary_large_image\" \/>\n<meta name=\"twitter:label1\" content=\"Est. reading time\" \/>\n\t<meta name=\"twitter:data1\" content=\"3 minutit\" \/>\n<script type=\"application\/ld+json\" class=\"yoast-schema-graph\">{\"@context\":\"https:\/\/schema.org\",\"@graph\":[{\"@type\":\"WebPage\",\"@id\":\"https:\/\/invego.ee\/luccaranna\/hoonest\/\",\"url\":\"https:\/\/invego.ee\/luccaranna\/hoonest\/\",\"name\":\"Hoonest - Luccaranna\",\"isPartOf\":{\"@id\":\"https:\/\/invego.ee\/luccaranna\/#website\"},\"datePublished\":\"2021-11-30T12:44:04+00:00\",\"dateModified\":\"2026-03-16T13:02:58+00:00\",\"breadcrumb\":{\"@id\":\"https:\/\/invego.ee\/luccaranna\/hoonest\/#breadcrumb\"},\"inLanguage\":\"et\",\"potentialAction\":[{\"@type\":\"ReadAction\",\"target\":[\"https:\/\/invego.ee\/luccaranna\/hoonest\/\"]}]},{\"@type\":\"BreadcrumbList\",\"@id\":\"https:\/\/invego.ee\/luccaranna\/hoonest\/#breadcrumb\",\"itemListElement\":[{\"@type\":\"ListItem\",\"position\":1,\"name\":\"Home\",\"item\":\"https:\/\/invego.ee\/luccaranna\/\"},{\"@type\":\"ListItem\",\"position\":2,\"name\":\"Hoonest\"}]},{\"@type\":\"WebSite\",\"@id\":\"https:\/\/invego.ee\/luccaranna\/#website\",\"url\":\"https:\/\/invego.ee\/luccaranna\/\",\"name\":\"Luccaranna\",\"description\":\"\",\"publisher\":{\"@id\":\"https:\/\/invego.ee\/luccaranna\/#organization\"},\"potentialAction\":[{\"@type\":\"SearchAction\",\"target\":{\"@type\":\"EntryPoint\",\"urlTemplate\":\"https:\/\/invego.ee\/luccaranna\/?s={search_term_string}\"},\"query-input\":{\"@type\":\"PropertyValueSpecification\",\"valueRequired\":true,\"valueName\":\"search_term_string\"}}],\"inLanguage\":\"et\"},{\"@type\":\"Organization\",\"@id\":\"https:\/\/invego.ee\/luccaranna\/#organization\",\"name\":\"Luccaranna\",\"url\":\"https:\/\/invego.ee\/luccaranna\/\",\"logo\":{\"@type\":\"ImageObject\",\"inLanguage\":\"et\",\"@id\":\"https:\/\/invego.ee\/luccaranna\/#\/schema\/logo\/image\/\",\"url\":\"https:\/\/invego.ee\/luccaranna\/wp-content\/uploads\/2021\/02\/Luccaranna_logo.svg\",\"contentUrl\":\"https:\/\/invego.ee\/luccaranna\/wp-content\/uploads\/2021\/02\/Luccaranna_logo.svg\",\"width\":237,\"height\":128,\"caption\":\"Luccaranna\"},\"image\":{\"@id\":\"https:\/\/invego.ee\/luccaranna\/#\/schema\/logo\/image\/\"}}]}<\/script>\n<!-- \/ Yoast SEO plugin. -->","yoast_head_json":{"title":"Hoonest - Luccaranna","robots":{"index":"index","follow":"follow","max-snippet":"max-snippet:-1","max-image-preview":"max-image-preview:large","max-video-preview":"max-video-preview:-1"},"canonical":"https:\/\/invego.ee\/luccaranna\/hoonest\/","og_locale":"et_EE","og_type":"article","og_title":"Hoonest - Luccaranna","og_description":"HOONE TEHNILINE KIRJELDUS B-energiaklassi korterid (v.a Hanijala 11 korterid, mis on A-energiaklassis); A-energiaklassi ridaelamud FASSAAD V\u00e4lisseinad on soojustatud ja kaetud laudisega ning ilmastikukindla arhitektuuri sulanduva fassaadiplaadiga \u2013 vastavalt arhitektuursele lahendusele. KONSTRUKTSIOONID Maja rajatakse plaatvundamendile. Maja kandvad seinad on t\u00e4isbetoneeritud \u00f5\u00f5nesplokkidest. K\u00f5ik korterite vahelised siseseinad on suurema helikindluse tagamiseks laotud 240mm paksustest ja t\u00e4isbetoneeritud \u00f5\u00f5nesplokkidest. Korteri [&hellip;]","og_url":"https:\/\/invego.ee\/luccaranna\/hoonest\/","og_site_name":"Luccaranna","article_modified_time":"2026-03-16T13:02:58+00:00","twitter_card":"summary_large_image","twitter_misc":{"Est. reading time":"3 minutit"},"schema":{"@context":"https:\/\/schema.org","@graph":[{"@type":"WebPage","@id":"https:\/\/invego.ee\/luccaranna\/hoonest\/","url":"https:\/\/invego.ee\/luccaranna\/hoonest\/","name":"Hoonest - Luccaranna","isPartOf":{"@id":"https:\/\/invego.ee\/luccaranna\/#website"},"datePublished":"2021-11-30T12:44:04+00:00","dateModified":"2026-03-16T13:02:58+00:00","breadcrumb":{"@id":"https:\/\/invego.ee\/luccaranna\/hoonest\/#breadcrumb"},"inLanguage":"et","potentialAction":[{"@type":"ReadAction","target":["https:\/\/invego.ee\/luccaranna\/hoonest\/"]}]},{"@type":"BreadcrumbList","@id":"https:\/\/invego.ee\/luccaranna\/hoonest\/#breadcrumb","itemListElement":[{"@type":"ListItem","position":1,"name":"Home","item":"https:\/\/invego.ee\/luccaranna\/"},{"@type":"ListItem","position":2,"name":"Hoonest"}]},{"@type":"WebSite","@id":"https:\/\/invego.ee\/luccaranna\/#website","url":"https:\/\/invego.ee\/luccaranna\/","name":"Luccaranna","description":"","publisher":{"@id":"https:\/\/invego.ee\/luccaranna\/#organization"},"potentialAction":[{"@type":"SearchAction","target":{"@type":"EntryPoint","urlTemplate":"https:\/\/invego.ee\/luccaranna\/?s={search_term_string}"},"query-input":{"@type":"PropertyValueSpecification","valueRequired":true,"valueName":"search_term_string"}}],"inLanguage":"et"},{"@type":"Organization","@id":"https:\/\/invego.ee\/luccaranna\/#organization","name":"Luccaranna","url":"https:\/\/invego.ee\/luccaranna\/","logo":{"@type":"ImageObject","inLanguage":"et","@id":"https:\/\/invego.ee\/luccaranna\/#\/schema\/logo\/image\/","url":"https:\/\/invego.ee\/luccaranna\/wp-content\/uploads\/2021\/02\/Luccaranna_logo.svg","contentUrl":"https:\/\/invego.ee\/luccaranna\/wp-content\/uploads\/2021\/02\/Luccaranna_logo.svg","width":237,"height":128,"caption":"Luccaranna"},"image":{"@id":"https:\/\/invego.ee\/luccaranna\/#\/schema\/logo\/image\/"}}]}},"uagb_featured_image_src":{"full":false,"thumbnail":false,"medium":false,"medium_large":false,"large":false,"1536x1536":false,"2048x2048":false,"small":false,"gallery-smaller":false,"gallery-size":false,"custom-size":false},"uagb_author_info":{"display_name":"Reaktiiv","author_link":"https:\/\/invego.ee\/luccaranna\/author\/reaktiiv\/"},"uagb_comment_info":0,"uagb_excerpt":"HOONE TEHNILINE KIRJELDUS B-energiaklassi korterid (v.a Hanijala 11 korterid, mis on A-energiaklassis); A-energiaklassi ridaelamud FASSAAD V\u00e4lisseinad on soojustatud ja kaetud laudisega ning ilmastikukindla arhitektuuri sulanduva fassaadiplaadiga \u2013 vastavalt arhitektuursele lahendusele. KONSTRUKTSIOONID Maja rajatakse plaatvundamendile. Maja kandvad seinad on t\u00e4isbetoneeritud \u00f5\u00f5nesplokkidest. K\u00f5ik korterite vahelised siseseinad on suurema helikindluse tagamiseks laotud 240mm paksustest ja t\u00e4isbetoneeritud \u00f5\u00f5nesplokkidest. Korteri&hellip;","_links":{"self":[{"href":"https:\/\/invego.ee\/luccaranna\/wp-json\/wp\/v2\/pages\/4870","targetHints":{"allow":["GET"]}}],"collection":[{"href":"https:\/\/invego.ee\/luccaranna\/wp-json\/wp\/v2\/pages"}],"about":[{"href":"https:\/\/invego.ee\/luccaranna\/wp-json\/wp\/v2\/types\/page"}],"author":[{"embeddable":true,"href":"https:\/\/invego.ee\/luccaranna\/wp-json\/wp\/v2\/users\/1"}],"replies":[{"embeddable":true,"href":"https:\/\/invego.ee\/luccaranna\/wp-json\/wp\/v2\/comments?post=4870"}],"version-history":[{"count":18,"href":"https:\/\/invego.ee\/luccaranna\/wp-json\/wp\/v2\/pages\/4870\/revisions"}],"predecessor-version":[{"id":8541,"href":"https:\/\/invego.ee\/luccaranna\/wp-json\/wp\/v2\/pages\/4870\/revisions\/8541"}],"wp:attachment":[{"href":"https:\/\/invego.ee\/luccaranna\/wp-json\/wp\/v2\/media?parent=4870"}],"curies":[{"name":"wp","href":"https:\/\/api.w.org\/{rel}","templated":true}]}}