{"id":7,"date":"2020-09-17T18:31:54","date_gmt":"2020-09-17T15:31:54","guid":{"rendered":"https:\/\/invego.ee\/laheva\/\/?page_id=7"},"modified":"2024-06-27T10:57:48","modified_gmt":"2024-06-27T07:57:48","slug":"lahepere-krundid","status":"publish","type":"page","link":"https:\/\/invego.ee\/laheva\/","title":{"rendered":"Avaleht"},"content":{"rendered":"\n<div class=\"front-header-block\">\n    <div class=\"inside_wrap d-flex flex-column justify-content-between\">\n        <div class=\"background_image bg-center no-lazy\" style=\"background-image: url(https:\/\/invego.ee\/laheva\/wp-content\/uploads\/2024\/06\/dji_0932-1.jpg);\"><\/div>\n                    <div class=\"front_header_content\">\n                <h1 style=\"text-align: center;\">Mere \u00e4\u00e4res,<br \/>\nmetsa sees.<\/h1>\n<p style=\"text-align: center;\">Invego uus projekt<\/p>\n            <\/div>\n                <div class=\"btm_wrap\">\n                            <div class=\"projects_wrap\">\n                    <div class=\"container\">\n                        <div class=\"projects d-flex justify-content-around align-items-center\">\n                                                                                            <div class=\"project align-items-center\">\n                                    <a class=\"image_container d-flex justify-content-center align-items-center\" href=\"https:\/\/luccaranna.ee\/\" target=\"_blank\">\n                                        <img loading=\"lazy\" decoding=\"async\" class=\"no-lazy\" src=\"https:\/\/invego.ee\/laheva\/wp-content\/uploads\/2022\/10\/luccaranna_logo.svg\" width=\"79\" height=\"43\" alt=\"\" \/>\n                                    <\/a>\n                                <\/div>\n                                                                                            <div class=\"project align-items-center\">\n                                    <a class=\"image_container d-flex justify-content-center align-items-center\" href=\"https:\/\/uusjarvekula.ee\/\" target=\"_blank\">\n                                        <img loading=\"lazy\" decoding=\"async\" class=\"no-lazy\" src=\"https:\/\/invego.ee\/laheva\/wp-content\/uploads\/2022\/10\/uusjarvekula_logo.svg\" width=\"51\" height=\"51\" alt=\"\" \/>\n                                    <\/a>\n                                <\/div>\n                                                                                            <div class=\"project align-items-center\">\n                                    <a class=\"image_container d-flex justify-content-center align-items-center\" href=\"https:\/\/tiskreoja.ee\/\" target=\"_blank\">\n                                        <img loading=\"lazy\" decoding=\"async\" class=\"no-lazy\" src=\"https:\/\/invego.ee\/laheva\/wp-content\/uploads\/2022\/10\/tiskreoja_logo.svg\" width=\"48\" height=\"49\" alt=\"\" \/>\n                                    <\/a>\n                                <\/div>\n                                                                                            <div class=\"project align-items-center\">\n                                    <a class=\"image_container d-flex justify-content-center align-items-center\" href=\"https:\/\/keilapargikodud.ee\/\" target=\"_blank\">\n                                        <img loading=\"lazy\" decoding=\"async\" class=\"no-lazy\" src=\"https:\/\/invego.ee\/laheva\/wp-content\/uploads\/2024\/01\/keila.svg\" width=\"65\" height=\"47\" alt=\"\" \/>\n                                    <\/a>\n                                <\/div>\n                                                                                        <a class=\"projects_link\" href=\"https:\/\/invego.ee\/\" target=\"_blank\">Vaata teisi Invego projekte<\/a>\n                                                    <\/div>\n                    <\/div>\n                <\/div>\n                                        <div class=\"yellow_bar_content\">\n                    <div class=\"container\">\n                        <h2 style=\"text-align: center;\">35 unikaalset k\u00f5rghaljastusega krunti<\/h2>\n<p class=\"d-lg-block d-none\" style=\"text-align: center;\">T\u00e4iendav m\u00fc\u00fcgiinfo detsembris<\/p>\n<p class=\"d-lg-none d-block\" style=\"text-align: center;\">Suurused ca 2800-3600m2<\/p>\n                    <\/div>\n                    <div class=\"scroll_down d-flex align-items-center justify-content-center\">\n                        <img loading=\"lazy\" decoding=\"async\" class=\"no-lazy\" src=\"https:\/\/invego.ee\/laheva\/wp-content\/themes\/lahepere\/images\/icons\/scroll_down.svg\" width=\"21\" height=\"16\">\n                    <\/div>\n                <\/div>\n                    <\/div>\n   <\/div>\n<\/div>\n\n\n<div class=\"columns-images-block three_images_in_row\">\n    <div class=\"container\">\n        <div class=\"right_content_wrap row\">\n            <div class=\"right_content_inside d-flex flex-column flex-lg-row align-items-start\">\n                                    <h2 class=\"right_content_side_title fade-in-left\">Lummav asukoht<\/h2>\n                                                    <div class=\"right_content fade-in-left\">\n                        <p>Rahustav paik Sulle ja mugav elukeskkond kogu perele. Unikaalsed k\u00f5rghaljastusega suured avarad krundid mere \u00e4\u00e4res. Loo endale kodu v\u00f5i koht kuhu p\u00f5geneda n\u00e4dalavahetustel. Pakri poolsaare idakallas on eriline, seal ei puhu tugevad tuuled ja rannikul paiknevad \u00fcrglooduse alad, mis pakuvad turvalist elupaika ka v\u00e4hearvukatele linnuliikidele.<\/p>\n                    <\/div>\n                            <\/div>\n        <\/div>\n                    <div class=\"images_between row align-items-end\">\n                                                                        <div class=\"col key-0 fade-in-down\">\n                        <div class=\"image_wrap_outside\">\n                            <div class=\"image_wrap\">\n                                <div class=\"image bg-center w100 h100\" style=\"background-image: url(https:\/\/invego.ee\/laheva\/wp-content\/uploads\/2022\/10\/shutterstock_1904202550-1.jpg);\"><\/div>\n                            <\/div>\n                        <\/div>\n                    <\/div>\n                                                        <div class=\"col key-1 fade-in-right\">\n                        <div class=\"image_wrap_outside\">\n                            <div class=\"image_wrap\">\n                                <div class=\"image bg-center w100 h100\" style=\"background-image: url(https:\/\/invego.ee\/laheva\/wp-content\/uploads\/2022\/10\/shutterstock_1904202550-2.jpg);\"><\/div>\n                            <\/div>\n                        <\/div>\n                    <\/div>\n                                                        <div class=\"col key-2 fade-in-left\">\n                        <div class=\"image_wrap_outside\">\n                            <div class=\"image_wrap\">\n                                <div class=\"image bg-center w100 h100\" style=\"background-image: url(https:\/\/invego.ee\/laheva\/wp-content\/uploads\/2022\/10\/shutterstock_1904202550-3.jpg);\"><\/div>\n                            <\/div>\n                        <\/div>\n                    <\/div>\n                                                    <div class=\"col\"><\/div>\n                            <\/div>\n                        <h2 class=\"left_content_title fade-in-left\">Privaatne ja turvaline<\/h2>\n                            <div class=\"left_content_wrap row\">\n                                    <div class=\"col\">\n                        <div class=\"left_content fade-in-left\">\n                            <p>Avarad krundid annavad vabaduse luua privaatne ja mugav kodu kogu perele. \u00dcmbritsevas piirkonnas leidub mitmeid maastikukaitsealasid, mis annab kindluse ja turvalisuse, et antud piirkond j\u00e4\u00e4b puutumata.<br \/>\nNaudi aega koos pere ja parimate s\u00f5pradega. Loodusl\u00e4hedus ja aktiivne eluviis iseloomustavad kogenud arendaja Invego visiooni.<\/p>\n                        <\/div>\n                    <\/div>\n                                                                        <div class=\"right_image col\">\n                        <div class=\"image_wrap_outside\">\n                            <div class=\"image_wrap fade-in-up\">\n                                <div class=\"image bg-center w100 h100\" style=\"background-image: url(https:\/\/invego.ee\/laheva\/wp-content\/uploads\/2022\/11\/Happyhome-island.jpg);\"><\/div>\n                            <\/div>\n                        <\/div>\n                    <\/div>\n                            <\/div>\n            <\/div>\n<\/div>\n\n\n<div class=\"d-flex align-items-center justify-content-center image-block overlay\">\n        <img loading=\"lazy\" decoding=\"async\" src=\"https:\/\/invego.ee\/laheva\/wp-content\/uploads\/2022\/11\/Group-43-3-1-scaled.jpg\" class=\"image\" width=\"2560\" height=\"1294\" alt=\"\" \/>\n                <div class=\"image_content w100 h100 d-flex align-items-center justify-content-center\">\n            <div class=\"container fade-in-up\">\n                <h2 style=\"text-align: center;\">Kordumatud hetked<br \/>\nLahepere kaldal<\/h2>\n            <\/div>\n        <\/div>\n    <\/div>\n\n\n<div class=\"icons-list-block\">\n    <div class=\"container\">\n        <div class=\"row justify-content-lg-between justify-content-center fade-in-up\">\n                                            <div class=\"icon col col-md-auto col-6 d-flex flex-column align-items-center\">\n                    <div class=\"image_container d-flex justify-content-center align-items-center\">\n                        <img loading=\"lazy\" decoding=\"async\" src=\"https:\/\/invego.ee\/laheva\/wp-content\/uploads\/2022\/10\/suured_krundid.svg\" width=\"62\" height=\"85\" alt=\"\" \/>\n                    <\/div>\n                    <div class=\"text_wrapper d-flex align-items-center\">\n                        <p>Suured krundiD<\/p>\n                    <\/div>\n                <\/div>\n                                            <div class=\"icon col col-md-auto col-6 d-flex flex-column align-items-center\">\n                    <div class=\"image_container d-flex justify-content-center align-items-center\">\n                        <img loading=\"lazy\" decoding=\"async\" src=\"https:\/\/invego.ee\/laheva\/wp-content\/uploads\/2022\/10\/Group-24.svg\" width=\"84\" height=\"86\" alt=\"\" \/>\n                    <\/div>\n                    <div class=\"text_wrapper d-flex align-items-center\">\n                        <p> TALLINNAST<\/p>\n                    <\/div>\n                <\/div>\n                                            <div class=\"icon col col-md-auto col-6 d-flex flex-column align-items-center\">\n                    <div class=\"image_container d-flex justify-content-center align-items-center\">\n                        <img loading=\"lazy\" decoding=\"async\" src=\"https:\/\/invego.ee\/laheva\/wp-content\/uploads\/2022\/10\/korghaljastus_icon.svg\" width=\"109\" height=\"90\" alt=\"\" \/>\n                    <\/div>\n                    <div class=\"text_wrapper d-flex align-items-center\">\n                        <p>k\u00f5rghaljastus<\/p>\n                    <\/div>\n                <\/div>\n                                            <div class=\"icon col col-md-auto col-6 d-flex flex-column align-items-center\">\n                    <div class=\"image_container d-flex justify-content-center align-items-center\">\n                        <img loading=\"lazy\" decoding=\"async\" src=\"https:\/\/invego.ee\/laheva\/wp-content\/uploads\/2022\/10\/imelise_paikesetousuni_icon.svg\" width=\"124\" height=\"89\" alt=\"\" \/>\n                    <\/div>\n                    <div class=\"text_wrapper d-flex align-items-center\">\n                        <p>imelise p\u00e4ikeset\u00f5usuni<\/p>\n                    <\/div>\n                <\/div>\n                    <\/div>\n    <\/div>\n<\/div>\n\n\n<div class=\"columns-images-block two_images_in_row\">\n    <div class=\"container\">\n        <div class=\"right_content_wrap row\">\n            <div class=\"right_content_inside d-flex flex-column flex-lg-row align-items-start\">\n                                                    <div class=\"right_content fade-in-left\">\n                        <h2>Rahu ja vaikus<\/h2>\n<p>Hommikune karastav sulps meres ja \u00f5htune jalutusk\u00e4ik salajastel karulaugu radadel ootavad. P\u00fc\u00fca kala merest v\u00f5i l\u00e4hedal asuvatest j\u00e4rvedest. Talvel v\u00f5ib kohata ranniku \u00e4\u00e4res s\u00f5tkaid, kes on j\u00e4\u00e4nud talvituma j\u00e4\u00e4vabadele aladele. Sellel linnul on iseloomulik lendamisel tekkiv tiivavilin ehk et lausa teda n\u00e4gemata saab aimu tema kohalolust.<\/p>\n                    <\/div>\n                            <\/div>\n        <\/div>\n                    <div class=\"images_between row align-items-end\">\n                                                                        <div class=\"col key-0 fade-in-down\">\n                        <div class=\"image_wrap_outside\">\n                            <div class=\"image_wrap\">\n                                <div class=\"image bg-center w100 h100\" style=\"background-image: url(https:\/\/invego.ee\/laheva\/wp-content\/uploads\/2022\/10\/shutterstock_1904202550-5.jpg);\"><\/div>\n                            <\/div>\n                        <\/div>\n                    <\/div>\n                                                        <div class=\"col key-1 fade-in-right\">\n                        <div class=\"image_wrap_outside\">\n                            <div class=\"image_wrap\">\n                                <div class=\"image bg-center w100 h100\" style=\"background-image: url(https:\/\/invego.ee\/laheva\/wp-content\/uploads\/2022\/10\/shutterstock_1904202550-6-1.jpg);\"><\/div>\n                            <\/div>\n                        <\/div>\n                    <\/div>\n                                            <\/div>\n                                    <div class=\"left_content_wrap row\">\n                                    <div class=\"col\">\n                        <div class=\"left_content fade-in-left\">\n                            <h2>\u00d5nneks l\u00e4hedal<\/h2>\n<p>Krundid paiknevad k\u00f5igest 45-minutilise autos\u00f5idu kaugusel Tallinnast. Kloogarand ja sealne melu, vaid 8 kilomeetrit eemal. Lahepere villa elamusresto, mis on ka Michelin Guide 2022 poolt soovitatud, ootab nautlema kui otsid vaheldust. Sisseostude jaoks asuvad l\u00e4himad toidupoed 15-minutilise autos\u00f5idu kaugusel kolmes eri suunas.<\/p>\n                        <\/div>\n                    <\/div>\n                                                                        <div class=\"right_image col\">\n                        <div class=\"image_wrap_outside\">\n                            <div class=\"image_wrap fade-in-up\">\n                                <div class=\"image bg-center w100 h100\" style=\"background-image: url(https:\/\/invego.ee\/laheva\/wp-content\/uploads\/2022\/10\/shutterstock_1904202550-7.jpg);\"><\/div>\n                            <\/div>\n                        <\/div>\n                    <\/div>\n                            <\/div>\n            <\/div>\n<\/div>","protected":false},"excerpt":{"rendered":"","protected":false},"author":1,"featured_media":0,"parent":0,"menu_order":0,"comment_status":"closed","ping_status":"closed","template":"","meta":{"_acf_changed":false,"footnotes":""},"class_list":["post-7","page","type-page","status-publish","hentry"],"acf":[],"yoast_head":"<!-- This site is optimized with the Yoast SEO plugin v24.9 - https:\/\/yoast.com\/wordpress\/plugins\/seo\/ -->\n<title>Avaleht - Laheva<\/title>\n<meta name=\"description\" content=\"M\u00fc\u00fca 35 unikaalset k\u00f5rghaljastusega mere\u00e4\u00e4rset krunti Lahepere kaldal. T\u00e4ida oma unistus ja raja enda perele kodu mere \u00e4\u00e4rde.\" \/>\n<meta name=\"robots\" content=\"index, follow, max-snippet:-1, max-image-preview:large, max-video-preview:-1\" \/>\n<link rel=\"canonical\" href=\"https:\/\/invego.ee\/laheva\/\" \/>\n<meta property=\"og:locale\" content=\"et_EE\" \/>\n<meta property=\"og:type\" content=\"article\" \/>\n<meta property=\"og:title\" content=\"Avaleht - Laheva\" \/>\n<meta property=\"og:description\" content=\"M\u00fc\u00fca 35 unikaalset k\u00f5rghaljastusega mere\u00e4\u00e4rset krunti Lahepere kaldal. T\u00e4ida oma unistus ja raja enda perele kodu mere \u00e4\u00e4rde.\" \/>\n<meta property=\"og:url\" content=\"https:\/\/invego.ee\/laheva\/\" \/>\n<meta property=\"og:site_name\" content=\"Laheva\" \/>\n<meta property=\"article:modified_time\" content=\"2024-06-27T07:57:48+00:00\" \/>\n<meta property=\"og:image\" content=\"https:\/\/invego.ee\/laheva\/wp-content\/uploads\/2022\/11\/lahepererannakodud_og.jpg\" \/>\n\t<meta property=\"og:image:width\" content=\"1200\" \/>\n\t<meta property=\"og:image:height\" content=\"630\" \/>\n\t<meta property=\"og:image:type\" content=\"image\/jpeg\" \/>\n<meta name=\"twitter:card\" content=\"summary_large_image\" \/>\n<script type=\"application\/ld+json\" class=\"yoast-schema-graph\">{\"@context\":\"https:\/\/schema.org\",\"@graph\":[{\"@type\":\"WebPage\",\"@id\":\"https:\/\/invego.ee\/laheva\/\",\"url\":\"https:\/\/invego.ee\/laheva\/\",\"name\":\"Avaleht - Laheva\",\"isPartOf\":{\"@id\":\"https:\/\/invego.ee\/laheva\/#website\"},\"datePublished\":\"2020-09-17T15:31:54+00:00\",\"dateModified\":\"2024-06-27T07:57:48+00:00\",\"description\":\"M\u00fc\u00fca 35 unikaalset k\u00f5rghaljastusega mere\u00e4\u00e4rset krunti Lahepere kaldal. T\u00e4ida oma unistus ja raja enda perele kodu mere \u00e4\u00e4rde.\",\"breadcrumb\":{\"@id\":\"https:\/\/invego.ee\/laheva\/#breadcrumb\"},\"inLanguage\":\"et\",\"potentialAction\":[{\"@type\":\"ReadAction\",\"target\":[\"https:\/\/invego.ee\/laheva\/\"]}]},{\"@type\":\"BreadcrumbList\",\"@id\":\"https:\/\/invego.ee\/laheva\/#breadcrumb\",\"itemListElement\":[{\"@type\":\"ListItem\",\"position\":1,\"name\":\"Home\",\"item\":\"https:\/\/invego.ee\/laheva\/\"},{\"@type\":\"ListItem\",\"position\":2,\"name\":\"Avaleht\"}]},{\"@type\":\"WebSite\",\"@id\":\"https:\/\/invego.ee\/laheva\/#website\",\"url\":\"https:\/\/invego.ee\/laheva\/\",\"name\":\"Laheva\",\"description\":\"\",\"potentialAction\":[{\"@type\":\"SearchAction\",\"target\":{\"@type\":\"EntryPoint\",\"urlTemplate\":\"https:\/\/invego.ee\/laheva\/?s={search_term_string}\"},\"query-input\":{\"@type\":\"PropertyValueSpecification\",\"valueRequired\":true,\"valueName\":\"search_term_string\"}}],\"inLanguage\":\"et\"}]}<\/script>\n<!-- \/ Yoast SEO plugin. -->","yoast_head_json":{"title":"Avaleht - Laheva","description":"M\u00fc\u00fca 35 unikaalset k\u00f5rghaljastusega mere\u00e4\u00e4rset krunti Lahepere kaldal. T\u00e4ida oma unistus ja raja enda perele kodu mere \u00e4\u00e4rde.","robots":{"index":"index","follow":"follow","max-snippet":"max-snippet:-1","max-image-preview":"max-image-preview:large","max-video-preview":"max-video-preview:-1"},"canonical":"https:\/\/invego.ee\/laheva\/","og_locale":"et_EE","og_type":"article","og_title":"Avaleht - Laheva","og_description":"M\u00fc\u00fca 35 unikaalset k\u00f5rghaljastusega mere\u00e4\u00e4rset krunti Lahepere kaldal. T\u00e4ida oma unistus ja raja enda perele kodu mere \u00e4\u00e4rde.","og_url":"https:\/\/invego.ee\/laheva\/","og_site_name":"Laheva","article_modified_time":"2024-06-27T07:57:48+00:00","og_image":[{"width":1200,"height":630,"url":"https:\/\/invego.ee\/laheva\/wp-content\/uploads\/2022\/11\/lahepererannakodud_og.jpg","type":"image\/jpeg"}],"twitter_card":"summary_large_image","schema":{"@context":"https:\/\/schema.org","@graph":[{"@type":"WebPage","@id":"https:\/\/invego.ee\/laheva\/","url":"https:\/\/invego.ee\/laheva\/","name":"Avaleht - Laheva","isPartOf":{"@id":"https:\/\/invego.ee\/laheva\/#website"},"datePublished":"2020-09-17T15:31:54+00:00","dateModified":"2024-06-27T07:57:48+00:00","description":"M\u00fc\u00fca 35 unikaalset k\u00f5rghaljastusega mere\u00e4\u00e4rset krunti Lahepere kaldal. T\u00e4ida oma unistus ja raja enda perele kodu mere \u00e4\u00e4rde.","breadcrumb":{"@id":"https:\/\/invego.ee\/laheva\/#breadcrumb"},"inLanguage":"et","potentialAction":[{"@type":"ReadAction","target":["https:\/\/invego.ee\/laheva\/"]}]},{"@type":"BreadcrumbList","@id":"https:\/\/invego.ee\/laheva\/#breadcrumb","itemListElement":[{"@type":"ListItem","position":1,"name":"Home","item":"https:\/\/invego.ee\/laheva\/"},{"@type":"ListItem","position":2,"name":"Avaleht"}]},{"@type":"WebSite","@id":"https:\/\/invego.ee\/laheva\/#website","url":"https:\/\/invego.ee\/laheva\/","name":"Laheva","description":"","potentialAction":[{"@type":"SearchAction","target":{"@type":"EntryPoint","urlTemplate":"https:\/\/invego.ee\/laheva\/?s={search_term_string}"},"query-input":{"@type":"PropertyValueSpecification","valueRequired":true,"valueName":"search_term_string"}}],"inLanguage":"et"}]}},"_links":{"self":[{"href":"https:\/\/invego.ee\/laheva\/wp-json\/wp\/v2\/pages\/7","targetHints":{"allow":["GET"]}}],"collection":[{"href":"https:\/\/invego.ee\/laheva\/wp-json\/wp\/v2\/pages"}],"about":[{"href":"https:\/\/invego.ee\/laheva\/wp-json\/wp\/v2\/types\/page"}],"author":[{"embeddable":true,"href":"https:\/\/invego.ee\/laheva\/wp-json\/wp\/v2\/users\/1"}],"replies":[{"embeddable":true,"href":"https:\/\/invego.ee\/laheva\/wp-json\/wp\/v2\/comments?post=7"}],"version-history":[{"count":84,"href":"https:\/\/invego.ee\/laheva\/wp-json\/wp\/v2\/pages\/7\/revisions"}],"predecessor-version":[{"id":1291,"href":"https:\/\/invego.ee\/laheva\/wp-json\/wp\/v2\/pages\/7\/revisions\/1291"}],"wp:attachment":[{"href":"https:\/\/invego.ee\/laheva\/wp-json\/wp\/v2\/media?parent=7"}],"curies":[{"name":"wp","href":"https:\/\/api.w.org\/{rel}","templated":true}]}}