{"id":177,"date":"2022-10-19T09:39:55","date_gmt":"2022-10-19T06:39:55","guid":{"rendered":"https:\/\/invego.ee\/laheva\/\/?page_id=177"},"modified":"2024-11-26T15:36:04","modified_gmt":"2024-11-26T12:36:04","slug":"muugiinfo","status":"publish","type":"page","link":"https:\/\/invego.ee\/laheva\/muugiinfo\/","title":{"rendered":"M\u00fc\u00fcgiinfo"},"content":{"rendered":"\n<div class=\"info-block\">\n    <div class=\"container\">\n        <div class=\"row align-items-start\">\n\t\t\t<div class=\"col col-12 col-lg-5 contacts\">\n\t\t\t\t\t\t\t\t\t\t\t\t\t\t<div class=\"contact d-flex flex-column flex-sm-row align-items-center align-items-sm-start justify-content-start\">\n\t\t\t\t\t\t<div class=\"image_wrap\">\n\t\t\t\t\t\t\t<img loading=\"lazy\" decoding=\"async\" src=\"https:\/\/invego.ee\/laheva\/wp-content\/uploads\/2022\/10\/image-1.jpg\" width=\"384\" height=\"384\" alt=\"\" \/>\n\t\t\t\t\t\t<\/div>\n\t\t\t\t\t\t<div class=\"details\">\n\t\t\t\t\t\t\t<h3>Anu Piirsalu<\/h3>\n<p><a href=\"tel:+372 50 21 902\">+372 50 21 902<\/a><br \/>\n<a href=\"mailto:anu@invego.ee\">anu@invego.ee<\/a><\/p>\n\t\t\t\t\t\t\t\t\t\t\t\t\t\t\t<div class=\"d-flex align-items-center justify-content-center justify-content-sm-start languages\">\n\t\t\t\t\t\t\t\t\t\t\t\t\t\t\t\t\t\t\t\t\t\t\t\t\t\t\t\t\t<img loading=\"lazy\" decoding=\"async\" src=\"https:\/\/invego.ee\/laheva\/wp-content\/uploads\/2022\/10\/Group-38.svg\" width=\"23\" height=\"15\" alt=\"\" \/>\n\t\t\t\t\t\t\t\t\t\t\t\t\t\t\t\t\t\t\t\t\t\t\t\t\t\t\t\t\t<img loading=\"lazy\" decoding=\"async\" src=\"https:\/\/invego.ee\/laheva\/wp-content\/uploads\/2022\/10\/Group-37.svg\" width=\"23\" height=\"15\" alt=\"\" \/>\n\t\t\t\t\t\t\t\t\t\t\t\t\t\t\t\t\t\t\t\t\t\t\t\t\t\t\t\t\t<img loading=\"lazy\" decoding=\"async\" src=\"https:\/\/invego.ee\/laheva\/wp-content\/uploads\/2022\/10\/Group-36.svg\" width=\"23\" height=\"15\" alt=\"\" \/>\n\t\t\t\t\t\t\t\t\t\t\t\t\t\t\t\t\t<\/div>\n\t\t\t\t\t\t\t\t\t\t\t\t\t<\/div>\n\t\t\t\t\t<\/div>\n\t\t\t\t\t\t\t\t\t\t\t\t\t\t<div class=\"contact d-flex flex-column flex-sm-row align-items-center align-items-sm-start justify-content-start\">\n\t\t\t\t\t\t<div class=\"image_wrap\">\n\t\t\t\t\t\t\t<img loading=\"lazy\" decoding=\"async\" src=\"https:\/\/invego.ee\/laheva\/wp-content\/uploads\/2024\/11\/laheva-390x390.png\" width=\"390\" height=\"390\" alt=\"\" \/>\n\t\t\t\t\t\t<\/div>\n\t\t\t\t\t\t<div class=\"details\">\n\t\t\t\t\t\t\t<h3>Markus K\u00fclaviir<\/h3>\n<p><a href=\"tel:+372 58 501 284\">+372 58 501 284<\/a><br \/>\n<a href=\"mailto:markus@invego.ee\">markus@invego.ee<\/a><\/p>\n\t\t\t\t\t\t\t\t\t\t\t\t\t\t\t<div class=\"d-flex align-items-center justify-content-center justify-content-sm-start languages\">\n\t\t\t\t\t\t\t\t\t\t\t\t\t\t\t\t\t\t\t\t\t\t\t\t\t\t\t\t\t<img loading=\"lazy\" decoding=\"async\" src=\"https:\/\/invego.ee\/laheva\/wp-content\/uploads\/2022\/10\/Group-38.svg\" width=\"23\" height=\"15\" alt=\"\" \/>\n\t\t\t\t\t\t\t\t\t\t\t\t\t\t\t\t\t\t\t\t\t\t\t\t\t\t\t\t\t<img loading=\"lazy\" decoding=\"async\" src=\"https:\/\/invego.ee\/laheva\/wp-content\/uploads\/2022\/10\/Group-36.svg\" width=\"23\" height=\"15\" alt=\"\" \/>\n\t\t\t\t\t\t\t\t\t\t\t\t\t\t\t\t\t<\/div>\n\t\t\t\t\t\t\t\t\t\t\t\t\t<\/div>\n\t\t\t\t\t<\/div>\n\t\t\t\t\t\t\t<\/div>\n\t\t\t<div class=\"col col-12 col-lg-7 text\">\n\t\t\t\t<div class=\"text_wrap\">\n\t\t\t\t\t<h2>Krundi broneerimine<\/h2>\n<p>Kliendiga s\u00f5lmitakse broneerimiskokkulepe, mis kehtib v\u00f5la\u00f5igusliku(asja\u00f5igusliku) lepingu s\u00f5lmimiseni (kuni 4 n\u00e4dalat). Ostusoovi kinnitamiseks tasub ostja broneerimislepingu s\u00f5lmimisel 5000 eur suuruse ettemakse.<\/p>\n<h2>V\u00f5la\u00f5iguslik leping<\/h2>\n<p>Kliendiga s\u00f5lmitakse notariaalne v\u00f5la\u00f5iguslik m\u00fc\u00fcgileping, milles lepitakse kokku k\u00f5ik tehingu detailid. V\u00f5la\u00f5igusliku lepinguga tasub ostja 50% ostu-m\u00fc\u00fcgi tehingu v\u00e4\u00e4rtusest. V\u00f5la\u00f5igusliku lepingu s\u00f5lmimine pole kohustuslik ja v\u00f5ib s\u00f5lmida kohe asja\u00f5igusliku lepingu.<\/p>\n<h2>Aja\u00f5iguslik leping<\/h2>\n<p>Kliendiga s\u00f5lmitakse notariaalne asja\u00f5iguslik leping, ostja tasub \u00fclej\u00e4\u00e4nud osa (kogu summa) ostu-m\u00fc\u00fcgihinnast ja toimub kinnistu omandi\u00f5iguse \u00fcleminek.<\/p>\n\t\t\t\t<\/div>\n\t\t\t<\/div>\n        <\/div>\n    <\/div>\n<\/div>","protected":false},"excerpt":{"rendered":"","protected":false},"author":1,"featured_media":0,"parent":0,"menu_order":0,"comment_status":"closed","ping_status":"closed","template":"","meta":{"_acf_changed":false,"footnotes":""},"class_list":["post-177","page","type-page","status-publish","hentry"],"acf":[],"yoast_head":"<!-- This site is optimized with the Yoast SEO plugin v24.9 - https:\/\/yoast.com\/wordpress\/plugins\/seo\/ -->\n<title>M\u00fc\u00fcgiinfo - Laheva<\/title>\n<meta name=\"robots\" content=\"index, follow, max-snippet:-1, max-image-preview:large, max-video-preview:-1\" \/>\n<link rel=\"canonical\" href=\"https:\/\/invego.ee\/laheva\/muugiinfo\/\" \/>\n<meta property=\"og:locale\" content=\"et_EE\" \/>\n<meta property=\"og:type\" content=\"article\" \/>\n<meta property=\"og:title\" content=\"M\u00fc\u00fcgiinfo - Laheva\" \/>\n<meta property=\"og:url\" content=\"https:\/\/invego.ee\/laheva\/muugiinfo\/\" \/>\n<meta property=\"og:site_name\" content=\"Laheva\" \/>\n<meta property=\"article:modified_time\" content=\"2024-11-26T12:36:04+00:00\" \/>\n<meta property=\"og:image\" content=\"https:\/\/invego.ee\/laheva\/wp-content\/uploads\/2022\/11\/lahepererannakodud_og.jpg\" \/>\n\t<meta property=\"og:image:width\" content=\"1200\" \/>\n\t<meta property=\"og:image:height\" content=\"630\" \/>\n\t<meta property=\"og:image:type\" content=\"image\/jpeg\" \/>\n<meta name=\"twitter:card\" content=\"summary_large_image\" \/>\n<script type=\"application\/ld+json\" class=\"yoast-schema-graph\">{\"@context\":\"https:\/\/schema.org\",\"@graph\":[{\"@type\":\"WebPage\",\"@id\":\"https:\/\/invego.ee\/laheva\/muugiinfo\/\",\"url\":\"https:\/\/invego.ee\/laheva\/muugiinfo\/\",\"name\":\"M\u00fc\u00fcgiinfo - Laheva\",\"isPartOf\":{\"@id\":\"https:\/\/invego.ee\/laheva\/#website\"},\"datePublished\":\"2022-10-19T06:39:55+00:00\",\"dateModified\":\"2024-11-26T12:36:04+00:00\",\"breadcrumb\":{\"@id\":\"https:\/\/invego.ee\/laheva\/muugiinfo\/#breadcrumb\"},\"inLanguage\":\"et\",\"potentialAction\":[{\"@type\":\"ReadAction\",\"target\":[\"https:\/\/invego.ee\/laheva\/muugiinfo\/\"]}]},{\"@type\":\"BreadcrumbList\",\"@id\":\"https:\/\/invego.ee\/laheva\/muugiinfo\/#breadcrumb\",\"itemListElement\":[{\"@type\":\"ListItem\",\"position\":1,\"name\":\"Home\",\"item\":\"https:\/\/invego.ee\/laheva\/\"},{\"@type\":\"ListItem\",\"position\":2,\"name\":\"M\u00fc\u00fcgiinfo\"}]},{\"@type\":\"WebSite\",\"@id\":\"https:\/\/invego.ee\/laheva\/#website\",\"url\":\"https:\/\/invego.ee\/laheva\/\",\"name\":\"Laheva\",\"description\":\"\",\"potentialAction\":[{\"@type\":\"SearchAction\",\"target\":{\"@type\":\"EntryPoint\",\"urlTemplate\":\"https:\/\/invego.ee\/laheva\/?s={search_term_string}\"},\"query-input\":{\"@type\":\"PropertyValueSpecification\",\"valueRequired\":true,\"valueName\":\"search_term_string\"}}],\"inLanguage\":\"et\"}]}<\/script>\n<!-- \/ Yoast SEO plugin. -->","yoast_head_json":{"title":"M\u00fc\u00fcgiinfo - Laheva","robots":{"index":"index","follow":"follow","max-snippet":"max-snippet:-1","max-image-preview":"max-image-preview:large","max-video-preview":"max-video-preview:-1"},"canonical":"https:\/\/invego.ee\/laheva\/muugiinfo\/","og_locale":"et_EE","og_type":"article","og_title":"M\u00fc\u00fcgiinfo - Laheva","og_url":"https:\/\/invego.ee\/laheva\/muugiinfo\/","og_site_name":"Laheva","article_modified_time":"2024-11-26T12:36:04+00:00","og_image":[{"width":1200,"height":630,"url":"https:\/\/invego.ee\/laheva\/wp-content\/uploads\/2022\/11\/lahepererannakodud_og.jpg","type":"image\/jpeg"}],"twitter_card":"summary_large_image","schema":{"@context":"https:\/\/schema.org","@graph":[{"@type":"WebPage","@id":"https:\/\/invego.ee\/laheva\/muugiinfo\/","url":"https:\/\/invego.ee\/laheva\/muugiinfo\/","name":"M\u00fc\u00fcgiinfo - Laheva","isPartOf":{"@id":"https:\/\/invego.ee\/laheva\/#website"},"datePublished":"2022-10-19T06:39:55+00:00","dateModified":"2024-11-26T12:36:04+00:00","breadcrumb":{"@id":"https:\/\/invego.ee\/laheva\/muugiinfo\/#breadcrumb"},"inLanguage":"et","potentialAction":[{"@type":"ReadAction","target":["https:\/\/invego.ee\/laheva\/muugiinfo\/"]}]},{"@type":"BreadcrumbList","@id":"https:\/\/invego.ee\/laheva\/muugiinfo\/#breadcrumb","itemListElement":[{"@type":"ListItem","position":1,"name":"Home","item":"https:\/\/invego.ee\/laheva\/"},{"@type":"ListItem","position":2,"name":"M\u00fc\u00fcgiinfo"}]},{"@type":"WebSite","@id":"https:\/\/invego.ee\/laheva\/#website","url":"https:\/\/invego.ee\/laheva\/","name":"Laheva","description":"","potentialAction":[{"@type":"SearchAction","target":{"@type":"EntryPoint","urlTemplate":"https:\/\/invego.ee\/laheva\/?s={search_term_string}"},"query-input":{"@type":"PropertyValueSpecification","valueRequired":true,"valueName":"search_term_string"}}],"inLanguage":"et"}]}},"_links":{"self":[{"href":"https:\/\/invego.ee\/laheva\/wp-json\/wp\/v2\/pages\/177","targetHints":{"allow":["GET"]}}],"collection":[{"href":"https:\/\/invego.ee\/laheva\/wp-json\/wp\/v2\/pages"}],"about":[{"href":"https:\/\/invego.ee\/laheva\/wp-json\/wp\/v2\/types\/page"}],"author":[{"embeddable":true,"href":"https:\/\/invego.ee\/laheva\/wp-json\/wp\/v2\/users\/1"}],"replies":[{"embeddable":true,"href":"https:\/\/invego.ee\/laheva\/wp-json\/wp\/v2\/comments?post=177"}],"version-history":[{"count":26,"href":"https:\/\/invego.ee\/laheva\/wp-json\/wp\/v2\/pages\/177\/revisions"}],"predecessor-version":[{"id":1304,"href":"https:\/\/invego.ee\/laheva\/wp-json\/wp\/v2\/pages\/177\/revisions\/1304"}],"wp:attachment":[{"href":"https:\/\/invego.ee\/laheva\/wp-json\/wp\/v2\/media?parent=177"}],"curies":[{"name":"wp","href":"https:\/\/api.w.org\/{rel}","templated":true}]}}