{"id":174,"date":"2022-10-19T09:38:21","date_gmt":"2022-10-19T06:38:21","guid":{"rendered":"https:\/\/invego.ee\/laheva\/\/?page_id=174"},"modified":"2024-06-27T10:49:59","modified_gmt":"2024-06-27T07:49:59","slug":"lahepere","status":"publish","type":"page","link":"https:\/\/invego.ee\/laheva\/lahepere\/","title":{"rendered":"Galerii"},"content":{"rendered":"\n<div class=\"gallery-block\">\n            <div class=\"container-fluid\">\n            <div class=\"gallery\">\n                            <div class=\"row\">\n                                                                                        <div class=\"col col-12 image_wrap col-md-4\">\n                            <a href=\"https:\/\/invego.ee\/laheva\/wp-content\/uploads\/2024\/06\/lahepere_pin_1-1.png\" class=\"image bg-center no-lazy\" data-fancybox=\"gallery\" style=\"background-image:url(https:\/\/invego.ee\/laheva\/wp-content\/uploads\/2024\/06\/lahepere_pin_1-1.png);\"><\/a>\n                        <\/div>\n                                                                    <div class=\"col col-12 image_wrap col-md-4\">\n                            <a href=\"https:\/\/invego.ee\/laheva\/wp-content\/uploads\/2022\/11\/1-rida-vasakul.jpg\" class=\"image bg-center no-lazy\" data-fancybox=\"gallery\" style=\"background-image:url(https:\/\/invego.ee\/laheva\/wp-content\/uploads\/2022\/11\/1-rida-vasakul.jpg);\"><\/a>\n                        <\/div>\n                                                                    <div class=\"col col-12 image_wrap col-md-4\">\n                            <a href=\"https:\/\/invego.ee\/laheva\/wp-content\/uploads\/2022\/11\/1-rida-keskel.jpg\" class=\"image bg-center no-lazy\" data-fancybox=\"gallery\" style=\"background-image:url(https:\/\/invego.ee\/laheva\/wp-content\/uploads\/2022\/11\/1-rida-keskel.jpg);\"><\/a>\n                        <\/div>\n                                                                    <div class=\"col col-12 image_wrap col-md-8 long\">\n                            <a href=\"https:\/\/invego.ee\/laheva\/wp-content\/uploads\/2022\/10\/Kloogaranna-9.jpg\" class=\"image bg-center no-lazy\" data-fancybox=\"gallery\" style=\"background-image:url(https:\/\/invego.ee\/laheva\/wp-content\/uploads\/2022\/10\/Kloogaranna-9.jpg);\"><\/a>\n                        <\/div>\n                                                                    <div class=\"col col-12 image_wrap col-md-4\">\n                            <a href=\"https:\/\/invego.ee\/laheva\/wp-content\/uploads\/2022\/10\/Kloogaranna-4.jpg\" class=\"image bg-center no-lazy\" data-fancybox=\"gallery\" style=\"background-image:url(https:\/\/invego.ee\/laheva\/wp-content\/uploads\/2022\/10\/Kloogaranna-4.jpg);\"><\/a>\n                        <\/div>\n                                                                    <div class=\"col col-12 image_wrap col-md-4\">\n                            <a href=\"https:\/\/invego.ee\/laheva\/wp-content\/uploads\/2022\/10\/Kloogaranna-10.jpg\" class=\"image bg-center no-lazy\" data-fancybox=\"gallery\" style=\"background-image:url(https:\/\/invego.ee\/laheva\/wp-content\/uploads\/2022\/10\/Kloogaranna-10.jpg);\"><\/a>\n                        <\/div>\n                                                                    <div class=\"col col-12 image_wrap col-md-4\">\n                            <a href=\"https:\/\/invego.ee\/laheva\/wp-content\/uploads\/2022\/11\/3-rida-vasakul.jpg\" class=\"image bg-center no-lazy\" data-fancybox=\"gallery\" style=\"background-image:url(https:\/\/invego.ee\/laheva\/wp-content\/uploads\/2022\/11\/3-rida-vasakul.jpg);\"><\/a>\n                        <\/div>\n                                                                    <div class=\"col col-12 image_wrap col-md-4\">\n                            <a href=\"https:\/\/invego.ee\/laheva\/wp-content\/uploads\/2022\/10\/Kloogaranna-8.jpg\" class=\"image bg-center no-lazy\" data-fancybox=\"gallery\" style=\"background-image:url(https:\/\/invego.ee\/laheva\/wp-content\/uploads\/2022\/10\/Kloogaranna-8.jpg);\"><\/a>\n                        <\/div>\n                                    <\/div>\n                            <div class=\"row\">\n                                                                                        <div class=\"col col-12 image_wrap col-md-4\">\n                            <a href=\"https:\/\/invego.ee\/laheva\/wp-content\/uploads\/2022\/11\/3-rida-paremal.jpg\" class=\"image bg-center\" data-fancybox=\"gallery\" style=\"background-image:url(https:\/\/invego.ee\/laheva\/wp-content\/uploads\/2022\/11\/3-rida-paremal.jpg);\"><\/a>\n                        <\/div>\n                                                                    <div class=\"col col-12 image_wrap col-md-4\">\n                            <a href=\"https:\/\/invego.ee\/laheva\/wp-content\/uploads\/2022\/11\/4-rida-suure-foto-korval-vasakul.jpg\" class=\"image bg-center\" data-fancybox=\"gallery\" style=\"background-image:url(https:\/\/invego.ee\/laheva\/wp-content\/uploads\/2022\/11\/4-rida-suure-foto-korval-vasakul.jpg);\"><\/a>\n                        <\/div>\n                                                                    <div class=\"col col-12 image_wrap col-md-4\">\n                            <a href=\"https:\/\/invego.ee\/laheva\/wp-content\/uploads\/2022\/11\/4-rida-Suurelt-nagu-on-linnu-foto-ainult-paremal.jpg\" class=\"image bg-center\" data-fancybox=\"gallery\" style=\"background-image:url(https:\/\/invego.ee\/laheva\/wp-content\/uploads\/2022\/11\/4-rida-Suurelt-nagu-on-linnu-foto-ainult-paremal.jpg);\"><\/a>\n                        <\/div>\n                                                                    <div class=\"col col-12 image_wrap col-md-8 long\">\n                            <a href=\"https:\/\/invego.ee\/laheva\/wp-content\/uploads\/2022\/11\/5-rida-vasakul.jpg\" class=\"image bg-center\" data-fancybox=\"gallery\" style=\"background-image:url(https:\/\/invego.ee\/laheva\/wp-content\/uploads\/2022\/11\/5-rida-vasakul.jpg);\"><\/a>\n                        <\/div>\n                                                                    <div class=\"col col-12 image_wrap col-md-4\">\n                            <a href=\"https:\/\/invego.ee\/laheva\/wp-content\/uploads\/2022\/11\/5-rida-keskel-.jpg\" class=\"image bg-center\" data-fancybox=\"gallery\" style=\"background-image:url(https:\/\/invego.ee\/laheva\/wp-content\/uploads\/2022\/11\/5-rida-keskel-.jpg);\"><\/a>\n                        <\/div>\n                                                                    <div class=\"col col-12 image_wrap col-md-4\">\n                            <a href=\"https:\/\/invego.ee\/laheva\/wp-content\/uploads\/2022\/11\/5-rida-paremal.jpg\" class=\"image bg-center\" data-fancybox=\"gallery\" style=\"background-image:url(https:\/\/invego.ee\/laheva\/wp-content\/uploads\/2022\/11\/5-rida-paremal.jpg);\"><\/a>\n                        <\/div>\n                                                                    <div class=\"col col-12 image_wrap col-md-4\">\n                            <a href=\"https:\/\/invego.ee\/laheva\/wp-content\/uploads\/2023\/06\/dsc0952.jpg\" class=\"image bg-center\" data-fancybox=\"gallery\" style=\"background-image:url(https:\/\/invego.ee\/laheva\/wp-content\/uploads\/2023\/06\/dsc0952.jpg);\"><\/a>\n                        <\/div>\n                                                                    <div class=\"col col-12 image_wrap col-md-4\">\n                            <a href=\"https:\/\/invego.ee\/laheva\/wp-content\/uploads\/2023\/06\/dsc0955.jpg\" class=\"image bg-center\" data-fancybox=\"gallery\" style=\"background-image:url(https:\/\/invego.ee\/laheva\/wp-content\/uploads\/2023\/06\/dsc0955.jpg);\"><\/a>\n                        <\/div>\n                                    <\/div>\n                            <div class=\"row\">\n                                                                                        <div class=\"col col-12 image_wrap col-md-4\">\n                            <a href=\"https:\/\/invego.ee\/laheva\/wp-content\/uploads\/2023\/06\/dsc0961.jpg\" class=\"image bg-center\" data-fancybox=\"gallery\" style=\"background-image:url(https:\/\/invego.ee\/laheva\/wp-content\/uploads\/2023\/06\/dsc0961.jpg);\"><\/a>\n                        <\/div>\n                                                                    <div class=\"col col-12 image_wrap col-md-4\">\n                            <a href=\"https:\/\/invego.ee\/laheva\/wp-content\/uploads\/2023\/06\/dji_0912.jpg\" class=\"image bg-center\" data-fancybox=\"gallery\" style=\"background-image:url(https:\/\/invego.ee\/laheva\/wp-content\/uploads\/2023\/06\/dji_0912.jpg);\"><\/a>\n                        <\/div>\n                                                                    <div class=\"col col-12 image_wrap col-md-4\">\n                            <a href=\"https:\/\/invego.ee\/laheva\/wp-content\/uploads\/2023\/06\/dji_0915.jpg\" class=\"image bg-center\" data-fancybox=\"gallery\" style=\"background-image:url(https:\/\/invego.ee\/laheva\/wp-content\/uploads\/2023\/06\/dji_0915.jpg);\"><\/a>\n                        <\/div>\n                                                                    <div class=\"col col-12 image_wrap col-md-12 full\">\n                            <a href=\"https:\/\/invego.ee\/laheva\/wp-content\/uploads\/2023\/06\/dji_0918.jpg\" class=\"image bg-center\" data-fancybox=\"gallery\" style=\"background-image:url(https:\/\/invego.ee\/laheva\/wp-content\/uploads\/2023\/06\/dji_0918.jpg);\"><\/a>\n                        <\/div>\n                                    <\/div>\n                    <\/div>\n    <\/div>\n<\/div>","protected":false},"excerpt":{"rendered":"","protected":false},"author":1,"featured_media":0,"parent":0,"menu_order":0,"comment_status":"closed","ping_status":"closed","template":"page-templates\/template-no-title.php","meta":{"_acf_changed":false,"footnotes":""},"class_list":["post-174","page","type-page","status-publish","hentry"],"acf":[],"yoast_head":"<!-- This site is optimized with the Yoast SEO plugin v24.9 - https:\/\/yoast.com\/wordpress\/plugins\/seo\/ -->\n<title>Galerii - Laheva<\/title>\n<meta name=\"description\" content=\"M\u00fc\u00fca 35 unikaalset k\u00f5rghaljastusega mere\u00e4\u00e4rset krunti Lahepere kaldal. T\u00e4ida oma unistus ja raja enda perele kodu mere \u00e4\u00e4rde.\" \/>\n<meta name=\"robots\" content=\"index, follow, max-snippet:-1, max-image-preview:large, max-video-preview:-1\" \/>\n<link rel=\"canonical\" href=\"https:\/\/invego.ee\/laheva\/lahepere\/\" \/>\n<meta property=\"og:locale\" content=\"et_EE\" \/>\n<meta property=\"og:type\" content=\"article\" \/>\n<meta property=\"og:title\" content=\"Galerii - Laheva\" \/>\n<meta property=\"og:description\" content=\"M\u00fc\u00fca 35 unikaalset k\u00f5rghaljastusega mere\u00e4\u00e4rset krunti Lahepere kaldal. T\u00e4ida oma unistus ja raja enda perele kodu mere \u00e4\u00e4rde.\" \/>\n<meta property=\"og:url\" content=\"https:\/\/invego.ee\/laheva\/lahepere\/\" \/>\n<meta property=\"og:site_name\" content=\"Laheva\" \/>\n<meta property=\"article:modified_time\" content=\"2024-06-27T07:49:59+00:00\" \/>\n<meta property=\"og:image\" content=\"https:\/\/invego.ee\/laheva\/wp-content\/uploads\/2022\/11\/lahepererannakodud_og.jpg\" \/>\n\t<meta property=\"og:image:width\" content=\"1200\" \/>\n\t<meta property=\"og:image:height\" content=\"630\" \/>\n\t<meta property=\"og:image:type\" content=\"image\/jpeg\" \/>\n<meta name=\"twitter:card\" content=\"summary_large_image\" \/>\n<script type=\"application\/ld+json\" class=\"yoast-schema-graph\">{\"@context\":\"https:\/\/schema.org\",\"@graph\":[{\"@type\":\"WebPage\",\"@id\":\"https:\/\/invego.ee\/laheva\/lahepere\/\",\"url\":\"https:\/\/invego.ee\/laheva\/lahepere\/\",\"name\":\"Galerii - Laheva\",\"isPartOf\":{\"@id\":\"https:\/\/invego.ee\/laheva\/#website\"},\"datePublished\":\"2022-10-19T06:38:21+00:00\",\"dateModified\":\"2024-06-27T07:49:59+00:00\",\"description\":\"M\u00fc\u00fca 35 unikaalset k\u00f5rghaljastusega mere\u00e4\u00e4rset krunti Lahepere kaldal. T\u00e4ida oma unistus ja raja enda perele kodu mere \u00e4\u00e4rde.\",\"breadcrumb\":{\"@id\":\"https:\/\/invego.ee\/laheva\/lahepere\/#breadcrumb\"},\"inLanguage\":\"et\",\"potentialAction\":[{\"@type\":\"ReadAction\",\"target\":[\"https:\/\/invego.ee\/laheva\/lahepere\/\"]}]},{\"@type\":\"BreadcrumbList\",\"@id\":\"https:\/\/invego.ee\/laheva\/lahepere\/#breadcrumb\",\"itemListElement\":[{\"@type\":\"ListItem\",\"position\":1,\"name\":\"Home\",\"item\":\"https:\/\/invego.ee\/laheva\/\"},{\"@type\":\"ListItem\",\"position\":2,\"name\":\"Galerii\"}]},{\"@type\":\"WebSite\",\"@id\":\"https:\/\/invego.ee\/laheva\/#website\",\"url\":\"https:\/\/invego.ee\/laheva\/\",\"name\":\"Laheva\",\"description\":\"\",\"potentialAction\":[{\"@type\":\"SearchAction\",\"target\":{\"@type\":\"EntryPoint\",\"urlTemplate\":\"https:\/\/invego.ee\/laheva\/?s={search_term_string}\"},\"query-input\":{\"@type\":\"PropertyValueSpecification\",\"valueRequired\":true,\"valueName\":\"search_term_string\"}}],\"inLanguage\":\"et\"}]}<\/script>\n<!-- \/ Yoast SEO plugin. -->","yoast_head_json":{"title":"Galerii - Laheva","description":"M\u00fc\u00fca 35 unikaalset k\u00f5rghaljastusega mere\u00e4\u00e4rset krunti Lahepere kaldal. T\u00e4ida oma unistus ja raja enda perele kodu mere \u00e4\u00e4rde.","robots":{"index":"index","follow":"follow","max-snippet":"max-snippet:-1","max-image-preview":"max-image-preview:large","max-video-preview":"max-video-preview:-1"},"canonical":"https:\/\/invego.ee\/laheva\/lahepere\/","og_locale":"et_EE","og_type":"article","og_title":"Galerii - Laheva","og_description":"M\u00fc\u00fca 35 unikaalset k\u00f5rghaljastusega mere\u00e4\u00e4rset krunti Lahepere kaldal. T\u00e4ida oma unistus ja raja enda perele kodu mere \u00e4\u00e4rde.","og_url":"https:\/\/invego.ee\/laheva\/lahepere\/","og_site_name":"Laheva","article_modified_time":"2024-06-27T07:49:59+00:00","og_image":[{"width":1200,"height":630,"url":"https:\/\/invego.ee\/laheva\/wp-content\/uploads\/2022\/11\/lahepererannakodud_og.jpg","type":"image\/jpeg"}],"twitter_card":"summary_large_image","schema":{"@context":"https:\/\/schema.org","@graph":[{"@type":"WebPage","@id":"https:\/\/invego.ee\/laheva\/lahepere\/","url":"https:\/\/invego.ee\/laheva\/lahepere\/","name":"Galerii - Laheva","isPartOf":{"@id":"https:\/\/invego.ee\/laheva\/#website"},"datePublished":"2022-10-19T06:38:21+00:00","dateModified":"2024-06-27T07:49:59+00:00","description":"M\u00fc\u00fca 35 unikaalset k\u00f5rghaljastusega mere\u00e4\u00e4rset krunti Lahepere kaldal. T\u00e4ida oma unistus ja raja enda perele kodu mere \u00e4\u00e4rde.","breadcrumb":{"@id":"https:\/\/invego.ee\/laheva\/lahepere\/#breadcrumb"},"inLanguage":"et","potentialAction":[{"@type":"ReadAction","target":["https:\/\/invego.ee\/laheva\/lahepere\/"]}]},{"@type":"BreadcrumbList","@id":"https:\/\/invego.ee\/laheva\/lahepere\/#breadcrumb","itemListElement":[{"@type":"ListItem","position":1,"name":"Home","item":"https:\/\/invego.ee\/laheva\/"},{"@type":"ListItem","position":2,"name":"Galerii"}]},{"@type":"WebSite","@id":"https:\/\/invego.ee\/laheva\/#website","url":"https:\/\/invego.ee\/laheva\/","name":"Laheva","description":"","potentialAction":[{"@type":"SearchAction","target":{"@type":"EntryPoint","urlTemplate":"https:\/\/invego.ee\/laheva\/?s={search_term_string}"},"query-input":{"@type":"PropertyValueSpecification","valueRequired":true,"valueName":"search_term_string"}}],"inLanguage":"et"}]}},"_links":{"self":[{"href":"https:\/\/invego.ee\/laheva\/wp-json\/wp\/v2\/pages\/174","targetHints":{"allow":["GET"]}}],"collection":[{"href":"https:\/\/invego.ee\/laheva\/wp-json\/wp\/v2\/pages"}],"about":[{"href":"https:\/\/invego.ee\/laheva\/wp-json\/wp\/v2\/types\/page"}],"author":[{"embeddable":true,"href":"https:\/\/invego.ee\/laheva\/wp-json\/wp\/v2\/users\/1"}],"replies":[{"embeddable":true,"href":"https:\/\/invego.ee\/laheva\/wp-json\/wp\/v2\/comments?post=174"}],"version-history":[{"count":46,"href":"https:\/\/invego.ee\/laheva\/wp-json\/wp\/v2\/pages\/174\/revisions"}],"predecessor-version":[{"id":1286,"href":"https:\/\/invego.ee\/laheva\/wp-json\/wp\/v2\/pages\/174\/revisions\/1286"}],"wp:attachment":[{"href":"https:\/\/invego.ee\/laheva\/wp-json\/wp\/v2\/media?parent=174"}],"curies":[{"name":"wp","href":"https:\/\/api.w.org\/{rel}","templated":true}]}}