{"id":172,"date":"2022-10-19T09:38:13","date_gmt":"2022-10-19T06:38:13","guid":{"rendered":"https:\/\/invego.ee\/laheva\/\/?page_id=172"},"modified":"2025-12-05T16:58:11","modified_gmt":"2025-12-05T13:58:11","slug":"hinnad-krundid","status":"publish","type":"page","link":"https:\/\/invego.ee\/laheva\/hinnad-krundid\/","title":{"rendered":"Hinnad\/krundid"},"content":{"rendered":"\n<div class=\"pricetable-bottom-block\">\n    <div class=\"container\">\n        <div class=\"row\">\n\t\t\t<div class=\"text col col-lg-5 col-12\">\n\t\t\t\t<h2>Kodulahendusi pakub <em>Happy Home<\/em><\/h2>\n<p>Avarad Laheva villade krundid loovad v\u00f5imaluse luua unistuste kodu. \u00dchtlane disainikeel lisab v\u00e4\u00e4rtust kogu piirkonnale ja seet\u00f5ttu alustasime koost\u00f6\u00f6d keskkonnas\u00f5bralike disainmajasid pakkuva Happy Homega. Happy Home on arhitektuurib\u00fcroo ja ehitusfirma koos, mis pakub ajatu disainiga kiiret ja mugavat t\u00e4isteenust kodu loomiseks.<\/p>\n\t\t\t<\/div>\n            <div class=\"image col col-lg-7 col-12\">\n\t\t\t\t\t\t\t\t\t<div class=\"image_row d-flex justify-content-between w100\">\n\t\t\t\t\t\t\t\t\t\t\t\t<div class=\"image_wrapper\">\n\t\t\t\t\t\t\t<div class=\"image bg-center\" style=\"background-image: url(https:\/\/invego.ee\/laheva\/wp-content\/uploads\/2022\/10\/shutterstock_1904202550-1.png)\"><\/div>\n\t\t\t\t\t\t<\/div>\n\t\t\t\t\t<\/div>\n\t\t\t\t\t\t\t\t\t<div class=\"image_row d-flex justify-content-between w100\">\n\t\t\t\t\t\t                            <div class=\"link_wrap d-flex flex-column\">\n                                                                <p>Rohkem infot majade kohta<\/p>\n                                \t\t\t\t\t\t\t    <a href=\"https:\/\/www.happyhome.ee\" target=\"_blank\">www.happyhome.ee<\/a>\n                            <\/div>\n\t\t\t\t\t\t\t\t\t\t\t\t<div class=\"image_wrapper\">\n\t\t\t\t\t\t\t<div class=\"image bg-center\" style=\"background-image: url(https:\/\/invego.ee\/laheva\/wp-content\/uploads\/2022\/10\/shutterstock_1904202550-3-1.png)\"><\/div>\n\t\t\t\t\t\t<\/div>\n\t\t\t\t\t<\/div>\n\t\t\t\t            <\/div>\n        <\/div>\n    <\/div>\n<\/div>","protected":false},"excerpt":{"rendered":"","protected":false},"author":1,"featured_media":0,"parent":0,"menu_order":0,"comment_status":"closed","ping_status":"closed","template":"page-templates\/template-pricetable.php","meta":{"_acf_changed":false,"footnotes":""},"class_list":["post-172","page","type-page","status-publish","hentry"],"acf":[],"yoast_head":"<!-- This site is optimized with the Yoast SEO plugin v24.9 - https:\/\/yoast.com\/wordpress\/plugins\/seo\/ -->\n<title>Hinnad\/krundid - Laheva<\/title>\n<meta name=\"robots\" content=\"index, follow, max-snippet:-1, max-image-preview:large, max-video-preview:-1\" \/>\n<link rel=\"canonical\" href=\"https:\/\/invego.ee\/laheva\/hinnad-krundid\/\" \/>\n<meta property=\"og:locale\" content=\"et_EE\" \/>\n<meta property=\"og:type\" content=\"article\" \/>\n<meta property=\"og:title\" content=\"Hinnad\/krundid - Laheva\" \/>\n<meta property=\"og:url\" content=\"https:\/\/invego.ee\/laheva\/hinnad-krundid\/\" \/>\n<meta property=\"og:site_name\" content=\"Laheva\" \/>\n<meta property=\"article:modified_time\" content=\"2025-12-05T13:58:11+00:00\" \/>\n<meta property=\"og:image\" content=\"https:\/\/invego.ee\/laheva\/wp-content\/uploads\/2022\/11\/lahepererannakodud_og.jpg\" \/>\n\t<meta property=\"og:image:width\" content=\"1200\" \/>\n\t<meta property=\"og:image:height\" content=\"630\" \/>\n\t<meta property=\"og:image:type\" content=\"image\/jpeg\" \/>\n<meta name=\"twitter:card\" content=\"summary_large_image\" \/>\n<script type=\"application\/ld+json\" class=\"yoast-schema-graph\">{\"@context\":\"https:\/\/schema.org\",\"@graph\":[{\"@type\":\"WebPage\",\"@id\":\"https:\/\/invego.ee\/laheva\/hinnad-krundid\/\",\"url\":\"https:\/\/invego.ee\/laheva\/hinnad-krundid\/\",\"name\":\"Hinnad\/krundid - Laheva\",\"isPartOf\":{\"@id\":\"https:\/\/invego.ee\/laheva\/#website\"},\"datePublished\":\"2022-10-19T06:38:13+00:00\",\"dateModified\":\"2025-12-05T13:58:11+00:00\",\"breadcrumb\":{\"@id\":\"https:\/\/invego.ee\/laheva\/hinnad-krundid\/#breadcrumb\"},\"inLanguage\":\"et\",\"potentialAction\":[{\"@type\":\"ReadAction\",\"target\":[\"https:\/\/invego.ee\/laheva\/hinnad-krundid\/\"]}]},{\"@type\":\"BreadcrumbList\",\"@id\":\"https:\/\/invego.ee\/laheva\/hinnad-krundid\/#breadcrumb\",\"itemListElement\":[{\"@type\":\"ListItem\",\"position\":1,\"name\":\"Home\",\"item\":\"https:\/\/invego.ee\/laheva\/\"},{\"@type\":\"ListItem\",\"position\":2,\"name\":\"Hinnad\/krundid\"}]},{\"@type\":\"WebSite\",\"@id\":\"https:\/\/invego.ee\/laheva\/#website\",\"url\":\"https:\/\/invego.ee\/laheva\/\",\"name\":\"Laheva\",\"description\":\"\",\"potentialAction\":[{\"@type\":\"SearchAction\",\"target\":{\"@type\":\"EntryPoint\",\"urlTemplate\":\"https:\/\/invego.ee\/laheva\/?s={search_term_string}\"},\"query-input\":{\"@type\":\"PropertyValueSpecification\",\"valueRequired\":true,\"valueName\":\"search_term_string\"}}],\"inLanguage\":\"et\"}]}<\/script>\n<!-- \/ Yoast SEO plugin. -->","yoast_head_json":{"title":"Hinnad\/krundid - Laheva","robots":{"index":"index","follow":"follow","max-snippet":"max-snippet:-1","max-image-preview":"max-image-preview:large","max-video-preview":"max-video-preview:-1"},"canonical":"https:\/\/invego.ee\/laheva\/hinnad-krundid\/","og_locale":"et_EE","og_type":"article","og_title":"Hinnad\/krundid - Laheva","og_url":"https:\/\/invego.ee\/laheva\/hinnad-krundid\/","og_site_name":"Laheva","article_modified_time":"2025-12-05T13:58:11+00:00","og_image":[{"width":1200,"height":630,"url":"https:\/\/invego.ee\/laheva\/wp-content\/uploads\/2022\/11\/lahepererannakodud_og.jpg","type":"image\/jpeg"}],"twitter_card":"summary_large_image","schema":{"@context":"https:\/\/schema.org","@graph":[{"@type":"WebPage","@id":"https:\/\/invego.ee\/laheva\/hinnad-krundid\/","url":"https:\/\/invego.ee\/laheva\/hinnad-krundid\/","name":"Hinnad\/krundid - Laheva","isPartOf":{"@id":"https:\/\/invego.ee\/laheva\/#website"},"datePublished":"2022-10-19T06:38:13+00:00","dateModified":"2025-12-05T13:58:11+00:00","breadcrumb":{"@id":"https:\/\/invego.ee\/laheva\/hinnad-krundid\/#breadcrumb"},"inLanguage":"et","potentialAction":[{"@type":"ReadAction","target":["https:\/\/invego.ee\/laheva\/hinnad-krundid\/"]}]},{"@type":"BreadcrumbList","@id":"https:\/\/invego.ee\/laheva\/hinnad-krundid\/#breadcrumb","itemListElement":[{"@type":"ListItem","position":1,"name":"Home","item":"https:\/\/invego.ee\/laheva\/"},{"@type":"ListItem","position":2,"name":"Hinnad\/krundid"}]},{"@type":"WebSite","@id":"https:\/\/invego.ee\/laheva\/#website","url":"https:\/\/invego.ee\/laheva\/","name":"Laheva","description":"","potentialAction":[{"@type":"SearchAction","target":{"@type":"EntryPoint","urlTemplate":"https:\/\/invego.ee\/laheva\/?s={search_term_string}"},"query-input":{"@type":"PropertyValueSpecification","valueRequired":true,"valueName":"search_term_string"}}],"inLanguage":"et"}]}},"_links":{"self":[{"href":"https:\/\/invego.ee\/laheva\/wp-json\/wp\/v2\/pages\/172","targetHints":{"allow":["GET"]}}],"collection":[{"href":"https:\/\/invego.ee\/laheva\/wp-json\/wp\/v2\/pages"}],"about":[{"href":"https:\/\/invego.ee\/laheva\/wp-json\/wp\/v2\/types\/page"}],"author":[{"embeddable":true,"href":"https:\/\/invego.ee\/laheva\/wp-json\/wp\/v2\/users\/1"}],"replies":[{"embeddable":true,"href":"https:\/\/invego.ee\/laheva\/wp-json\/wp\/v2\/comments?post=172"}],"version-history":[{"count":32,"href":"https:\/\/invego.ee\/laheva\/wp-json\/wp\/v2\/pages\/172\/revisions"}],"predecessor-version":[{"id":1345,"href":"https:\/\/invego.ee\/laheva\/wp-json\/wp\/v2\/pages\/172\/revisions\/1345"}],"wp:attachment":[{"href":"https:\/\/invego.ee\/laheva\/wp-json\/wp\/v2\/media?parent=172"}],"curies":[{"name":"wp","href":"https:\/\/api.w.org\/{rel}","templated":true}]}}