{"id":170,"date":"2022-10-19T09:38:03","date_gmt":"2022-10-19T06:38:03","guid":{"rendered":"https:\/\/invego.ee\/laheva\/\/?page_id=170"},"modified":"2025-12-12T11:54:42","modified_gmt":"2025-12-12T08:54:42","slug":"asukoht","status":"publish","type":"page","link":"https:\/\/invego.ee\/laheva\/asukoht\/","title":{"rendered":"Asukoht"},"content":{"rendered":"<div class=\"location-map-block\">\n\t<div class=\"container-fluid\">\n\t\t<div class=\"map_wrapper\">\n\t\t\t\t\t\t\t<div class=\"filters\">\n\t\t\t\t\t<div class=\"row justify-content-center\">\n\t\t\t\t\t\t<div class=\"col col-12 col-md-auto d-flex flex-wrap flex-md-nowrap\">\n\t\t\t\t\t\t\t\t\t\t\t\t\t\t\t\t\t\t\t\t\t\t\t\t\t\t\t\t\t\t\t<div class=\"filter btn d-flex justify-content-center align-items-center has_icon\" data-filter=\"kaubandus-restoranid\">\n\t\t\t\t\t\t\t\t\t<span>Kaubandus\/restoranid<\/span>\n\t\t\t\t\t\t\t\t<\/div>\n\t\t\t\t\t\t\t\t\t\t\t\t\t\t\t\t\t\t\t\t\t\t\t<div class=\"filter btn d-flex justify-content-center align-items-center has_icon\" data-filter=\"transport\">\n\t\t\t\t\t\t\t\t\t<span>Transport<\/span>\n\t\t\t\t\t\t\t\t<\/div>\n\t\t\t\t\t\t\t\t\t\t\t\t\t\t\t\t\t\t\t\t\t\t\t<div class=\"filter btn d-flex justify-content-center align-items-center active has_icon\" data-filter=\"looduskaunid-kohad\">\n\t\t\t\t\t\t\t\t\t<span>Looduskaunid kohad<\/span>\n\t\t\t\t\t\t\t\t<\/div>\n\t\t\t\t\t\t\t\t\t\t\t\t\t<\/div>\n\t\t\t\t\t<\/div>\n\t\t\t\t<\/div>\n\t\t\t\n\t\t\t<div class=\"map_container\">\n\t\t\t\t<div id=\"map-block_fefbeb21ed1aa77f810fe8dabf9119e6\" class=\"map\" data-latitude=\"59.348543053653835\" data-longitude=\"24.20364932814742\" data-zoom=\"13\" data-markers=\"{&quot;main&quot;:[{&quot;icon&quot;:&quot;https:\\\/\\\/invego.ee\\\/laheva\\\/wp-content\\\/uploads\\\/2024\\\/06\\\/group-51.svg&quot;,&quot;latitude&quot;:&quot;59.34877299359327&quot;,&quot;longitude&quot;:&quot;24.17020848087136&quot;,&quot;anchor&quot;:&quot;27,118&quot;}],&quot;kaubandus-restoranid&quot;:{&quot;icon&quot;:{&quot;url&quot;:&quot;https:\\\/\\\/invego.ee\\\/laheva\\\/wp-content\\\/themes\\\/lahepere\\\/images\\\/map_circle.svg&quot;,&quot;width&quot;:20,&quot;height&quot;:20,&quot;alt&quot;:&quot;&quot;,&quot;default&quot;:true},&quot;text&quot;:&quot;Kaubandus\\\/restoranid&quot;,&quot;default_active&quot;:false,&quot;markers&quot;:[{&quot;latitude&quot;:&quot;59.34511547630513&quot;,&quot;longitude&quot;:&quot;24.268593277775324&quot;,&quot;text&quot;:&quot;Treppoja kauplus&quot;},{&quot;latitude&quot;:&quot;59.37733755019688&quot;,&quot;longitude&quot;:&quot;24.239643601880132&quot;,&quot;text&quot;:&quot;Meie Toidukaubad Laulasmaa&quot;},{&quot;latitude&quot;:&quot;59.37881308808562&quot;,&quot;longitude&quot;:&quot;24.23890331222007&quot;,&quot;text&quot;:&quot;Laulasmaa Selver ABC&quot;},{&quot;latitude&quot;:&quot;59.320115419710554&quot;,&quot;longitude&quot;:&quot;24.316231756240377&quot;,&quot;text&quot;:&quot;T19 Resto&quot;},{&quot;latitude&quot;:&quot;59.376300853460876&quot;,&quot;longitude&quot;:&quot;24.236752541722783&quot;,&quot;text&quot;:&quot;Restoran Wicca&quot;}]},&quot;transport&quot;:{&quot;icon&quot;:{&quot;url&quot;:&quot;https:\\\/\\\/invego.ee\\\/laheva\\\/wp-content\\\/themes\\\/lahepere\\\/images\\\/map_circle.svg&quot;,&quot;width&quot;:20,&quot;height&quot;:20,&quot;alt&quot;:&quot;&quot;,&quot;default&quot;:true},&quot;text&quot;:&quot;Transport&quot;,&quot;default_active&quot;:false,&quot;markers&quot;:[{&quot;latitude&quot;:&quot;59.34499503123079&quot;,&quot;longitude&quot;:&quot;24.18545985448837&quot;,&quot;text&quot;:&quot;Vanaranna tee bussipeatus&quot;},{&quot;latitude&quot;:&quot;59.33013722343547&quot;,&quot;longitude&quot;:&quot;24.173540117788406&quot;,&quot;text&quot;:&quot;P\\u00f5llk\\u00fcla rongipeatus&quot;},{&quot;latitude&quot;:&quot;59.33365050111624&quot;,&quot;longitude&quot;:&quot;24.13427257782662&quot;,&quot;text&quot;:&quot;Laok\\u00fcla rongipeatus&quot;}]},&quot;looduskaunid-kohad&quot;:{&quot;icon&quot;:{&quot;url&quot;:&quot;https:\\\/\\\/invego.ee\\\/laheva\\\/wp-content\\\/themes\\\/lahepere\\\/images\\\/map_circle.svg&quot;,&quot;width&quot;:20,&quot;height&quot;:20,&quot;alt&quot;:&quot;&quot;,&quot;default&quot;:true},&quot;text&quot;:&quot;Looduskaunid kohad&quot;,&quot;default_active&quot;:true,&quot;markers&quot;:[{&quot;latitude&quot;:&quot;59.348288862423736&quot;,&quot;longitude&quot;:&quot;24.24599138634487&quot;,&quot;text&quot;:&quot;Kloogaranna rand&quot;},{&quot;latitude&quot;:&quot;59.36779419301977&quot;,&quot;longitude&quot;:&quot;24.140525713825205&quot;,&quot;text&quot;:&quot;Leetse l\\u00f5kke- ja puhkeala&quot;},{&quot;latitude&quot;:&quot;59.34913025276913&quot;,&quot;longitude&quot;:&quot;24.17875458517373&quot;,&quot;text&quot;:&quot;Vanaaseme juga&quot;},{&quot;latitude&quot;:&quot;59.33124336695477&quot;,&quot;longitude&quot;:&quot;24.222956099212247&quot;,&quot;text&quot;:&quot;Sooda j\\u00e4rv&quot;},{&quot;latitude&quot;:&quot;59.35019115109509&quot;,&quot;longitude&quot;:&quot;24.26533921906504&quot;,&quot;text&quot;:&quot;Treppoja joastik&quot;},{&quot;latitude&quot;:&quot;59.36169659568376&quot;,&quot;longitude&quot;:&quot;24.15448238332454&quot;,&quot;text&quot;:&quot;Lahe pank&quot;},{&quot;latitude&quot;:&quot;59.33787960347601&quot;,&quot;longitude&quot;:&quot;24.155211944916505&quot;,&quot;text&quot;:&quot;P\\u00f5llk\\u00fcla r\\u00e4ndrahn&quot;},{&quot;latitude&quot;:&quot;59.36019874927137&quot;,&quot;longitude&quot;:&quot;24.255376742845236&quot;,&quot;text&quot;:&quot;K\\u00f5ltsu m\\u00f5is&quot;},{&quot;latitude&quot;:&quot;59.3666660207051&quot;,&quot;longitude&quot;:&quot;24.129143779625483&quot;,&quot;text&quot;:&quot;Leetse m\\u00f5is&quot;}]}}\"><\/div>\n\t\t\t<\/div>\n\n\t\t\t\t\t\t\t<div class=\"container\">\n\t\t\t\t\t<div class=\"text_wrap fade-in-up\">\n\t\t\t\t\t\t<p style=\"text-align: center;\">M\u00f6\u00f6da rannikut looklevad rajad ja mitmed joad kutsuvad nautima mere\u00f5hku. Laheva villade kruntidelt on mereni jalutada vaid m\u00f5ned k\u00fcmned meetrid. L\u00e4hedal asuv Lahe pank v\u00f5lub oma kauni vaatega Lahepere lahele. Kui merevesi muutub jahedaks, siis 10-minutlise autos\u00f5idu kaugusel Laulasmaal ootab nautlema LaSPA oma vee- ja saunakeskusega. L\u00e4him lasteaed ja kool asuvad samuti Laulasmaal. Erilised kontserdid erilises K\u00f5ltsu m\u00f5isas pakuvad meelelahutust aastaringselt.<\/p>\n<p>&nbsp;<\/p>\n<ul>\n<li>Laheva villade elurajoon on planeeritud looduskesksena, milles p\u00fc\u00fctakse s\u00e4ilitada v\u00e4ljakujunenud maastikulist omap\u00e4ra ja piirkonnale omast milj\u00f6\u00f6d ning taimestikku.<\/li>\n<li>Elurajoon paikneb Lahepere lahe kaldal ulatudes osaliselt ranna ja kalda kaitsev\u00f6\u00f6ndisse. Elurajooni ja ranna vahele j\u00e4\u00e4b Vana-Tallinna mnt, mille kaudu toimub ka juurdep\u00e4\u00e4s elurajoonile ning looduslik haljasriba, mis asub t\u00e4ies mahus L\u00e4\u00e4nemere ranna ehituskeeluv\u00f6\u00f6ndis.<\/li>\n<li>Otse arenduse eest viib trepp kaunile liivarannale. Armastatud Klooga rand asub 5,5 km kaugusel.<\/li>\n<li>L\u00e4him raudteejaam on P\u00f5llk\u00fcla, mis asub mugava jalgrattas\u00f5idu v\u00f5i jalutusk\u00e4igu kaugusel (3 km).<\/li>\n<li>1 km kaugusel on Leetse l\u00f5kke- ja puhkeala.<\/li>\n<li>5 km kaugusel hinnatud Lahepere kodurestoran.<\/li>\n<\/ul>\n\t\t\t\t\t<\/div>\n\t\t\t\t<\/div>\n\t\t\t\t\t<\/div>\n\t<\/div>\n<\/div>\n\n\n<div class=\"map-image-block\">\n        <img loading=\"lazy\" decoding=\"async\" src=\"https:\/\/invego.ee\/laheva\/wp-content\/uploads\/2025\/12\/artboard-1-1-scaled.png\" width=\"2560\" height=\"1532\" alt=\"\" \/>\n    <\/div>\n\n\n<div class=\"columns-images-block three_images_in_row\">\n    <div class=\"container\">\n        <div class=\"right_content_wrap row\">\n            <div class=\"right_content_inside d-flex flex-column flex-lg-row align-items-start\">\n                                            <\/div>\n        <\/div>\n                    <div class=\"images_between row align-items-end\">\n                                                                        <div class=\"col key-0 fade-in-down\">\n                        <div class=\"image_wrap_outside\">\n                            <div class=\"image_wrap\">\n                                <div class=\"image bg-center w100 h100\" style=\"background-image: url(https:\/\/invego.ee\/laheva\/wp-content\/uploads\/2025\/12\/frame-5.png);\"><\/div>\n                            <\/div>\n                        <\/div>\n                    <\/div>\n                                                        <div class=\"col key-1 fade-in-right\">\n                        <div class=\"image_wrap_outside\">\n                            <div class=\"image_wrap\">\n                                <div class=\"image bg-center w100 h100\" style=\"background-image: url(https:\/\/invego.ee\/laheva\/wp-content\/uploads\/2022\/11\/Asukoht-leht-pp.jpg);\"><\/div>\n                            <\/div>\n                        <\/div>\n                    <\/div>\n                                                        <div class=\"col key-2 fade-in-left\">\n                        <div class=\"image_wrap_outside\">\n                            <div class=\"image_wrap\">\n                                <div class=\"image bg-center w100 h100\" style=\"background-image: url(https:\/\/invego.ee\/laheva\/wp-content\/uploads\/2022\/11\/shutterstock_1904202550-3-min.png);\"><\/div>\n                            <\/div>\n                        <\/div>\n                    <\/div>\n                                                    <div class=\"col\"><\/div>\n                            <\/div>\n                            <\/div>\n<\/div>","protected":false},"excerpt":{"rendered":"","protected":false},"author":1,"featured_media":0,"parent":0,"menu_order":0,"comment_status":"closed","ping_status":"closed","template":"","meta":{"_acf_changed":false,"footnotes":""},"class_list":["post-170","page","type-page","status-publish","hentry"],"acf":[],"yoast_head":"<!-- This site is optimized with the Yoast SEO plugin v24.9 - https:\/\/yoast.com\/wordpress\/plugins\/seo\/ -->\n<title>Asukoht - Laheva<\/title>\n<meta name=\"robots\" content=\"index, follow, max-snippet:-1, max-image-preview:large, max-video-preview:-1\" \/>\n<link rel=\"canonical\" href=\"https:\/\/invego.ee\/laheva\/asukoht\/\" \/>\n<meta property=\"og:locale\" content=\"et_EE\" \/>\n<meta property=\"og:type\" content=\"article\" \/>\n<meta property=\"og:title\" content=\"Asukoht - Laheva\" \/>\n<meta property=\"og:url\" content=\"https:\/\/invego.ee\/laheva\/asukoht\/\" \/>\n<meta property=\"og:site_name\" content=\"Laheva\" \/>\n<meta property=\"article:modified_time\" content=\"2025-12-12T08:54:42+00:00\" \/>\n<meta property=\"og:image\" content=\"https:\/\/invego.ee\/laheva\/wp-content\/uploads\/2022\/11\/lahepererannakodud_og.jpg\" \/>\n\t<meta property=\"og:image:width\" content=\"1200\" \/>\n\t<meta property=\"og:image:height\" content=\"630\" \/>\n\t<meta property=\"og:image:type\" content=\"image\/jpeg\" \/>\n<meta name=\"twitter:card\" content=\"summary_large_image\" \/>\n<script type=\"application\/ld+json\" class=\"yoast-schema-graph\">{\"@context\":\"https:\/\/schema.org\",\"@graph\":[{\"@type\":\"WebPage\",\"@id\":\"https:\/\/invego.ee\/laheva\/asukoht\/\",\"url\":\"https:\/\/invego.ee\/laheva\/asukoht\/\",\"name\":\"Asukoht - Laheva\",\"isPartOf\":{\"@id\":\"https:\/\/invego.ee\/laheva\/#website\"},\"datePublished\":\"2022-10-19T06:38:03+00:00\",\"dateModified\":\"2025-12-12T08:54:42+00:00\",\"breadcrumb\":{\"@id\":\"https:\/\/invego.ee\/laheva\/asukoht\/#breadcrumb\"},\"inLanguage\":\"et\",\"potentialAction\":[{\"@type\":\"ReadAction\",\"target\":[\"https:\/\/invego.ee\/laheva\/asukoht\/\"]}]},{\"@type\":\"BreadcrumbList\",\"@id\":\"https:\/\/invego.ee\/laheva\/asukoht\/#breadcrumb\",\"itemListElement\":[{\"@type\":\"ListItem\",\"position\":1,\"name\":\"Home\",\"item\":\"https:\/\/invego.ee\/laheva\/\"},{\"@type\":\"ListItem\",\"position\":2,\"name\":\"Asukoht\"}]},{\"@type\":\"WebSite\",\"@id\":\"https:\/\/invego.ee\/laheva\/#website\",\"url\":\"https:\/\/invego.ee\/laheva\/\",\"name\":\"Laheva\",\"description\":\"\",\"potentialAction\":[{\"@type\":\"SearchAction\",\"target\":{\"@type\":\"EntryPoint\",\"urlTemplate\":\"https:\/\/invego.ee\/laheva\/?s={search_term_string}\"},\"query-input\":{\"@type\":\"PropertyValueSpecification\",\"valueRequired\":true,\"valueName\":\"search_term_string\"}}],\"inLanguage\":\"et\"}]}<\/script>\n<!-- \/ Yoast SEO plugin. -->","yoast_head_json":{"title":"Asukoht - Laheva","robots":{"index":"index","follow":"follow","max-snippet":"max-snippet:-1","max-image-preview":"max-image-preview:large","max-video-preview":"max-video-preview:-1"},"canonical":"https:\/\/invego.ee\/laheva\/asukoht\/","og_locale":"et_EE","og_type":"article","og_title":"Asukoht - Laheva","og_url":"https:\/\/invego.ee\/laheva\/asukoht\/","og_site_name":"Laheva","article_modified_time":"2025-12-12T08:54:42+00:00","og_image":[{"width":1200,"height":630,"url":"https:\/\/invego.ee\/laheva\/wp-content\/uploads\/2022\/11\/lahepererannakodud_og.jpg","type":"image\/jpeg"}],"twitter_card":"summary_large_image","schema":{"@context":"https:\/\/schema.org","@graph":[{"@type":"WebPage","@id":"https:\/\/invego.ee\/laheva\/asukoht\/","url":"https:\/\/invego.ee\/laheva\/asukoht\/","name":"Asukoht - Laheva","isPartOf":{"@id":"https:\/\/invego.ee\/laheva\/#website"},"datePublished":"2022-10-19T06:38:03+00:00","dateModified":"2025-12-12T08:54:42+00:00","breadcrumb":{"@id":"https:\/\/invego.ee\/laheva\/asukoht\/#breadcrumb"},"inLanguage":"et","potentialAction":[{"@type":"ReadAction","target":["https:\/\/invego.ee\/laheva\/asukoht\/"]}]},{"@type":"BreadcrumbList","@id":"https:\/\/invego.ee\/laheva\/asukoht\/#breadcrumb","itemListElement":[{"@type":"ListItem","position":1,"name":"Home","item":"https:\/\/invego.ee\/laheva\/"},{"@type":"ListItem","position":2,"name":"Asukoht"}]},{"@type":"WebSite","@id":"https:\/\/invego.ee\/laheva\/#website","url":"https:\/\/invego.ee\/laheva\/","name":"Laheva","description":"","potentialAction":[{"@type":"SearchAction","target":{"@type":"EntryPoint","urlTemplate":"https:\/\/invego.ee\/laheva\/?s={search_term_string}"},"query-input":{"@type":"PropertyValueSpecification","valueRequired":true,"valueName":"search_term_string"}}],"inLanguage":"et"}]}},"_links":{"self":[{"href":"https:\/\/invego.ee\/laheva\/wp-json\/wp\/v2\/pages\/170","targetHints":{"allow":["GET"]}}],"collection":[{"href":"https:\/\/invego.ee\/laheva\/wp-json\/wp\/v2\/pages"}],"about":[{"href":"https:\/\/invego.ee\/laheva\/wp-json\/wp\/v2\/types\/page"}],"author":[{"embeddable":true,"href":"https:\/\/invego.ee\/laheva\/wp-json\/wp\/v2\/users\/1"}],"replies":[{"embeddable":true,"href":"https:\/\/invego.ee\/laheva\/wp-json\/wp\/v2\/comments?post=170"}],"version-history":[{"count":72,"href":"https:\/\/invego.ee\/laheva\/wp-json\/wp\/v2\/pages\/170\/revisions"}],"predecessor-version":[{"id":1351,"href":"https:\/\/invego.ee\/laheva\/wp-json\/wp\/v2\/pages\/170\/revisions\/1351"}],"wp:attachment":[{"href":"https:\/\/invego.ee\/laheva\/wp-json\/wp\/v2\/media?parent=170"}],"curies":[{"name":"wp","href":"https:\/\/api.w.org\/{rel}","templated":true}]}}