{"id":91,"date":"2020-05-26T13:31:23","date_gmt":"2020-05-26T13:31:23","guid":{"rendered":"https:\/\/invego.ee\/krullipark\/?page_id=91"},"modified":"2026-03-26T11:35:31","modified_gmt":"2026-03-26T09:35:31","slug":"tutvustus","status":"publish","type":"page","link":"https:\/\/invego.ee\/krullipark\/tutvustus\/","title":{"rendered":"Tutvustus"},"content":{"rendered":"\n<section id=\"krulli-quote-block_0633ed67e0e0e1950155d4ca89cf6b36\" class=\"krulli-quote-block\">\n    <div class=\"left-right d-flex flex-lg-row flex-column\">\n        <div class=\"left\">\n            <span>\u201c<\/span>\n            <p>Krulli Pargi \u00e4rikvartali kontseptsiooni luues oli meie fookuses vaid k\u00f5ige olulisem: inimene. Vaieldamatult on just inimene t\u00e4naste parimate ettev\u00f5tete v\u00e4\u00e4rtusmaailma keskmes ja nii soovisime meie luua koha, mis parimal v\u00f5imalikul moel seda maailma peegeldaks.<\/p>\n<p>Kalamaja s\u00fcdames, Telliskivi ja Noblessneri vahel asuv \u00e4rikvartal Krulli Park on loodud talentidele. Me t\u00f5esti ei tahtnud luua veel \u00fcht b\u00fcroolinnakut, vaid kodu. Andest tulvil \u00e4ride kodu. Austasime p\u00e4randit, avasime ruumi ja t\u00f5ime v\u00e4\u00e4rika paekivi k\u00f5rvale moodsaima disainikeele ning looduse roheluse. Siin on igal hoonel oma iseloom ja iga ruum on loodud inspireerima. Tulemus on elav, ajaloolise h\u00f5ngu ja v\u00e4rske energiaga keskkond, tulvil kogukonnatunnet ja linnar\u00fctme.<\/p>\n<p>Wise\u2019i ja veel k\u00fcmnete tulevikku vaatavate ettev\u00f5tete koduks olev Krulli Park on mitte lihtsalt tore sihtpunkt tulla ja olla, vaid sa lihtsalt tahad siia kuuluda. Loodud inimeste poolt ja inimeste jaoks. Talentide kodu.<\/p>\n            <span>\u201c<\/span>\n        <\/div>\n        <div class=\"right d-flex flex-column align-items-center justify-content-center\">\n            <div class=\"right-image\">\n                <img loading=\"lazy\" decoding=\"async\" class=\"no-lazy\" src=\"https:\/\/invego.ee\/krullipark\/wp-content\/uploads\/2025\/12\/Rectangle-402-min.png\" width=\"483\" height=\"390\" alt=\"\" \/>\n            <\/div>\n                            <div class=\"right-image-signature\">\n                    <img loading=\"lazy\" decoding=\"async\" class=\"no-lazy\" src=\"https:\/\/invego.ee\/krullipark\/wp-content\/uploads\/2025\/12\/Group-2723.svg\" width=\"334\" height=\"83\" alt=\"\" \/>\n                <\/div>\n                                        <div class=\"right-image-content\">\n                    <p>Kristjan-Thor V\u00e4hi<br \/>\nInvego asutaja ja juht<\/p>\n                <\/div>\n                    <\/div>\n    <\/div>\n<\/section>\n\n\n<section id=\"two-column-text-block_572b8e6aa0851f450c688ec027ab612c\" class=\"two-column-text-block\">\n    <div class=\"row\">\n        <div class=\"nominations_wrap\">\n                                                                <div class=\"nomination\">\n                        <img decoding=\"async\" class=\"nomination_img no-lazy\" src=\"https:\/\/invego.ee\/krullipark\/wp-content\/uploads\/2025\/12\/Group-2019-1.svg\" \/>\n                        <div class=\"nomination_text\">\n                            <div class=\"nomination_top\">\n                                ajaloolist keskkonda rikastavalt<br \/>\r\nrenoveeritud ja laiendatud hoone                            <\/div>\n                            <div class=\"nomination_btm\">\n                                Tunnustus Tallinna linna poolt                            <\/div>\n                        <\/div>\n                    <\/div>\n                                                                                <div class=\"nomination\">\n                        <img decoding=\"async\" class=\"nomination_img no-lazy\" src=\"https:\/\/invego.ee\/krullipark\/wp-content\/uploads\/2025\/12\/Group-2019-1.svg\" \/>\n                        <div class=\"nomination_text\">\n                            <div class=\"nomination_top\">\n                                AASTA ARENDUSPROJEKT<br \/>\r\n2025                            <\/div>\n                            <div class=\"nomination_btm\">\n                                Nominatsioon Tallinna<br \/>\r\nEttev\u00f5tlusauhindadel                            <\/div>\n                        <\/div>\n                    <\/div>\n                                                                                <div class=\"nomination\">\n                        <img decoding=\"async\" class=\"nomination_img no-lazy\" src=\"https:\/\/invego.ee\/krullipark\/wp-content\/uploads\/2025\/12\/Group-2019-1.svg\" \/>\n                        <div class=\"nomination_text\">\n                            <div class=\"nomination_top\">\n                                KULTUURKAPITALI<br \/>\r\nAASTAPREEMIA 2025                            <\/div>\n                            <div class=\"nomination_btm\">\n                                Nominatsioon                            <\/div>\n                        <\/div>\n                    <\/div>\n                                                                                <div class=\"nomination\">\n                        <img decoding=\"async\" class=\"nomination_img no-lazy\" src=\"https:\/\/invego.ee\/krullipark\/wp-content\/uploads\/2025\/12\/Group-2019-1.svg\" \/>\n                        <div class=\"nomination_text\">\n                            <div class=\"nomination_top\">\n                                EESTI SISEARHITEKTIDE<br \/>\r\nLIIDU AASTAPREEMIA 2025                            <\/div>\n                            <div class=\"nomination_btm\">\n                                Nominatsioon                            <\/div>\n                        <\/div>\n                    <\/div>\n                                                                                <div class=\"nomination\">\n                        <img decoding=\"async\" class=\"nomination_img no-lazy\" src=\"https:\/\/invego.ee\/krullipark\/wp-content\/uploads\/2025\/12\/Group-2019-1.svg\" \/>\n                        <div class=\"nomination_text\">\n                            <div class=\"nomination_top\">\n                                AASTA PUITEHITIS<br \/>\r\n2025                            <\/div>\n                            <div class=\"nomination_btm\">\n                                Nominatsioon                            <\/div>\n                        <\/div>\n                    <\/div>\n                                                                                <div class=\"nomination\">\n                        <img decoding=\"async\" class=\"nomination_img no-lazy\" src=\"https:\/\/invego.ee\/krullipark\/wp-content\/uploads\/2025\/12\/Group-2019-1.svg\" \/>\n                        <div class=\"nomination_text\">\n                            <div class=\"nomination_top\">\n                                EESTI MAASTIKUARHITEKTIDE LIIDU<br \/>\r\nAASTAPREEMIA 2025\u2028                            <\/div>\n                            <div class=\"nomination_btm\">\n                                Laureaat                            <\/div>\n                        <\/div>\n                    <\/div>\n                                                                                <div class=\"nomination\">\n                        <img decoding=\"async\" class=\"nomination_img no-lazy\" src=\"https:\/\/invego.ee\/krullipark\/wp-content\/uploads\/2025\/12\/Group-2019-1.svg\" \/>\n                        <div class=\"nomination_text\">\n                            <div class=\"nomination_top\">\n                                Kuldmuna 2026<br \/>\r\nAuhind: KULD\u2028                            <\/div>\n                            <div class=\"nomination_btm\">\n                                Krulli Park \u00e4rikvartali<br \/>\r\nkeskkonnadisain ja infograafika\u2028                            <\/div>\n                        <\/div>\n                    <\/div>\n                                    <\/div>\n    <\/div>\n    <div class=\"row\">\n\t\t\t\t\t<div class=\"left col col-lg-6 col-12\">\n\t\t\t\t<h1>Krulli Park \u2013 uus maam\u00e4rk Tallinna linnapildis<\/h1>\n                \n                                    <div class=\"left-content-logo\">\n                        <img loading=\"lazy\" decoding=\"async\" class=\"no-lazy\" src=\"https:\/\/invego.ee\/krullipark\/wp-content\/uploads\/2025\/12\/Layer_1-6.svg\" width=\"104\" height=\"98\" alt=\"\" \/>\n                    <\/div>\n                                \t\t\t<\/div>\n\t\t\t\t\t\t\t<div class=\"right col col-lg-6 col-12\">\n\t\t\t\t<p>Krulli Park on \u00fcks viimase k\u00fcmnendi olulisemaid linnaruumi arendusi Eestis, mille koguinvesteering on 75 miljonit eurot. See ei paku \u00fcksnes tipptasemel b\u00fcroo- ja \u00e4ripindu, vaid ka k\u00f5igile avatud kutsuvat avalikku parki. \u00c4ri- ja vaba aja s\u00fcmbioosina loodud Krulli Park on kiiresti kujunenud Tallinna uueks maam\u00e4rgiks \u2013 inspireerivaks kohaks t\u00f6\u00f6tamiseks, l\u00f5\u00f5gastumiseks ja kohtumiseks. Projekti keskmes on kestlikkus ja ligip\u00e4\u00e4setavus. Eelistatud on kergliikluse ja autovaba liikumise v\u00f5imalused, mida toetab suur maa-alune parkla.<\/p>\n\t\t\t<\/div>\n\t\t    <\/div>\n<\/section>\n\n\n<section id=\"introduction-block_2a812b42604943178350298190bb7cd9\" class=\"introduction-block\">\n                    <div class=\"row d-flex flex-lg-row flex-column fade-in align-items-start odd\">\n                            <div class=\"img_cont col col-lg-6 col-12\">\n                    <div class=\"intro_image position-relative\" style=\"background-image:url(https:\/\/invego.ee\/krullipark\/wp-content\/uploads\/2025\/10\/Group-4-700x446.png);\"><\/div>\n                <\/div>\n                                        <div class=\"intro_text col col-lg-6 col-12\">\n                    <h2>Kaasaegne arhitektuur kohtub tehnoloogiaga<\/h2>\n<p>Kvartali s\u00fcdames asuv paekivist hoone on p\u00f5hjalikult restaureeritud ja \u00fcmber ehitatud ligi 30 000 m\u00b2 suuruseks A+ kvaliteediga loft-stiilis b\u00fcroo- ja ainulaadsete \u00e4ripindade kompleksiks. Kompleksi ankur\u00fc\u00fcrnik on Wise, globaalne finantstehnoloogia liider, kes on rajanud siia oma uue Eesti peakontori.<\/p>\n                <\/div>\n                    <\/div>\n                            <div class=\"row d-flex flex-lg-row flex-column fade-in align-items-end even\">\n                            <div class=\"img_cont col col-lg-6 col-12\">\n                    <div class=\"intro_image position-relative\" style=\"background-image:url(https:\/\/invego.ee\/krullipark\/wp-content\/uploads\/2025\/10\/45380824721_9a648dd724_k-700x446.png);\"><\/div>\n                <\/div>\n                                        <div class=\"intro_text col col-lg-6 col-12\">\n                    <h2>Innovaatiline ruumiloome<\/h2>\n<p>Krulli Park on kujundatud oman\u00e4olise hoonete ansamblina, millest iga\u00fchel on oma arhitektuurne karakter. See l\u00e4henemine v\u00f5imaldab luua loovaid ja innovaatilisi lahendusi, mis p\u00f5imivad ajaloo ja kaasaegsuse. Kvartalit \u00fcmbritsev park toob Kalamajja t\u00e4iesti uue linnakeskkonna \u2013 mitmekesised \u00f5uealad, kus kohtuvad rohelus, tasakaal ja produktiivsus. Rohkem kui 18 000 uue taime ning s\u00e4ilinud v\u00e4\u00e4rikate p\u00f5lispuudega pakub park rahulikku ja inspireerivat linnakeskkonda t\u00f6\u00f6ks, vabaajaks ja kogukonnaeluks.<\/p>\n                <\/div>\n                    <\/div>\n                            <div class=\"row d-flex flex-lg-row flex-column fade-in align-items-end odd\">\n                            <div class=\"img_cont col col-lg-6 col-12\">\n                    <div class=\"intro_image position-relative\" style=\"background-image:url(https:\/\/invego.ee\/krullipark\/wp-content\/uploads\/2025\/10\/Group-4-Copy-700x446.png);\"><\/div>\n                <\/div>\n                                        <div class=\"intro_text col col-lg-6 col-12\">\n                    <h2>Uus maam\u00e4rk linnakeskmes<\/h2>\n<p>Uus Krulli Pargi \u00e4rikvartal asub Kalamajas, ajaloolise Krulli kvartali serval, vaid l\u00fchikese jalutusk\u00e4igu kaugusel Noblessneri sadamast, Balti Jaama turust ja Telliskivi Loomelinnakust. See kaasaegne linnaarendus on muutnud piirkonna elavaks ja tulevikku vaatavaks \u00e4rikvartaliks.<\/p>\n                <\/div>\n                    <\/div>\n                            <div class=\"row d-flex flex-lg-row flex-column fade-in align-items-end even\">\n                            <div class=\"img_cont col col-lg-6 col-12\">\n                    <div class=\"intro_image position-relative\" style=\"background-image:url(https:\/\/invego.ee\/krullipark\/wp-content\/uploads\/2025\/10\/Group-8-700x446.png);\"><\/div>\n                <\/div>\n                                        <div class=\"intro_text col col-lg-6 col-12\">\n                    <h2>Arhitektuurne maam\u00e4rk<\/h2>\n<p>Krulli Pargi puhul on tegemist uudse hoonetekompleksiga, mis oma paekiviseinte ja k\u00f5rgete lagedega seob ajaloolise p\u00e4randi ja modernse arhitektuuri. Siin kohtub eelmise sajandi p\u00e4erant t\u00e4naste tipparhitektide Martin Aunini ja Kaur Talpsepa kaasaegse visiooniga. Muuhulgas ka ruumide kaugjahutust sisaldavad moodsaimad tehnoloogiad on toonud hoonete keskkonnas\u00f5bralikkusele, j\u00e4tkusuutlikkusele ning energiat\u00f5hususele suunatud BREEAM sertrifikaadi.<\/p>\n                <\/div>\n                    <\/div>\n                            <div class=\"row d-flex flex-lg-row flex-column fade-in align-items-end odd\">\n                            <div class=\"img_cont col col-lg-6 col-12\">\n                    <div class=\"intro_image position-relative\" style=\"background-image:url(https:\/\/invego.ee\/krullipark\/wp-content\/uploads\/2025\/10\/shutterstock_523031218-1-700x446.png);\"><\/div>\n                <\/div>\n                                        <div class=\"intro_text col col-lg-6 col-12\">\n                    <h2>Ajalugu, mille \u00fcle uhke olla<\/h2>\n<p>Vasksepp Franz Krull laiendas Venemaa Keisririigi ja Eesti esimese iseseisvuse ajal oma metalli- ja masinat\u00f6\u00f6stusettev\u00f5tte Kalamajja, kus see arenes aja jooksul Eesti \u00fcheks suuremaks ja kaasaegsemaks masinat\u00f6\u00f6stusettev\u00f5tteks. Kompleksi kuulub lisaks Krulli masinatehase suurejoonelisele paekivihoonele ka 20. sajandi teisel poolel Volta ja Kopli t\u00e4nava ristmikule ehitatud avara planeeringuga Tallinna Masinatehase administratiivhoone. See ongi Krulli Pargi \u00e4rikvartal.<\/p>\n                <\/div>\n                    <\/div>\n            <\/section>","protected":false},"excerpt":{"rendered":"","protected":false},"author":1,"featured_media":0,"parent":0,"menu_order":0,"comment_status":"closed","ping_status":"closed","template":"","meta":{"_acf_changed":false,"_uag_custom_page_level_css":"","advgb_blocks_editor_width":"","advgb_blocks_columns_visual_guide":"","footnotes":""},"class_list":["post-91","page","type-page","status-publish","hentry"],"acf":[],"yoast_head":"<!-- This site is optimized with the Yoast SEO plugin v26.1 - https:\/\/yoast.com\/wordpress\/plugins\/seo\/ -->\n<title>Tutvustus - Krullipark<\/title>\n<meta name=\"robots\" content=\"index, follow, max-snippet:-1, max-image-preview:large, max-video-preview:-1\" \/>\n<link rel=\"canonical\" href=\"https:\/\/invego.ee\/krullipark\/tutvustus\/\" \/>\n<meta property=\"og:locale\" content=\"et_EE\" \/>\n<meta property=\"og:type\" content=\"article\" \/>\n<meta property=\"og:title\" content=\"Tutvustus - Krullipark\" \/>\n<meta property=\"og:url\" content=\"https:\/\/invego.ee\/krullipark\/tutvustus\/\" \/>\n<meta property=\"og:site_name\" content=\"Krullipark\" \/>\n<meta property=\"article:modified_time\" content=\"2026-03-26T09:35:31+00:00\" \/>\n<meta property=\"og:image\" content=\"https:\/\/invego.ee\/krullipark\/wp-content\/uploads\/2025\/10\/Share-picture-3.png\" \/>\n\t<meta property=\"og:image:width\" content=\"1200\" \/>\n\t<meta property=\"og:image:height\" content=\"675\" \/>\n\t<meta property=\"og:image:type\" content=\"image\/png\" \/>\n<meta name=\"twitter:card\" content=\"summary_large_image\" \/>\n<script type=\"application\/ld+json\" class=\"yoast-schema-graph\">{\"@context\":\"https:\/\/schema.org\",\"@graph\":[{\"@type\":\"WebPage\",\"@id\":\"https:\/\/invego.ee\/krullipark\/tutvustus\/\",\"url\":\"https:\/\/invego.ee\/krullipark\/tutvustus\/\",\"name\":\"Tutvustus - Krullipark\",\"isPartOf\":{\"@id\":\"https:\/\/invego.ee\/krullipark\/#website\"},\"datePublished\":\"2020-05-26T13:31:23+00:00\",\"dateModified\":\"2026-03-26T09:35:31+00:00\",\"breadcrumb\":{\"@id\":\"https:\/\/invego.ee\/krullipark\/tutvustus\/#breadcrumb\"},\"inLanguage\":\"et\",\"potentialAction\":[{\"@type\":\"ReadAction\",\"target\":[\"https:\/\/invego.ee\/krullipark\/tutvustus\/\"]}]},{\"@type\":\"BreadcrumbList\",\"@id\":\"https:\/\/invego.ee\/krullipark\/tutvustus\/#breadcrumb\",\"itemListElement\":[{\"@type\":\"ListItem\",\"position\":1,\"name\":\"Home\",\"item\":\"https:\/\/invego.ee\/krullipark\/\"},{\"@type\":\"ListItem\",\"position\":2,\"name\":\"Tutvustus\"}]},{\"@type\":\"WebSite\",\"@id\":\"https:\/\/invego.ee\/krullipark\/#website\",\"url\":\"https:\/\/invego.ee\/krullipark\/\",\"name\":\"Krulli park\",\"description\":\"Uue karakteriga kontorid ja kaubanduspinnad\",\"publisher\":{\"@id\":\"https:\/\/invego.ee\/krullipark\/#organization\"},\"potentialAction\":[{\"@type\":\"SearchAction\",\"target\":{\"@type\":\"EntryPoint\",\"urlTemplate\":\"https:\/\/invego.ee\/krullipark\/?s={search_term_string}\"},\"query-input\":{\"@type\":\"PropertyValueSpecification\",\"valueRequired\":true,\"valueName\":\"search_term_string\"}}],\"inLanguage\":\"et\"},{\"@type\":\"Organization\",\"@id\":\"https:\/\/invego.ee\/krullipark\/#organization\",\"name\":\"Volta1\",\"url\":\"https:\/\/invego.ee\/krullipark\/\",\"logo\":{\"@type\":\"ImageObject\",\"inLanguage\":\"et\",\"@id\":\"https:\/\/invego.ee\/krullipark\/#\/schema\/logo\/image\/\",\"url\":\"https:\/\/invego.ee\/krullipark\/wp-content\/uploads\/2023\/09\/cropped-favikon.png\",\"contentUrl\":\"https:\/\/invego.ee\/krullipark\/wp-content\/uploads\/2023\/09\/cropped-favikon.png\",\"width\":512,\"height\":512,\"caption\":\"Volta1\"},\"image\":{\"@id\":\"https:\/\/invego.ee\/krullipark\/#\/schema\/logo\/image\/\"}}]}<\/script>\n<!-- \/ Yoast SEO plugin. -->","yoast_head_json":{"title":"Tutvustus - Krullipark","robots":{"index":"index","follow":"follow","max-snippet":"max-snippet:-1","max-image-preview":"max-image-preview:large","max-video-preview":"max-video-preview:-1"},"canonical":"https:\/\/invego.ee\/krullipark\/tutvustus\/","og_locale":"et_EE","og_type":"article","og_title":"Tutvustus - Krullipark","og_url":"https:\/\/invego.ee\/krullipark\/tutvustus\/","og_site_name":"Krullipark","article_modified_time":"2026-03-26T09:35:31+00:00","og_image":[{"width":1200,"height":675,"url":"https:\/\/invego.ee\/krullipark\/wp-content\/uploads\/2025\/10\/Share-picture-3.png","type":"image\/png"}],"twitter_card":"summary_large_image","schema":{"@context":"https:\/\/schema.org","@graph":[{"@type":"WebPage","@id":"https:\/\/invego.ee\/krullipark\/tutvustus\/","url":"https:\/\/invego.ee\/krullipark\/tutvustus\/","name":"Tutvustus - Krullipark","isPartOf":{"@id":"https:\/\/invego.ee\/krullipark\/#website"},"datePublished":"2020-05-26T13:31:23+00:00","dateModified":"2026-03-26T09:35:31+00:00","breadcrumb":{"@id":"https:\/\/invego.ee\/krullipark\/tutvustus\/#breadcrumb"},"inLanguage":"et","potentialAction":[{"@type":"ReadAction","target":["https:\/\/invego.ee\/krullipark\/tutvustus\/"]}]},{"@type":"BreadcrumbList","@id":"https:\/\/invego.ee\/krullipark\/tutvustus\/#breadcrumb","itemListElement":[{"@type":"ListItem","position":1,"name":"Home","item":"https:\/\/invego.ee\/krullipark\/"},{"@type":"ListItem","position":2,"name":"Tutvustus"}]},{"@type":"WebSite","@id":"https:\/\/invego.ee\/krullipark\/#website","url":"https:\/\/invego.ee\/krullipark\/","name":"Krulli park","description":"Uue karakteriga kontorid ja kaubanduspinnad","publisher":{"@id":"https:\/\/invego.ee\/krullipark\/#organization"},"potentialAction":[{"@type":"SearchAction","target":{"@type":"EntryPoint","urlTemplate":"https:\/\/invego.ee\/krullipark\/?s={search_term_string}"},"query-input":{"@type":"PropertyValueSpecification","valueRequired":true,"valueName":"search_term_string"}}],"inLanguage":"et"},{"@type":"Organization","@id":"https:\/\/invego.ee\/krullipark\/#organization","name":"Volta1","url":"https:\/\/invego.ee\/krullipark\/","logo":{"@type":"ImageObject","inLanguage":"et","@id":"https:\/\/invego.ee\/krullipark\/#\/schema\/logo\/image\/","url":"https:\/\/invego.ee\/krullipark\/wp-content\/uploads\/2023\/09\/cropped-favikon.png","contentUrl":"https:\/\/invego.ee\/krullipark\/wp-content\/uploads\/2023\/09\/cropped-favikon.png","width":512,"height":512,"caption":"Volta1"},"image":{"@id":"https:\/\/invego.ee\/krullipark\/#\/schema\/logo\/image\/"}}]}},"uagb_featured_image_src":{"full":false,"thumbnail":false,"medium":false,"medium_large":false,"large":false,"1536x1536":false,"2048x2048":false,"small":false,"full-hd":false},"uagb_author_info":{"display_name":"reaktiiv-vo","author_link":"https:\/\/invego.ee\/krullipark\/author\/reaktiiv-vo\/"},"uagb_comment_info":0,"uagb_excerpt":null,"coauthors":[],"author_meta":{"author_link":"https:\/\/invego.ee\/krullipark\/author\/reaktiiv-vo\/","display_name":"reaktiiv-vo"},"relative_dates":{"created":"Posted 6 aastat ago","modified":"Updated 4 n\u00e4dalat ago"},"absolute_dates":{"created":"Posted on mai 26, 2020","modified":"Updated on m\u00e4rts 26, 2026"},"absolute_dates_time":{"created":"Posted on mai 26, 2020 1:31 p.l.","modified":"Updated on m\u00e4rts 26, 2026 11:35 e.l."},"featured_img_caption":"","featured_img":false,"series_order":"","_links":{"self":[{"href":"https:\/\/invego.ee\/krullipark\/wp-json\/wp\/v2\/pages\/91","targetHints":{"allow":["GET"]}}],"collection":[{"href":"https:\/\/invego.ee\/krullipark\/wp-json\/wp\/v2\/pages"}],"about":[{"href":"https:\/\/invego.ee\/krullipark\/wp-json\/wp\/v2\/types\/page"}],"author":[{"embeddable":true,"href":"https:\/\/invego.ee\/krullipark\/wp-json\/wp\/v2\/users\/1"}],"replies":[{"embeddable":true,"href":"https:\/\/invego.ee\/krullipark\/wp-json\/wp\/v2\/comments?post=91"}],"version-history":[{"count":55,"href":"https:\/\/invego.ee\/krullipark\/wp-json\/wp\/v2\/pages\/91\/revisions"}],"predecessor-version":[{"id":1144,"href":"https:\/\/invego.ee\/krullipark\/wp-json\/wp\/v2\/pages\/91\/revisions\/1144"}],"wp:attachment":[{"href":"https:\/\/invego.ee\/krullipark\/wp-json\/wp\/v2\/media?parent=91"}],"curies":[{"name":"wp","href":"https:\/\/api.w.org\/{rel}","templated":true}]}}