{"id":399,"date":"2021-04-07T09:08:31","date_gmt":"2021-04-07T09:08:31","guid":{"rendered":"https:\/\/invego.ee\/krullipark\/?page_id=399"},"modified":"2023-09-18T09:14:30","modified_gmt":"2023-09-18T09:14:30","slug":"arhitektid","status":"publish","type":"page","link":"https:\/\/invego.ee\/krullipark\/arhitektid\/","title":{"rendered":"Arhitektid"},"content":{"rendered":"\n<div id=\"architecture-architects-block_f7c71d1cfbd8ea97a39925e63df19749\" class=\"architecture-architects-block\">\n            <div class=\"slogan position-relative\">\n            <h2>Arhitektuuris peab olema r\u00f5\u00f5mu ja v\u00e4rvi<\/h2>\n        <\/div>\n                <div class=\"row\">\n            <div class=\"col col-lg-12 col-12\">\n                <div class=\"cover-image-wrap\">\n                    <img loading=\"lazy\" decoding=\"async\" src=\"https:\/\/invego.ee\/krullipark\/wp-content\/uploads\/2021\/04\/DSC1443.jpg\" width=\"2136\" height=\"1252\" alt=\"\" \/>\n                                                                                                <div class=\"name-container position-absolute\"><h2>Kaur Talpsep<\/h2><\/div>\n                                                                                                                        <div class=\"name-container position-absolute\"><h2>Martin Aunin<\/h2><\/div>\n                                                            <\/div>\n            <\/div>\n        <\/div>\n        <div class=\"architects_description row\">\n                    <div class=\"col col-lg-6 col-12\">\n                                                    <p>Eesti Kunstiakadeemia magistrikraadiga Kaur Talpsep oli 2004. aastal \u00fcks neljast Kunstiakadeemia bakalaureuse\u00f5ppe viimase aasta tudengist, kes oli Kauss Arhitektuuri loomise juures ning alates 2006. aastast kuulub ka omanikeringi. <br \/>\r\n<br \/>\r\nT\u00e4naseni \u00fcheskoos tegutsedes on j\u00e4rjepidevas meeskonnat\u00f6\u00f6s loodud muljetavaldavaid planeeringuid nii avalikele hoonetele, \u00e4rihoonetele kui ka v\u00e4ikevormidele ja eramutele nii Eestis kui kaugemal ning teenitud hulgaliselt tunnustusi erinevatelt arhitektuuriv\u00f5istlustelt ja ideekonkurssidelt.<\/p>\n                            <\/div>\n                    <div class=\"col col-lg-6 col-12\">\n                                                    <p>Martin Aunin on \u00fcks tunnustatuim uue aja Eesti arhitekt, kelle silmapaistvad t\u00f6\u00f6d alates b\u00fcroodest ja hotellidest kuni kortermajade, elamukvartalite ja uhkete eramajadeni kaunistavad eri paiku nii Eestis kui mitmetes naaberriikides. Ta on erialase hariduse saanud Eesti Kunstiakadeemiast ja Helsingi Tehnika\u00fclikoolist ning tema viimase ligi 20 aasta jooksul tehtud t\u00f6\u00f6d on leidnud pea igal aastal \u00e4ra m\u00e4rkimist erinevatel v\u00f5istlustel ja konkurssidel.<\/p>\n                            <\/div>\n            <\/div>\n<\/div>\n\n<div id=\"architecture-projects-block_0a60cb173e66e7be287379ce201f3bc1\" class=\"architecture-projects-block\">\n    <div class=\"row\">\n                    <div class=\"col col-lg-6 col-12\">\n                <h3 class=\"column-title\">M\u00f5ned l\u00e4hedal asuvad t\u00f6\u00f6d<\/h3>\n                                    <div class=\"project\">\n                        <h5 class=\"project-title\">Telliskivi 51<\/h5>\n                        <div class=\"project-image\" style=\"background-image: url('https:\/\/invego.ee\/krullipark\/wp-content\/uploads\/2023\/09\/Telliskivi-51_Kaur-scaled.jpg')\"><\/div>\n                    <\/div>\n                                    <div class=\"project\">\n                        <h5 class=\"project-title\">Ristiku 24<\/h5>\n                        <div class=\"project-image\" style=\"background-image: url('https:\/\/invego.ee\/krullipark\/wp-content\/uploads\/2021\/04\/ristiku24.jpg')\"><\/div>\n                    <\/div>\n                                    <div class=\"project\">\n                        <h5 class=\"project-title\">Kopli 16<\/h5>\n                        <div class=\"project-image\" style=\"background-image: url('https:\/\/invego.ee\/krullipark\/wp-content\/uploads\/2021\/04\/4-4-copy.jpg')\"><\/div>\n                    <\/div>\n                                    <div class=\"project\">\n                        <h5 class=\"project-title\">Wismari 28<\/h5>\n                        <div class=\"project-image\" style=\"background-image: url('https:\/\/invego.ee\/krullipark\/wp-content\/uploads\/2023\/09\/Wismari-28_Kaur.jpg')\"><\/div>\n                    <\/div>\n                                    <div class=\"project\">\n                        <h5 class=\"project-title\">Kuusalu keskkool<\/h5>\n                        <div class=\"project-image\" style=\"background-image: url('https:\/\/invego.ee\/krullipark\/wp-content\/uploads\/2023\/09\/Kuusalu-Keskkool_Kaur.jpeg')\"><\/div>\n                    <\/div>\n                                    <div class=\"project\">\n                        <h5 class=\"project-title\">K\u00f5rvek\u00fcla P\u00f5hikool<\/h5>\n                        <div class=\"project-image\" style=\"background-image: url('https:\/\/invego.ee\/krullipark\/wp-content\/uploads\/2023\/09\/Korvekula-Pohikool_Kaur.jpg')\"><\/div>\n                    <\/div>\n                            <\/div>\n                    <div class=\"col col-lg-6 col-12\">\n                <h3 class=\"column-title\">Valitud maam\u00e4rgid<\/h3>\n                                    <div class=\"project\">\n                        <h5 class=\"project-title\">Nova maja<\/h5>\n                        <div class=\"project-image\" style=\"background-image: url('https:\/\/invego.ee\/krullipark\/wp-content\/uploads\/2023\/09\/Nova-maja_Aunin.jpg')\"><\/div>\n                    <\/div>\n                                    <div class=\"project\">\n                        <h5 class=\"project-title\">Jahu 4 ja Suur-Patarei 13<\/h5>\n                        <div class=\"project-image\" style=\"background-image: url('https:\/\/invego.ee\/krullipark\/wp-content\/uploads\/2023\/09\/Suur_Patarei_Jahu_Aunin.jpg')\"><\/div>\n                    <\/div>\n                                    <div class=\"project\">\n                        <h5 class=\"project-title\">Metropol Spa hotell \/ Alexela \u00e4rimaja<\/h5>\n                        <div class=\"project-image\" style=\"background-image: url('https:\/\/invego.ee\/krullipark\/wp-content\/uploads\/2021\/04\/4-4-copy-6.jpg')\"><\/div>\n                    <\/div>\n                                    <div class=\"project\">\n                        <h5 class=\"project-title\">Zenith \u00c4rimaja<\/h5>\n                        <div class=\"project-image\" style=\"background-image: url('https:\/\/invego.ee\/krullipark\/wp-content\/uploads\/2021\/04\/4-4-copy-7.jpg')\"><\/div>\n                    <\/div>\n                                    <div class=\"project\">\n                        <h5 class=\"project-title\">J\u00e4rve tornid<\/h5>\n                        <div class=\"project-image\" style=\"background-image: url('https:\/\/invego.ee\/krullipark\/wp-content\/uploads\/2021\/04\/4-4-copy-8.jpg')\"><\/div>\n                    <\/div>\n                                    <div class=\"project\">\n                        <h5 class=\"project-title\">Finest \u00c4rimaja<\/h5>\n                        <div class=\"project-image\" style=\"background-image: url('https:\/\/invego.ee\/krullipark\/wp-content\/uploads\/2021\/04\/4-4-copy-4.jpg')\"><\/div>\n                    <\/div>\n                            <\/div>\n            <\/div>\n<\/div>","protected":false},"excerpt":{"rendered":"","protected":false},"author":1,"featured_media":0,"parent":0,"menu_order":0,"comment_status":"closed","ping_status":"closed","template":"page-templates\/template-architecture.php","meta":{"_acf_changed":false,"_uag_custom_page_level_css":"","advgb_blocks_editor_width":"","advgb_blocks_columns_visual_guide":"","footnotes":""},"class_list":["post-399","page","type-page","status-publish","hentry"],"acf":[],"yoast_head":"<!-- This site is optimized with the Yoast SEO plugin v26.1 - https:\/\/yoast.com\/wordpress\/plugins\/seo\/ -->\n<title>Arhitektid - Krullipark<\/title>\n<meta name=\"robots\" content=\"index, follow, max-snippet:-1, max-image-preview:large, max-video-preview:-1\" \/>\n<link rel=\"canonical\" href=\"https:\/\/invego.ee\/krullipark\/arhitektid\/\" \/>\n<meta property=\"og:locale\" content=\"et_EE\" \/>\n<meta property=\"og:type\" content=\"article\" \/>\n<meta property=\"og:title\" content=\"Arhitektid - Krullipark\" \/>\n<meta property=\"og:url\" content=\"https:\/\/invego.ee\/krullipark\/arhitektid\/\" \/>\n<meta property=\"og:site_name\" content=\"Krullipark\" \/>\n<meta property=\"article:modified_time\" content=\"2023-09-18T09:14:30+00:00\" \/>\n<meta property=\"og:image\" content=\"https:\/\/invego.ee\/krullipark\/wp-content\/uploads\/2025\/10\/Share-picture-3.png\" \/>\n\t<meta property=\"og:image:width\" content=\"1200\" \/>\n\t<meta property=\"og:image:height\" content=\"675\" \/>\n\t<meta property=\"og:image:type\" content=\"image\/png\" \/>\n<meta name=\"twitter:card\" content=\"summary_large_image\" \/>\n<script type=\"application\/ld+json\" class=\"yoast-schema-graph\">{\"@context\":\"https:\/\/schema.org\",\"@graph\":[{\"@type\":\"WebPage\",\"@id\":\"https:\/\/invego.ee\/krullipark\/arhitektid\/\",\"url\":\"https:\/\/invego.ee\/krullipark\/arhitektid\/\",\"name\":\"Arhitektid - Krullipark\",\"isPartOf\":{\"@id\":\"https:\/\/invego.ee\/krullipark\/#website\"},\"datePublished\":\"2021-04-07T09:08:31+00:00\",\"dateModified\":\"2023-09-18T09:14:30+00:00\",\"breadcrumb\":{\"@id\":\"https:\/\/invego.ee\/krullipark\/arhitektid\/#breadcrumb\"},\"inLanguage\":\"et\",\"potentialAction\":[{\"@type\":\"ReadAction\",\"target\":[\"https:\/\/invego.ee\/krullipark\/arhitektid\/\"]}]},{\"@type\":\"BreadcrumbList\",\"@id\":\"https:\/\/invego.ee\/krullipark\/arhitektid\/#breadcrumb\",\"itemListElement\":[{\"@type\":\"ListItem\",\"position\":1,\"name\":\"Home\",\"item\":\"https:\/\/invego.ee\/krullipark\/\"},{\"@type\":\"ListItem\",\"position\":2,\"name\":\"Arhitektid\"}]},{\"@type\":\"WebSite\",\"@id\":\"https:\/\/invego.ee\/krullipark\/#website\",\"url\":\"https:\/\/invego.ee\/krullipark\/\",\"name\":\"Krulli park\",\"description\":\"Uue karakteriga kontorid ja kaubanduspinnad\",\"publisher\":{\"@id\":\"https:\/\/invego.ee\/krullipark\/#organization\"},\"potentialAction\":[{\"@type\":\"SearchAction\",\"target\":{\"@type\":\"EntryPoint\",\"urlTemplate\":\"https:\/\/invego.ee\/krullipark\/?s={search_term_string}\"},\"query-input\":{\"@type\":\"PropertyValueSpecification\",\"valueRequired\":true,\"valueName\":\"search_term_string\"}}],\"inLanguage\":\"et\"},{\"@type\":\"Organization\",\"@id\":\"https:\/\/invego.ee\/krullipark\/#organization\",\"name\":\"Volta1\",\"url\":\"https:\/\/invego.ee\/krullipark\/\",\"logo\":{\"@type\":\"ImageObject\",\"inLanguage\":\"et\",\"@id\":\"https:\/\/invego.ee\/krullipark\/#\/schema\/logo\/image\/\",\"url\":\"https:\/\/invego.ee\/krullipark\/wp-content\/uploads\/2023\/09\/cropped-favikon.png\",\"contentUrl\":\"https:\/\/invego.ee\/krullipark\/wp-content\/uploads\/2023\/09\/cropped-favikon.png\",\"width\":512,\"height\":512,\"caption\":\"Volta1\"},\"image\":{\"@id\":\"https:\/\/invego.ee\/krullipark\/#\/schema\/logo\/image\/\"}}]}<\/script>\n<!-- \/ Yoast SEO plugin. -->","yoast_head_json":{"title":"Arhitektid - Krullipark","robots":{"index":"index","follow":"follow","max-snippet":"max-snippet:-1","max-image-preview":"max-image-preview:large","max-video-preview":"max-video-preview:-1"},"canonical":"https:\/\/invego.ee\/krullipark\/arhitektid\/","og_locale":"et_EE","og_type":"article","og_title":"Arhitektid - Krullipark","og_url":"https:\/\/invego.ee\/krullipark\/arhitektid\/","og_site_name":"Krullipark","article_modified_time":"2023-09-18T09:14:30+00:00","og_image":[{"width":1200,"height":675,"url":"https:\/\/invego.ee\/krullipark\/wp-content\/uploads\/2025\/10\/Share-picture-3.png","type":"image\/png"}],"twitter_card":"summary_large_image","schema":{"@context":"https:\/\/schema.org","@graph":[{"@type":"WebPage","@id":"https:\/\/invego.ee\/krullipark\/arhitektid\/","url":"https:\/\/invego.ee\/krullipark\/arhitektid\/","name":"Arhitektid - Krullipark","isPartOf":{"@id":"https:\/\/invego.ee\/krullipark\/#website"},"datePublished":"2021-04-07T09:08:31+00:00","dateModified":"2023-09-18T09:14:30+00:00","breadcrumb":{"@id":"https:\/\/invego.ee\/krullipark\/arhitektid\/#breadcrumb"},"inLanguage":"et","potentialAction":[{"@type":"ReadAction","target":["https:\/\/invego.ee\/krullipark\/arhitektid\/"]}]},{"@type":"BreadcrumbList","@id":"https:\/\/invego.ee\/krullipark\/arhitektid\/#breadcrumb","itemListElement":[{"@type":"ListItem","position":1,"name":"Home","item":"https:\/\/invego.ee\/krullipark\/"},{"@type":"ListItem","position":2,"name":"Arhitektid"}]},{"@type":"WebSite","@id":"https:\/\/invego.ee\/krullipark\/#website","url":"https:\/\/invego.ee\/krullipark\/","name":"Krulli park","description":"Uue karakteriga kontorid ja kaubanduspinnad","publisher":{"@id":"https:\/\/invego.ee\/krullipark\/#organization"},"potentialAction":[{"@type":"SearchAction","target":{"@type":"EntryPoint","urlTemplate":"https:\/\/invego.ee\/krullipark\/?s={search_term_string}"},"query-input":{"@type":"PropertyValueSpecification","valueRequired":true,"valueName":"search_term_string"}}],"inLanguage":"et"},{"@type":"Organization","@id":"https:\/\/invego.ee\/krullipark\/#organization","name":"Volta1","url":"https:\/\/invego.ee\/krullipark\/","logo":{"@type":"ImageObject","inLanguage":"et","@id":"https:\/\/invego.ee\/krullipark\/#\/schema\/logo\/image\/","url":"https:\/\/invego.ee\/krullipark\/wp-content\/uploads\/2023\/09\/cropped-favikon.png","contentUrl":"https:\/\/invego.ee\/krullipark\/wp-content\/uploads\/2023\/09\/cropped-favikon.png","width":512,"height":512,"caption":"Volta1"},"image":{"@id":"https:\/\/invego.ee\/krullipark\/#\/schema\/logo\/image\/"}}]}},"uagb_featured_image_src":{"full":false,"thumbnail":false,"medium":false,"medium_large":false,"large":false,"1536x1536":false,"2048x2048":false,"small":false,"full-hd":false},"uagb_author_info":{"display_name":"reaktiiv-vo","author_link":"https:\/\/invego.ee\/krullipark\/author\/reaktiiv-vo\/"},"uagb_comment_info":0,"uagb_excerpt":null,"coauthors":[],"author_meta":{"author_link":"https:\/\/invego.ee\/krullipark\/author\/reaktiiv-vo\/","display_name":"reaktiiv-vo"},"relative_dates":{"created":"Posted 5 aastat ago","modified":"Updated 3 aastat ago"},"absolute_dates":{"created":"Posted on aprill 7, 2021","modified":"Updated on september 18, 2023"},"absolute_dates_time":{"created":"Posted on aprill 7, 2021 9:08 e.l.","modified":"Updated on september 18, 2023 9:14 e.l."},"featured_img_caption":"","featured_img":false,"series_order":"","_links":{"self":[{"href":"https:\/\/invego.ee\/krullipark\/wp-json\/wp\/v2\/pages\/399","targetHints":{"allow":["GET"]}}],"collection":[{"href":"https:\/\/invego.ee\/krullipark\/wp-json\/wp\/v2\/pages"}],"about":[{"href":"https:\/\/invego.ee\/krullipark\/wp-json\/wp\/v2\/types\/page"}],"author":[{"embeddable":true,"href":"https:\/\/invego.ee\/krullipark\/wp-json\/wp\/v2\/users\/1"}],"replies":[{"embeddable":true,"href":"https:\/\/invego.ee\/krullipark\/wp-json\/wp\/v2\/comments?post=399"}],"version-history":[{"count":8,"href":"https:\/\/invego.ee\/krullipark\/wp-json\/wp\/v2\/pages\/399\/revisions"}],"predecessor-version":[{"id":735,"href":"https:\/\/invego.ee\/krullipark\/wp-json\/wp\/v2\/pages\/399\/revisions\/735"}],"wp:attachment":[{"href":"https:\/\/invego.ee\/krullipark\/wp-json\/wp\/v2\/media?parent=399"}],"curies":[{"name":"wp","href":"https:\/\/api.w.org\/{rel}","templated":true}]}}