{"id":7,"date":"2020-09-17T18:31:54","date_gmt":"2020-09-17T15:31:54","guid":{"rendered":"https:\/\/invego.ee\/keilapargikodud\/?page_id=7"},"modified":"2026-04-13T10:58:15","modified_gmt":"2026-04-13T07:58:15","slug":"home","status":"publish","type":"page","link":"https:\/\/invego.ee\/keilapargikodud\/","title":{"rendered":"Avaleht"},"content":{"rendered":"\n<section class=\"front-header-block position-relative big-heart\">\n    <div class=\"bar d-lg-block d-none position-absolute top-0 start-0 w100 pt-24 pt-lg-32 bg-white\"><\/div>\n    <div class=\"bar d-lg-block d-none position-absolute bottom-0 start-0 w100 pt-24 pt-lg-32 bg-white\"><\/div>\n    <div class=\"bar position-absolute top-0 start-0 h100 ps-24 ps-lg-32 bg-white\"><\/div>\n    <div class=\"bar position-absolute top-0 end-0 h100 ps-24 ps-lg-32 bg-white\"><\/div>\n\n    <div class=\"main_content position-relative pt-lg-32\">\n        <div class=\"bar d-lg-none d-block position-absolute bottom-0 start-0 w100 pt-24 pt-lg-32 bg-white\"><\/div>\n\n        <div class=\"container-fluid gx-lg-64 w100 h100\">\n            <div class=\"position-relative w100 h100\">\n                <div class=\"gradient position-absolute top-0 start-0 w100\"><\/div>\n                <div class=\"inside-wrap position-relative w100 h100\">\n                                            <div class=\"campaign_banner\">\n                            <div class=\"campaign-banner-text d-flex align-items-center\">\n                                <div class=\"campaign-content\">\n                                    <p><strong>Sinu kodu<\/strong><br \/>\n<strong>Keila s\u00fcdames<\/strong><\/p>\n                                <\/div>\n                                                            <\/div>\n                                                    <\/div>\n                                                                <div class=\"bg-image position-relative w100 h100\">\n                            <div class=\"bg-image-wrap position-relative w100 h100\">\n                                <img decoding=\"async\" class=\"d-lg-block d-none\" src=\"https:\/\/invego.ee\/keilapargikodud\/wp-content\/uploads\/2025\/02\/1070800993-1-1.png\" width=\"2672\" height=\"1300\" alt=\"\" \/>\n                                <img decoding=\"async\" class=\"d-lg-none d-block\" src=\"https:\/\/invego.ee\/keilapargikodud\/wp-content\/uploads\/2025\/02\/frame-16.png\" width=\"684\" height=\"1020\" alt=\"\" \/>\n                            <\/div>\n                        <\/div>\n                    \n                                        \n                                            <a class=\"corner-logo position-fixed bottom-0 start-0\" href=\"https:\/\/invego.ee\/\" target=\"_blank\">\n                            <img decoding=\"async\" class=\"desktop  d-lg-block d-none\" src=\"https:\/\/invego.ee\/keilapargikodud\/wp-content\/uploads\/2025\/02\/group-406-2.svg\" width=\"249\" height=\"174\" alt=\"\" \/>\n                                                            <img decoding=\"async\" class=\"mobile  d-block d-lg-none\" src=\"https:\/\/invego.ee\/keilapargikodud\/wp-content\/uploads\/2024\/03\/invego-arendab.svg\" width=\"219\" height=\"153\" alt=\"\" \/>\n                                                    <\/a>\n                                    <\/div>\n            <\/div>\n        <\/div>\n    <\/div>\n\n    <\/section>\n\n\n<section class=\"developers-list-block py-32 color-purple bg-white\">\n    <div class=\"dev_block_wrap\">\n        <div class=\"container-fluid\">\n            <div class=\"developers_title\">\n                <p>USALDA KOGENUD EKSPERTE<\/p>\n            <\/div>\n            \n            <div class=\"developers row justify-content-center\">\n                                    \n                    <div class=\"col col-4 col-lg-auto \">\n                        <div class=\"developer d-flex align-items-center\">\n                            <p class=\"text\">ARENDAJA<\/p>\n                            <div class=\"logo_container d-flex align-items-center\">\n                                <img decoding=\"async\" src=\"https:\/\/invego.ee\/keilapargikodud\/wp-content\/uploads\/2025\/02\/shape@2x.svg\" width=\"107\" height=\"29\" alt=\"\" \/>\n                            <\/div>\n                        <\/div>\n                    <\/div>\n                                    \n                    <div class=\"col col-4 col-lg-auto \">\n                        <div class=\"developer d-flex align-items-center\">\n                            <p class=\"text\">EHITAJA<\/p>\n                            <div class=\"logo_container d-flex align-items-center\">\n                                <img decoding=\"async\" src=\"https:\/\/invego.ee\/keilapargikodud\/wp-content\/uploads\/2025\/02\/group-2628.svg\" width=\"117\" height=\"27\" alt=\"\" \/>\n                            <\/div>\n                        <\/div>\n                    <\/div>\n                                    \n                    <div class=\"col col-4 col-lg-auto \">\n                        <div class=\"developer d-flex align-items-center\">\n                            <p class=\"text\">ARHITEKT<\/p>\n                            <div class=\"logo_container d-flex align-items-center\">\n                                <img decoding=\"async\" src=\"https:\/\/invego.ee\/keilapargikodud\/wp-content\/uploads\/2025\/02\/layer_1-10.svg\" width=\"97\" height=\"33\" alt=\"\" \/>\n                            <\/div>\n                        <\/div>\n                    <\/div>\n                            <\/div>\n        <\/div>\n    <\/div>\n<\/section>\n\n\n\n<section class=\"full-width-block position-relative bg-white pt-lg-64 pt-24 pb-lg-64 pb-16\" data-anchor=\"asukoht\">\n    <div class=\"container-fluid\">\n        <div class=\"text_wrapper w100 mx-auto text-lg-center\">\n            <h2>Keila Pargikodud on Invego poolt rajatav uus rohelusse peituv terviklik A-energiaklassi elukvartal.<\/h2>\n<p>Esimesed kaks maja on valminud.<\/p>\n        <\/div>\n    <\/div>\n<\/section>\n\n\n<section class=\"icons-list-block py-32 color-purple bg-white\">\n    <div class=\"container-fluid\">\n        <div class=\"row justify-content-center gx-lg-64 gx-24 gy-32\">\n                                            <div class=\"col col-lg-auto col-md-4 col-6 d-flex flex-column align-items-center\">\n                    <div class=\"col_wrapper d-flex flex-column align-items-center\">\n                        <div class=\"image_container d-flex justify-content-center align-items-center mb-24\">\n                            <img decoding=\"async\" src=\"https:\/\/invego.ee\/keilapargikodud\/wp-content\/uploads\/2024\/03\/Group-107.svg\" width=\"60\" height=\"48\" alt=\"\" \/>\n                        <\/div>\n\n                                                    <p class=\"background fs-12 color-white bg-purple\">Jala<\/p>\n                        \n                                                    <p class=\"title fs-32 font-Agrandir\">1 min<\/p>\n                        \n                                                    <p class=\"text fs-12\">Perearstikeskus<\/p>\n                                            <\/div>\n                <\/div>\n                                            <div class=\"col col-lg-auto col-md-4 col-6 d-flex flex-column align-items-center\">\n                    <div class=\"col_wrapper d-flex flex-column align-items-center\">\n                        <div class=\"image_container d-flex justify-content-center align-items-center mb-24\">\n                            <img decoding=\"async\" src=\"https:\/\/invego.ee\/keilapargikodud\/wp-content\/uploads\/2024\/03\/Group-33.svg\" width=\"60\" height=\"48\" alt=\"\" \/>\n                        <\/div>\n\n                                                    <p class=\"background fs-12 color-white bg-purple\">Jala<\/p>\n                        \n                                                    <p class=\"title fs-32 font-Agrandir\">2 min<\/p>\n                        \n                                                    <p class=\"text fs-12\">G\u00fcmnaasium<\/p>\n                                            <\/div>\n                <\/div>\n                                            <div class=\"col col-lg-auto col-md-4 col-6 d-flex flex-column align-items-center\">\n                    <div class=\"col_wrapper d-flex flex-column align-items-center\">\n                        <div class=\"image_container d-flex justify-content-center align-items-center mb-24\">\n                            <img decoding=\"async\" src=\"https:\/\/invego.ee\/keilapargikodud\/wp-content\/uploads\/2024\/03\/group-336.svg\" width=\"60\" height=\"48\" alt=\"\" \/>\n                        <\/div>\n\n                                                    <p class=\"background fs-12 color-white bg-purple\">Jala<\/p>\n                        \n                                                    <p class=\"title fs-32 font-Agrandir\">2 min<\/p>\n                        \n                                                    <p class=\"text fs-12\">Siseujula<\/p>\n                                            <\/div>\n                <\/div>\n                                            <div class=\"col col-lg-auto col-md-4 col-6 d-flex flex-column align-items-center\">\n                    <div class=\"col_wrapper d-flex flex-column align-items-center\">\n                        <div class=\"image_container d-flex justify-content-center align-items-center mb-24\">\n                            <img decoding=\"async\" src=\"https:\/\/invego.ee\/keilapargikodud\/wp-content\/uploads\/2024\/03\/Group-109.svg\" width=\"60\" height=\"48\" alt=\"\" \/>\n                        <\/div>\n\n                                                    <p class=\"background fs-12 color-white bg-purple\">Jala<\/p>\n                        \n                                                    <p class=\"title fs-32 font-Agrandir\">3 min<\/p>\n                        \n                                                    <p class=\"text fs-12\">VALGUSTATUD TERVISERAJAD<\/p>\n                                            <\/div>\n                <\/div>\n                                            <div class=\"col col-lg-auto col-md-4 col-6 d-flex flex-column align-items-center\">\n                    <div class=\"col_wrapper d-flex flex-column align-items-center\">\n                        <div class=\"image_container d-flex justify-content-center align-items-center mb-24\">\n                            <img decoding=\"async\" src=\"https:\/\/invego.ee\/keilapargikodud\/wp-content\/uploads\/2024\/03\/Group-34.svg\" width=\"60\" height=\"48\" alt=\"\" \/>\n                        <\/div>\n\n                                                    <p class=\"background fs-12 color-white bg-purple\">Jala<\/p>\n                        \n                                                    <p class=\"title fs-32 font-Agrandir\">4 min<\/p>\n                        \n                                                    <p class=\"text fs-12\">uus kino ja kaubanduskeskus<\/p>\n                                            <\/div>\n                <\/div>\n                                            <div class=\"col col-lg-auto col-md-4 col-6 d-flex flex-column align-items-center\">\n                    <div class=\"col_wrapper d-flex flex-column align-items-center\">\n                        <div class=\"image_container d-flex justify-content-center align-items-center mb-24\">\n                            <img decoding=\"async\" src=\"https:\/\/invego.ee\/keilapargikodud\/wp-content\/uploads\/2024\/03\/group-335.svg\" width=\"60\" height=\"48\" alt=\"\" \/>\n                        <\/div>\n\n                                                    <p class=\"background fs-12 color-white bg-purple\">Jala<\/p>\n                        \n                                                    <p class=\"title fs-32 font-Agrandir\">5 min<\/p>\n                        \n                                                    <p class=\"text fs-12\">Lasteaed<\/p>\n                                            <\/div>\n                <\/div>\n                    <\/div>\n    <\/div>\n<\/section>\n\n\n<section class=\"images-layout-block py-lg-96 pt-32 pb-24 bg-white\" data-anchor=\"tutvustus\">\n\t<div class=\"container-fluid\">\n\t\t<div class=\"row flex-lg-row flex-column-reverse gx-32 gy-48\">\n\t\t\t<div class=\"col col-lg-6 col-12\">\n\t\t\t\t\t\t\t\t\t<div class=\"text_wrapper ul_styled w100 ms-lg-auto me-lg-32\">\n\t\t\t\t\t\t<ul>\n<li>1- kuni 5-toalised suurte terrasside ja r\u00f5dudega korterid<\/li>\n<li>Korteritele kehtib garantii 5 aastat<\/li>\n<li>K\u00f5rghaljastusega parkmets<\/li>\n<li>Hulgaliselt rohelust koos koduukse juurest m\u00f6\u00f6da looklevate terviseradadega<\/li>\n<li>L\u00e4bim\u00f5eldud m\u00e4nguv\u00e4ljak ja puhkeala<\/li>\n<\/ul>\n\t\t\t\t\t<\/div>\n\t\t\t\t\n\t\t\t\t\t\t\t\t\t<div class=\"image image-left mt-24 mt-lg-64\">\n\t\t\t\t\t\t\t\t\t\t\t\t\t<video class=\"w100\" muted playsinline loop>\n\t\t\t\t\t\t\t\t<source src=\"https:\/\/invego.ee\/keilapargikodud\/wp-content\/uploads\/2024\/03\/shutterstock_3434379441-1.mp4\" type=\"video\/mp4\">\n\t\t\t\t\t\t\t\tYour browser does not support the video tag.\n\t\t\t\t\t\t\t<\/video>\n\t\t\t\t\t\t\t\t\t\t\t<\/div>\n\t\t\t\t\t\t\t<\/div>\n\n\t\t\t\t\t\t\t<div class=\"col col-lg-6 col-12\">\n\t\t\t\t\t\t\t\t\t\t\t<div class=\"image image-right position-relative\">\n\t\t\t\t\t\t\t<div class=\"image-wrapper position-relative w100 overflow-hidden\">\n\t\t\t\t\t\t\t\t<div class=\"img position-absolute top-0 start-0 w100 h100\" style=\"background-image:url(https:\/\/invego.ee\/keilapargikodud\/wp-content\/uploads\/2024\/03\/10_uus-scaled.jpg);\"><\/div>\n\t\t\t\t\t\t\t<\/div>\n\t\t\t\t\t\t<\/div>\n\t\t\t\t\t\t\t\t\t\t\n\t\t\t\t\t\t\t\t\t\t\t<div class=\"image image-right-smaller mt-24 mt-lg-64 d-lg-block d-none\">\n\t\t\t\t\t\t\t<div class=\"image-wrapper position-relative w100 overflow-hidden\">\n\t\t\t\t\t\t\t\t<div class=\"img position-absolute top-0 start-0 w100 h100\" style=\"background-image:url(https:\/\/invego.ee\/keilapargikodud\/wp-content\/uploads\/2024\/03\/Group-184.jpg);\"><\/div>\n\t\t\t\t\t\t\t<\/div>\n\t\t\t\t\t\t<\/div>\n\t\t\t\t\t\t\t\t\t<\/div>\n\t\t\t\t\t<\/div>\n\t<\/div>\n<\/section>\n\n\n<section class=\"architects-block py-lg-32 bg-white\">\n    <div class=\"container\">\n        <div class=\"row gx-0 gy-0\">\n            <div class=\"col col-md-6 col-12 position-relative px-32 px-md-48 py-32 bg-gray\">\n                <div class=\"text_wrapper px-md-8\">\n                    <div class=\"quote mb-24 mb-md-32 position-relative\">\n                        <p>Keila pargikodudes on fookuses tellis, sest materjal on Keilale omane. Tellis on ajas p\u00fcsiv ja kvaliteetne ning loob hubase keskkonna ja isikup\u00e4rase arhitektuuri. Tellise kasutusv\u00f5imalused, kuju ja vorm on esile toodud maja kumerustes ja detailides.<\/p>\n<p>Heaks kontrastiks tellisele kasutatakse terrassidel ja r\u00f5dudel puitu, mis muudab elurajooni pehmemaks, soojemaks ja loob koduse olemise.<\/p>\n                    <\/div>\n                    <div class=\"text\">\n                        <p>Apex Arhitektuurib\u00fcroo meeskond<br \/>\nSigne Kits, Liisi V\u00e4hi ja Ove Oot<\/p>\n                    <\/div>\n                <\/div>\n\n                <div class=\"k-icon position-absolute translate-middle bg-center-contain\" style=\"background-image: url('https:\/\/invego.ee\/keilapargikodud\/wp-content\/themes\/keilapargikodud\/images\/icons\/k.svg')\"><\/div>\n            <\/div>\n\n            <div class=\"col col-md-6 col-12\">\n                <img decoding=\"async\" class=\"image d-block w100 h100\" src=\"https:\/\/invego.ee\/keilapargikodud\/wp-content\/uploads\/2024\/03\/arhitektide-asemel-1-1.jpg\" width=\"1906\" height=\"1069\" alt=\"\" \/>\n            <\/div>\n        <\/div>\n    <\/div>\n<\/section>\n\n\n<section class=\"text-image-block position-relative py-32 bg-white reversed\">\n    <div class=\"container-fluid\">\n        <div class=\"row align-items-center flex-md-row-reverse flex-column-reverse gx-32 gy-32\">\n            <div class=\"text col col-md-6 col-12\">\n                <div class=\"text_wrapper w100\">\n                    \n                    <h2>Targalt l\u00e4bim\u00f5eldud keskkond<\/h2>\n<p>Keila Pargikodude rajamisel loome avaliku ruumi, kus saab\u2028m\u00f5nusalt liikuda jalgsi v\u00f5i rattaga ega pea seejuures koju saabuma l\u00e4bi autoparkla. Suurem osa autode parkimisest lahendatakse nii, et s\u00e4iliks maksimaalne kogus puid ning efektiivselt kasutataks \u00e4ra olemasolevad sillutatud alad ja t\u00e4nava\u00e4\u00e4rsed.<\/p>\n                <\/div>\n            <\/div>\n\n            <div class=\"image col col-md-6 col-12\">\n                <div class=\"image_wrapper position-relative\">\n                    <img decoding=\"async\" class=\"w100\" src=\"https:\/\/invego.ee\/keilapargikodud\/wp-content\/uploads\/2024\/03\/Rectangle-11.jpg\" width=\"1304\" height=\"816\" alt=\"\" \/>\n                <\/div>\n            <\/div>\n        <\/div>\n    <\/div>\n<\/section>\n\n<section class=\"timeline-block\" >\n    <div class=\"container\">\n        <div class=\"timeline__track\">\n                            <div class=\"timeline__item\">\n                    <div class=\"timeline__icon\">\n                                                    <img decoding=\"async\" src=\"https:\/\/invego.ee\/keilapargikodud\/wp-content\/uploads\/2026\/03\/vector.svg\"\n                                width=\"55\"\n                                height=\"44\"\n                                alt=\"\" \/>\n                                            <\/div>\n                                            <span class=\"timeline__season\">TALV<\/span>\n                                                                <p class=\"timeline__year\">2026<\/p>\n                                                                <p class=\"timeline__description\">II etapi\u00a0m\u00fc\u00fcgi algus<\/p>\n                                    <\/div>\n                            <div class=\"timeline__item\">\n                    <div class=\"timeline__icon\">\n                                                    <img decoding=\"async\" src=\"https:\/\/invego.ee\/keilapargikodud\/wp-content\/uploads\/2026\/03\/vector.svg\"\n                                width=\"55\"\n                                height=\"44\"\n                                alt=\"\" \/>\n                                            <\/div>\n                                            <span class=\"timeline__season\">SUVI<\/span>\n                                                                <p class=\"timeline__year\">2026<\/p>\n                                                                <p class=\"timeline__description\">EHITUSE ALGUS<\/p>\n                                    <\/div>\n                            <div class=\"timeline__item\">\n                    <div class=\"timeline__icon\">\n                                                    <img decoding=\"async\" src=\"https:\/\/invego.ee\/keilapargikodud\/wp-content\/uploads\/2026\/03\/vector.svg\"\n                                width=\"55\"\n                                height=\"44\"\n                                alt=\"\" \/>\n                                            <\/div>\n                                            <span class=\"timeline__season\">S\u00dcGIS<\/span>\n                                                                <p class=\"timeline__year\">2027<\/p>\n                                                                <p class=\"timeline__description\">MAJAD VALMIS<\/p>\n                                    <\/div>\n                    <\/div>\n    <\/div>\n<\/section>\n\n\n<p><\/p>\n","protected":false},"excerpt":{"rendered":"","protected":false},"author":1,"featured_media":0,"parent":0,"menu_order":0,"comment_status":"closed","ping_status":"closed","template":"","meta":{"_acf_changed":false,"footnotes":""},"class_list":["post-7","page","type-page","status-publish","hentry"],"acf":[],"yoast_head":"<!-- This site is optimized with the Yoast SEO plugin v24.9 - https:\/\/yoast.com\/wordpress\/plugins\/seo\/ -->\n<title>Avaleht - Keila Pargikodud<\/title>\n<meta name=\"robots\" content=\"index, follow, max-snippet:-1, max-image-preview:large, max-video-preview:-1\" \/>\n<link rel=\"canonical\" href=\"https:\/\/invego.ee\/keilapargikodud\/\" \/>\n<meta property=\"og:locale\" content=\"et_EE\" \/>\n<meta property=\"og:type\" content=\"article\" \/>\n<meta property=\"og:title\" content=\"Avaleht - Keila Pargikodud\" \/>\n<meta property=\"og:url\" content=\"https:\/\/invego.ee\/keilapargikodud\/\" \/>\n<meta property=\"og:site_name\" content=\"Keila Pargikodud\" \/>\n<meta property=\"article:modified_time\" content=\"2026-04-13T07:58:15+00:00\" \/>\n<meta property=\"og:image\" content=\"https:\/\/invego.ee\/keilapargikodud\/wp-content\/uploads\/2024\/03\/keilapargikodud-og.jpg\" \/>\n\t<meta property=\"og:image:width\" content=\"1200\" \/>\n\t<meta property=\"og:image:height\" content=\"630\" \/>\n\t<meta property=\"og:image:type\" content=\"image\/jpeg\" \/>\n<meta name=\"twitter:card\" content=\"summary_large_image\" \/>\n<script type=\"application\/ld+json\" class=\"yoast-schema-graph\">{\"@context\":\"https:\/\/schema.org\",\"@graph\":[{\"@type\":\"WebPage\",\"@id\":\"https:\/\/invego.ee\/keilapargikodud\/\",\"url\":\"https:\/\/invego.ee\/keilapargikodud\/\",\"name\":\"Avaleht - Keila Pargikodud\",\"isPartOf\":{\"@id\":\"https:\/\/invego.ee\/keilapargikodud\/#website\"},\"datePublished\":\"2020-09-17T15:31:54+00:00\",\"dateModified\":\"2026-04-13T07:58:15+00:00\",\"breadcrumb\":{\"@id\":\"https:\/\/invego.ee\/keilapargikodud\/#breadcrumb\"},\"inLanguage\":\"et\",\"potentialAction\":[{\"@type\":\"ReadAction\",\"target\":[\"https:\/\/invego.ee\/keilapargikodud\/\"]}]},{\"@type\":\"BreadcrumbList\",\"@id\":\"https:\/\/invego.ee\/keilapargikodud\/#breadcrumb\",\"itemListElement\":[{\"@type\":\"ListItem\",\"position\":1,\"name\":\"Home\",\"item\":\"https:\/\/invego.ee\/keilapargikodud\/\"},{\"@type\":\"ListItem\",\"position\":2,\"name\":\"Avaleht\"}]},{\"@type\":\"WebSite\",\"@id\":\"https:\/\/invego.ee\/keilapargikodud\/#website\",\"url\":\"https:\/\/invego.ee\/keilapargikodud\/\",\"name\":\"Keila Pargikodud\",\"description\":\"Kodu Keila s\u00fcdames\",\"publisher\":{\"@id\":\"https:\/\/invego.ee\/keilapargikodud\/#organization\"},\"potentialAction\":[{\"@type\":\"SearchAction\",\"target\":{\"@type\":\"EntryPoint\",\"urlTemplate\":\"https:\/\/invego.ee\/keilapargikodud\/?s={search_term_string}\"},\"query-input\":{\"@type\":\"PropertyValueSpecification\",\"valueRequired\":true,\"valueName\":\"search_term_string\"}}],\"inLanguage\":\"et\"},{\"@type\":\"Organization\",\"@id\":\"https:\/\/invego.ee\/keilapargikodud\/#organization\",\"name\":\"Keila Pargikodud\",\"url\":\"https:\/\/invego.ee\/keilapargikodud\/\",\"logo\":{\"@type\":\"ImageObject\",\"inLanguage\":\"et\",\"@id\":\"https:\/\/invego.ee\/keilapargikodud\/#\/schema\/logo\/image\/\",\"url\":\"https:\/\/invego.ee\/keilapargikodud\/wp-content\/uploads\/2024\/03\/keila-pargikodud-logo.svg\",\"contentUrl\":\"https:\/\/invego.ee\/keilapargikodud\/wp-content\/uploads\/2024\/03\/keila-pargikodud-logo.svg\",\"width\":159,\"height\":118,\"caption\":\"Keila Pargikodud\"},\"image\":{\"@id\":\"https:\/\/invego.ee\/keilapargikodud\/#\/schema\/logo\/image\/\"}}]}<\/script>\n<!-- \/ Yoast SEO plugin. -->","yoast_head_json":{"title":"Avaleht - Keila Pargikodud","robots":{"index":"index","follow":"follow","max-snippet":"max-snippet:-1","max-image-preview":"max-image-preview:large","max-video-preview":"max-video-preview:-1"},"canonical":"https:\/\/invego.ee\/keilapargikodud\/","og_locale":"et_EE","og_type":"article","og_title":"Avaleht - Keila Pargikodud","og_url":"https:\/\/invego.ee\/keilapargikodud\/","og_site_name":"Keila Pargikodud","article_modified_time":"2026-04-13T07:58:15+00:00","og_image":[{"width":1200,"height":630,"url":"https:\/\/invego.ee\/keilapargikodud\/wp-content\/uploads\/2024\/03\/keilapargikodud-og.jpg","type":"image\/jpeg"}],"twitter_card":"summary_large_image","schema":{"@context":"https:\/\/schema.org","@graph":[{"@type":"WebPage","@id":"https:\/\/invego.ee\/keilapargikodud\/","url":"https:\/\/invego.ee\/keilapargikodud\/","name":"Avaleht - Keila Pargikodud","isPartOf":{"@id":"https:\/\/invego.ee\/keilapargikodud\/#website"},"datePublished":"2020-09-17T15:31:54+00:00","dateModified":"2026-04-13T07:58:15+00:00","breadcrumb":{"@id":"https:\/\/invego.ee\/keilapargikodud\/#breadcrumb"},"inLanguage":"et","potentialAction":[{"@type":"ReadAction","target":["https:\/\/invego.ee\/keilapargikodud\/"]}]},{"@type":"BreadcrumbList","@id":"https:\/\/invego.ee\/keilapargikodud\/#breadcrumb","itemListElement":[{"@type":"ListItem","position":1,"name":"Home","item":"https:\/\/invego.ee\/keilapargikodud\/"},{"@type":"ListItem","position":2,"name":"Avaleht"}]},{"@type":"WebSite","@id":"https:\/\/invego.ee\/keilapargikodud\/#website","url":"https:\/\/invego.ee\/keilapargikodud\/","name":"Keila Pargikodud","description":"Kodu Keila s\u00fcdames","publisher":{"@id":"https:\/\/invego.ee\/keilapargikodud\/#organization"},"potentialAction":[{"@type":"SearchAction","target":{"@type":"EntryPoint","urlTemplate":"https:\/\/invego.ee\/keilapargikodud\/?s={search_term_string}"},"query-input":{"@type":"PropertyValueSpecification","valueRequired":true,"valueName":"search_term_string"}}],"inLanguage":"et"},{"@type":"Organization","@id":"https:\/\/invego.ee\/keilapargikodud\/#organization","name":"Keila Pargikodud","url":"https:\/\/invego.ee\/keilapargikodud\/","logo":{"@type":"ImageObject","inLanguage":"et","@id":"https:\/\/invego.ee\/keilapargikodud\/#\/schema\/logo\/image\/","url":"https:\/\/invego.ee\/keilapargikodud\/wp-content\/uploads\/2024\/03\/keila-pargikodud-logo.svg","contentUrl":"https:\/\/invego.ee\/keilapargikodud\/wp-content\/uploads\/2024\/03\/keila-pargikodud-logo.svg","width":159,"height":118,"caption":"Keila Pargikodud"},"image":{"@id":"https:\/\/invego.ee\/keilapargikodud\/#\/schema\/logo\/image\/"}}]}},"_links":{"self":[{"href":"https:\/\/invego.ee\/keilapargikodud\/wp-json\/wp\/v2\/pages\/7","targetHints":{"allow":["GET"]}}],"collection":[{"href":"https:\/\/invego.ee\/keilapargikodud\/wp-json\/wp\/v2\/pages"}],"about":[{"href":"https:\/\/invego.ee\/keilapargikodud\/wp-json\/wp\/v2\/types\/page"}],"author":[{"embeddable":true,"href":"https:\/\/invego.ee\/keilapargikodud\/wp-json\/wp\/v2\/users\/1"}],"replies":[{"embeddable":true,"href":"https:\/\/invego.ee\/keilapargikodud\/wp-json\/wp\/v2\/comments?post=7"}],"version-history":[{"count":128,"href":"https:\/\/invego.ee\/keilapargikodud\/wp-json\/wp\/v2\/pages\/7\/revisions"}],"predecessor-version":[{"id":2510,"href":"https:\/\/invego.ee\/keilapargikodud\/wp-json\/wp\/v2\/pages\/7\/revisions\/2510"}],"wp:attachment":[{"href":"https:\/\/invego.ee\/keilapargikodud\/wp-json\/wp\/v2\/media?parent=7"}],"curies":[{"name":"wp","href":"https:\/\/api.w.org\/{rel}","templated":true}]}}