{"id":570,"date":"2024-03-05T07:49:18","date_gmt":"2024-03-05T05:49:18","guid":{"rendered":"https:\/\/invego.ee\/keilapargikodud\/?page_id=570"},"modified":"2025-10-31T13:48:09","modified_gmt":"2025-10-31T11:48:09","slug":"arendaja","status":"publish","type":"page","link":"https:\/\/invego.ee\/keilapargikodud\/arendaja\/","title":{"rendered":"Arendaja"},"content":{"rendered":"\n<section class=\"text-image-block position-relative py-32 bg-white mobile_reversed pt-md-32 pt-0\">\n    <div class=\"container-fluid\">\n        <div class=\"row align-items-center flex-md-row flex-column-reverse gx-32 gy-32\">\n            <div class=\"text col col-md-6 col-12\">\n                <div class=\"text_wrapper w100 ms-auto\">\n                                            <img decoding=\"async\" class=\"mb-24\" src=\"https:\/\/invego.ee\/keilapargikodud\/wp-content\/uploads\/2024\/03\/Vector-5-1.svg\" width=\"143\" height=\"39\" alt=\"\" \/>\n                    \n                    <p><span data-olk-copy-source=\"MessageBody\">Invego grupp on kolmes riigis tegutsev uue p\u00f5lvkonna kinnisvaraarendaja, mis on spetsialiseerunud tuleviku linnaruumi loovate tervikliku kontseptsiooniga mahukate elurajoonide ja \u00e4rikvartalite rajamisele. Enam kui 10-aastase tegevusajalooga Invego gruppi kuulub \u00fcle 60 ettev\u00f5tte Eestis, L\u00e4tis ja Portugalis ning kokku on t\u00f6\u00f6s t\u00e4na 30 erinevat arendusprojekti. Invego grupp on v\u00e4lja arendanud \u00fcle 150 000 m\u00b2 elukondlikku ning 50 000 m\u00b2 \u00e4rikinnisvara. Lisaks on t\u00f6\u00f6s veel \u00fcle 450 000 m\u00b2 arendusmahte nii elu- kui \u00e4rikinnisvara valdkonnas.<br \/>\n<\/span><br \/>\nInvego on Eesti juhtivaid terviklike elukeskkondade loojaid, kes on viimastel aastatel rajanud kodusid Tallinnas ja selle l\u00e4hi\u00fcmbruses \u00fcle 1300 perele. Invego arendused ja kodud on oma uuenduslike lahenduste ning tipptasemel Eesti arhitektuuriga ajas v\u00e4\u00e4rtust koguvad investeeringud. Invego mahukaimateks arendusteks on hiljuti valminud Tiskreoja, Vana-Peetri ja Tabasalu Kodu ning t\u00e4na t\u00f6\u00f6s olevad Luccaranna ja Uus-J\u00e4rvek\u00fcla elurajoonid.<\/p>\n                <\/div>\n            <\/div>\n\n            <div class=\"image col col-md-6 col-12\">\n                <div class=\"image_wrapper position-relative\">\n                    <img decoding=\"async\" class=\"w100\" src=\"https:\/\/invego.ee\/keilapargikodud\/wp-content\/uploads\/2024\/03\/Rectangle-3-1.jpg\" width=\"1304\" height=\"786\" alt=\"\" \/>\n                <\/div>\n            <\/div>\n        <\/div>\n    <\/div>\n<\/section>\n\n\n<section class=\"trust-developer-block py-lg-32 color-purple bg-white\">\n    <div class=\"container-fluid\">\n        <div class=\"content color-white bg-purple\">\n            <div class=\"container py-lg-32 py-24\">\n                <div class=\"d-flex justify-content-md-center\">\n                                            <h2 class=\"mb-32\">Usalda kogenud tegijat<\/h2>\n                                    <\/div>\n\n                <div class=\"row gx-lg-64 gy-lg-64 gy-48\">\n                                                                    <div class=\"col col-lg-4 col-md-6 col-12 d-flex align-items-center\">\n                            <div class=\"image_wrapper d-flex justify-content-center flex-shrink-0 me-24\">\n                                <img decoding=\"async\" src=\"https:\/\/invego.ee\/keilapargikodud\/wp-content\/uploads\/2024\/03\/Group-257.svg\" width=\"82\" height=\"73\" alt=\"\" \/>\n                            <\/div>\n\n                            <div classs=\"text_wrapper\">\n                                <h3>Kogemus<\/h3>\n\n                                                                    <p>Alates aastast 2009<\/p>\n                                                            <\/div>\n                        <\/div>\n                                                                    <div class=\"col col-lg-4 col-md-6 col-12 d-flex align-items-center\">\n                            <div class=\"image_wrapper d-flex justify-content-center flex-shrink-0 me-24\">\n                                <img decoding=\"async\" src=\"https:\/\/invego.ee\/keilapargikodud\/wp-content\/uploads\/2024\/03\/Group-262.svg\" width=\"78\" height=\"77\" alt=\"\" \/>\n                            <\/div>\n\n                            <div classs=\"text_wrapper\">\n                                <h3>Arendatud<\/h3>\n\n                                                                    <p>enam kui 1000 kodu<\/p>\n                                                            <\/div>\n                        <\/div>\n                                                                    <div class=\"col col-lg-4 col-md-6 col-12 d-flex align-items-center\">\n                            <div class=\"image_wrapper d-flex justify-content-center flex-shrink-0 me-24\">\n                                <img decoding=\"async\" src=\"https:\/\/invego.ee\/keilapargikodud\/wp-content\/uploads\/2024\/03\/Group-259.svg\" width=\"69\" height=\"69\" alt=\"\" \/>\n                            <\/div>\n\n                            <div classs=\"text_wrapper\">\n                                <h3>Arendatud<\/h3>\n\n                                                                    <p>150 000 m2<\/p>\n                                                            <\/div>\n                        <\/div>\n                                                                    <div class=\"col col-lg-4 col-md-6 col-12 d-flex align-items-center\">\n                            <div class=\"image_wrapper d-flex justify-content-center flex-shrink-0 me-24\">\n                                <img decoding=\"async\" src=\"https:\/\/invego.ee\/keilapargikodud\/wp-content\/uploads\/2024\/03\/Group-258.svg\" width=\"82\" height=\"60\" alt=\"\" \/>\n                            <\/div>\n\n                            <div classs=\"text_wrapper\">\n                                <h3>Meeskond<\/h3>\n\n                                                                    <p>17 oma ala eksperti<\/p>\n                                                            <\/div>\n                        <\/div>\n                                                                    <div class=\"col col-lg-4 col-md-6 col-12 d-flex align-items-center\">\n                            <div class=\"image_wrapper d-flex justify-content-center flex-shrink-0 me-24\">\n                                <img decoding=\"async\" src=\"https:\/\/invego.ee\/keilapargikodud\/wp-content\/uploads\/2024\/03\/Group-264.svg\" width=\"72\" height=\"72\" alt=\"\" \/>\n                            <\/div>\n\n                            <div classs=\"text_wrapper\">\n                                <h3>Projektide kogumaht<\/h3>\n\n                                                                    <p>300 000 m2<\/p>\n                                                            <\/div>\n                        <\/div>\n                                                                    <div class=\"col col-lg-4 col-md-6 col-12 d-flex align-items-center\">\n                            <div class=\"image_wrapper d-flex justify-content-center flex-shrink-0 me-24\">\n                                <img decoding=\"async\" src=\"https:\/\/invego.ee\/keilapargikodud\/wp-content\/uploads\/2024\/03\/Group-260.svg\" width=\"77\" height=\"77\" alt=\"\" \/>\n                            <\/div>\n\n                            <div classs=\"text_wrapper\">\n                                <h3>Tegutseme turgudel<\/h3>\n\n                                                                    <p>Eesti, L\u00e4ti, Portugal<\/p>\n                                                            <\/div>\n                        <\/div>\n                                                                    <div class=\"col col-lg-4 col-md-6 col-12 d-flex align-items-center\">\n                            <div class=\"image_wrapper d-flex justify-content-center flex-shrink-0 me-24\">\n                                <img decoding=\"async\" src=\"https:\/\/invego.ee\/keilapargikodud\/wp-content\/uploads\/2024\/03\/Group-261.svg\" width=\"76\" height=\"82\" alt=\"\" \/>\n                            <\/div>\n\n                            <div classs=\"text_wrapper\">\n                                <h3>H\u00e4sti restaureeritud muinsuskaitsealane hoone<\/h3>\n\n                                                                    <p>Staapli 10<br \/>\nnominatsioon (2021)<\/p>\n                                                            <\/div>\n                        <\/div>\n                                                                    <div class=\"col col-lg-4 col-md-6 col-12 d-flex align-items-center\">\n                            <div class=\"image_wrapper d-flex justify-content-center flex-shrink-0 me-24\">\n                                <img decoding=\"async\" src=\"https:\/\/invego.ee\/keilapargikodud\/wp-content\/uploads\/2024\/03\/Group-261.svg\" width=\"76\" height=\"82\" alt=\"\" \/>\n                            <\/div>\n\n                            <div classs=\"text_wrapper\">\n                                <h3>Aasta betoonehitis<\/h3>\n\n                                                                    <p>Suur-Patarei 13<br \/>\nnominatsioon (2020)<\/p>\n                                                            <\/div>\n                        <\/div>\n                                                                    <div class=\"col col-lg-4 col-md-6 col-12 d-flex align-items-center\">\n                            <div class=\"image_wrapper d-flex justify-content-center flex-shrink-0 me-24\">\n                                <img decoding=\"async\" src=\"https:\/\/invego.ee\/keilapargikodud\/wp-content\/uploads\/2024\/03\/Group-261.svg\" width=\"76\" height=\"82\" alt=\"\" \/>\n                            <\/div>\n\n                            <div classs=\"text_wrapper\">\n                                <h3>Arhitektuuripreemia nominent<\/h3>\n\n                                                                    <p>Nova Maja<br \/>\nnominatsioon (2018)<\/p>\n                                                            <\/div>\n                        <\/div>\n                                    <\/div>\n\n                                    <div class=\"text-center mt-32\">\n                        <a href=\"https:\/\/invego.ee\/\" target=\"_blank\" class=\"btn\">Invego.ee<\/a>\n                    <\/div>\n                            <\/div>\n        <\/div>\n    <\/div>\n<\/section>\n\n\n<section class=\"guarantee-block py-32 bg-white\">\n    <div class=\"container\">\n        <div class=\"text_wrapper\">\n            <h2>Garantii 5 aastat<\/h2>\n<p>K\u00f5ik Keila Pargikodude uued omanikud saavad Invego poolt kodule kaasa ka 5-aastase ehitusgarantii, mis pakub veelgi suuremat meelerahu. \u201cTeame, et kodu ostmine on t\u00e4htis otsus ja paljude jaoks ka \u00fcks suuremaid ning pikemaajalisi investeeringuid elus. 5-aastane ehitusgarantii kehtib k\u00f5igele, mis on ostes \u00fches korteris, alustades ventilatsioonis\u00fcsteemidest ja k\u00fctteseadmetest ning l\u00f5petades parketi v\u00f5i segistitega,\u201d kinnitab Invego m\u00fc\u00fcgijuht.<\/p>\n        <\/div>\n    <\/div>\n<\/section>","protected":false},"excerpt":{"rendered":"","protected":false},"author":1,"featured_media":0,"parent":0,"menu_order":0,"comment_status":"closed","ping_status":"closed","template":"","meta":{"_acf_changed":false,"footnotes":""},"class_list":["post-570","page","type-page","status-publish","hentry"],"acf":[],"yoast_head":"<!-- This site is optimized with the Yoast SEO plugin v24.9 - https:\/\/yoast.com\/wordpress\/plugins\/seo\/ -->\n<title>Arendaja - Keila Pargikodud<\/title>\n<meta name=\"robots\" content=\"index, follow, max-snippet:-1, max-image-preview:large, max-video-preview:-1\" \/>\n<link rel=\"canonical\" href=\"https:\/\/invego.ee\/keilapargikodud\/arendaja\/\" \/>\n<meta property=\"og:locale\" content=\"et_EE\" \/>\n<meta property=\"og:type\" content=\"article\" \/>\n<meta property=\"og:title\" content=\"Arendaja - Keila Pargikodud\" \/>\n<meta property=\"og:url\" content=\"https:\/\/invego.ee\/keilapargikodud\/arendaja\/\" \/>\n<meta property=\"og:site_name\" content=\"Keila Pargikodud\" \/>\n<meta property=\"article:modified_time\" content=\"2025-10-31T11:48:09+00:00\" \/>\n<meta property=\"og:image\" content=\"https:\/\/invego.ee\/keilapargikodud\/wp-content\/uploads\/2024\/03\/keilapargikodud-og.jpg\" \/>\n\t<meta property=\"og:image:width\" content=\"1200\" \/>\n\t<meta property=\"og:image:height\" content=\"630\" \/>\n\t<meta property=\"og:image:type\" content=\"image\/jpeg\" \/>\n<meta name=\"twitter:card\" content=\"summary_large_image\" \/>\n<script type=\"application\/ld+json\" class=\"yoast-schema-graph\">{\"@context\":\"https:\/\/schema.org\",\"@graph\":[{\"@type\":\"WebPage\",\"@id\":\"https:\/\/invego.ee\/keilapargikodud\/arendaja\/\",\"url\":\"https:\/\/invego.ee\/keilapargikodud\/arendaja\/\",\"name\":\"Arendaja - Keila Pargikodud\",\"isPartOf\":{\"@id\":\"https:\/\/invego.ee\/keilapargikodud\/#website\"},\"datePublished\":\"2024-03-05T05:49:18+00:00\",\"dateModified\":\"2025-10-31T11:48:09+00:00\",\"breadcrumb\":{\"@id\":\"https:\/\/invego.ee\/keilapargikodud\/arendaja\/#breadcrumb\"},\"inLanguage\":\"et\",\"potentialAction\":[{\"@type\":\"ReadAction\",\"target\":[\"https:\/\/invego.ee\/keilapargikodud\/arendaja\/\"]}]},{\"@type\":\"BreadcrumbList\",\"@id\":\"https:\/\/invego.ee\/keilapargikodud\/arendaja\/#breadcrumb\",\"itemListElement\":[{\"@type\":\"ListItem\",\"position\":1,\"name\":\"Home\",\"item\":\"https:\/\/invego.ee\/keilapargikodud\/\"},{\"@type\":\"ListItem\",\"position\":2,\"name\":\"Arendaja\"}]},{\"@type\":\"WebSite\",\"@id\":\"https:\/\/invego.ee\/keilapargikodud\/#website\",\"url\":\"https:\/\/invego.ee\/keilapargikodud\/\",\"name\":\"Keila Pargikodud\",\"description\":\"Kodu Keila s\u00fcdames\",\"publisher\":{\"@id\":\"https:\/\/invego.ee\/keilapargikodud\/#organization\"},\"potentialAction\":[{\"@type\":\"SearchAction\",\"target\":{\"@type\":\"EntryPoint\",\"urlTemplate\":\"https:\/\/invego.ee\/keilapargikodud\/?s={search_term_string}\"},\"query-input\":{\"@type\":\"PropertyValueSpecification\",\"valueRequired\":true,\"valueName\":\"search_term_string\"}}],\"inLanguage\":\"et\"},{\"@type\":\"Organization\",\"@id\":\"https:\/\/invego.ee\/keilapargikodud\/#organization\",\"name\":\"Keila Pargikodud\",\"url\":\"https:\/\/invego.ee\/keilapargikodud\/\",\"logo\":{\"@type\":\"ImageObject\",\"inLanguage\":\"et\",\"@id\":\"https:\/\/invego.ee\/keilapargikodud\/#\/schema\/logo\/image\/\",\"url\":\"https:\/\/invego.ee\/keilapargikodud\/wp-content\/uploads\/2024\/03\/keila-pargikodud-logo.svg\",\"contentUrl\":\"https:\/\/invego.ee\/keilapargikodud\/wp-content\/uploads\/2024\/03\/keila-pargikodud-logo.svg\",\"width\":159,\"height\":118,\"caption\":\"Keila Pargikodud\"},\"image\":{\"@id\":\"https:\/\/invego.ee\/keilapargikodud\/#\/schema\/logo\/image\/\"}}]}<\/script>\n<!-- \/ Yoast SEO plugin. -->","yoast_head_json":{"title":"Arendaja - Keila Pargikodud","robots":{"index":"index","follow":"follow","max-snippet":"max-snippet:-1","max-image-preview":"max-image-preview:large","max-video-preview":"max-video-preview:-1"},"canonical":"https:\/\/invego.ee\/keilapargikodud\/arendaja\/","og_locale":"et_EE","og_type":"article","og_title":"Arendaja - Keila Pargikodud","og_url":"https:\/\/invego.ee\/keilapargikodud\/arendaja\/","og_site_name":"Keila Pargikodud","article_modified_time":"2025-10-31T11:48:09+00:00","og_image":[{"width":1200,"height":630,"url":"https:\/\/invego.ee\/keilapargikodud\/wp-content\/uploads\/2024\/03\/keilapargikodud-og.jpg","type":"image\/jpeg"}],"twitter_card":"summary_large_image","schema":{"@context":"https:\/\/schema.org","@graph":[{"@type":"WebPage","@id":"https:\/\/invego.ee\/keilapargikodud\/arendaja\/","url":"https:\/\/invego.ee\/keilapargikodud\/arendaja\/","name":"Arendaja - Keila Pargikodud","isPartOf":{"@id":"https:\/\/invego.ee\/keilapargikodud\/#website"},"datePublished":"2024-03-05T05:49:18+00:00","dateModified":"2025-10-31T11:48:09+00:00","breadcrumb":{"@id":"https:\/\/invego.ee\/keilapargikodud\/arendaja\/#breadcrumb"},"inLanguage":"et","potentialAction":[{"@type":"ReadAction","target":["https:\/\/invego.ee\/keilapargikodud\/arendaja\/"]}]},{"@type":"BreadcrumbList","@id":"https:\/\/invego.ee\/keilapargikodud\/arendaja\/#breadcrumb","itemListElement":[{"@type":"ListItem","position":1,"name":"Home","item":"https:\/\/invego.ee\/keilapargikodud\/"},{"@type":"ListItem","position":2,"name":"Arendaja"}]},{"@type":"WebSite","@id":"https:\/\/invego.ee\/keilapargikodud\/#website","url":"https:\/\/invego.ee\/keilapargikodud\/","name":"Keila Pargikodud","description":"Kodu Keila s\u00fcdames","publisher":{"@id":"https:\/\/invego.ee\/keilapargikodud\/#organization"},"potentialAction":[{"@type":"SearchAction","target":{"@type":"EntryPoint","urlTemplate":"https:\/\/invego.ee\/keilapargikodud\/?s={search_term_string}"},"query-input":{"@type":"PropertyValueSpecification","valueRequired":true,"valueName":"search_term_string"}}],"inLanguage":"et"},{"@type":"Organization","@id":"https:\/\/invego.ee\/keilapargikodud\/#organization","name":"Keila Pargikodud","url":"https:\/\/invego.ee\/keilapargikodud\/","logo":{"@type":"ImageObject","inLanguage":"et","@id":"https:\/\/invego.ee\/keilapargikodud\/#\/schema\/logo\/image\/","url":"https:\/\/invego.ee\/keilapargikodud\/wp-content\/uploads\/2024\/03\/keila-pargikodud-logo.svg","contentUrl":"https:\/\/invego.ee\/keilapargikodud\/wp-content\/uploads\/2024\/03\/keila-pargikodud-logo.svg","width":159,"height":118,"caption":"Keila Pargikodud"},"image":{"@id":"https:\/\/invego.ee\/keilapargikodud\/#\/schema\/logo\/image\/"}}]}},"_links":{"self":[{"href":"https:\/\/invego.ee\/keilapargikodud\/wp-json\/wp\/v2\/pages\/570","targetHints":{"allow":["GET"]}}],"collection":[{"href":"https:\/\/invego.ee\/keilapargikodud\/wp-json\/wp\/v2\/pages"}],"about":[{"href":"https:\/\/invego.ee\/keilapargikodud\/wp-json\/wp\/v2\/types\/page"}],"author":[{"embeddable":true,"href":"https:\/\/invego.ee\/keilapargikodud\/wp-json\/wp\/v2\/users\/1"}],"replies":[{"embeddable":true,"href":"https:\/\/invego.ee\/keilapargikodud\/wp-json\/wp\/v2\/comments?post=570"}],"version-history":[{"count":9,"href":"https:\/\/invego.ee\/keilapargikodud\/wp-json\/wp\/v2\/pages\/570\/revisions"}],"predecessor-version":[{"id":2060,"href":"https:\/\/invego.ee\/keilapargikodud\/wp-json\/wp\/v2\/pages\/570\/revisions\/2060"}],"wp:attachment":[{"href":"https:\/\/invego.ee\/keilapargikodud\/wp-json\/wp\/v2\/media?parent=570"}],"curies":[{"name":"wp","href":"https:\/\/api.w.org\/{rel}","templated":true}]}}