{"id":343,"date":"2024-03-02T19:38:51","date_gmt":"2024-03-02T17:38:51","guid":{"rendered":"https:\/\/invego.ee\/keilapargikodud\/?page_id=343"},"modified":"2025-11-28T12:42:40","modified_gmt":"2025-11-28T10:42:40","slug":"viimistlus","status":"publish","type":"page","link":"https:\/\/invego.ee\/keilapargikodud\/viimistlus\/","title":{"rendered":"Viimistlus"},"content":{"rendered":"\n<section class=\"finishes-block bg-white\">\n    <div class=\"container-fluid\">\n        <div class=\"row justify-content-center gx-4 gy-8\">\n                                            <div class=\"col col-lg-3 col-12\">\n                    <div class=\"finish position-relative d-flex flex-column justify-content-end align-items-center px-4 py-32 py-lg-48 overflow-hidden\">\n                                                    <div class=\"image position-absolute top-0 left-0 w100 h100 bg-center no-lazy\" style=\"background-image: url('https:\/\/invego.ee\/keilapargikodud\/wp-content\/uploads\/2024\/03\/Rectangle-24-1.jpg');\"><\/div>\n                            <div class=\"overlay position-absolute d-none d-lg-block bottom-0 left-0 w100\"><\/div>\n                        \n                        \n                        <div class=\"content position-relative text-center\">\n                                                            <h2 class=\"fs-36 color-white\">Ehe<\/h2>\n                            \n                                                            <a href=\"https:\/\/invego.ee\/keilapargikodud\/wp-content\/uploads\/2025\/11\/keila_viimistlus_a4_ehe-1.pdf\" target=\"_blank\" class=\"btn btn-small\">Tutvu paketiga<\/a>\n                                                    <\/div>\n                    <\/div>\n                <\/div>\n                                            <div class=\"col col-lg-3 col-12\">\n                    <div class=\"finish position-relative d-flex flex-column justify-content-end align-items-center px-4 py-32 py-lg-48 overflow-hidden\">\n                                                    <div class=\"image position-absolute top-0 left-0 w100 h100 bg-center no-lazy\" style=\"background-image: url('https:\/\/invego.ee\/keilapargikodud\/wp-content\/uploads\/2024\/03\/Rectangle-25-1.jpg');\"><\/div>\n                            <div class=\"overlay position-absolute d-none d-lg-block bottom-0 left-0 w100\"><\/div>\n                        \n                        \n                        <div class=\"content position-relative text-center\">\n                                                            <h2 class=\"fs-36 color-white\">Elav<\/h2>\n                            \n                                                            <a href=\"https:\/\/invego.ee\/keilapargikodud\/wp-content\/uploads\/2025\/11\/keila_viimistlus_a4_elav-1.pdf\" target=\"_blank\" class=\"btn btn-small\">Tutvu paketiga<\/a>\n                                                    <\/div>\n                    <\/div>\n                <\/div>\n                                            <div class=\"col col-lg-3 col-12\">\n                    <div class=\"finish position-relative d-flex flex-column justify-content-end align-items-center px-4 py-32 py-lg-48 overflow-hidden\">\n                                                    <div class=\"image position-absolute top-0 left-0 w100 h100 bg-center no-lazy\" style=\"background-image: url('https:\/\/invego.ee\/keilapargikodud\/wp-content\/uploads\/2024\/03\/Rectangle-26-1.jpg');\"><\/div>\n                            <div class=\"overlay position-absolute d-none d-lg-block bottom-0 left-0 w100\"><\/div>\n                        \n                                                    <span class=\"extra_fee position-absolute fs-12 bg-white color-purple text-uppercase\">Lisatasu eest<\/span>\n                        \n                        <div class=\"content position-relative text-center\">\n                                                            <h2 class=\"fs-36 color-white\">V\u00f5imas<\/h2>\n                            \n                                                            <a href=\"https:\/\/invego.ee\/keilapargikodud\/wp-content\/uploads\/2025\/11\/keila_viimistlus_a4_voimas-1.pdf\" target=\"_blank\" class=\"btn btn-small\">Tutvu paketiga<\/a>\n                                                    <\/div>\n                    <\/div>\n                <\/div>\n                                            <div class=\"col col-lg-3 col-12\">\n                    <div class=\"finish position-relative d-flex flex-column justify-content-end align-items-center px-4 py-32 py-lg-48 overflow-hidden\">\n                                                    <div class=\"image position-absolute top-0 left-0 w100 h100 bg-center no-lazy\" style=\"background-image: url('https:\/\/invego.ee\/keilapargikodud\/wp-content\/uploads\/2024\/03\/Rectangle-27.jpg');\"><\/div>\n                            <div class=\"overlay position-absolute d-none d-lg-block bottom-0 left-0 w100\"><\/div>\n                        \n                                                    <span class=\"extra_fee position-absolute fs-12 bg-white color-purple text-uppercase\">Lisatasu eest<\/span>\n                        \n                        <div class=\"content position-relative text-center\">\n                                                            <h2 class=\"fs-36 color-white\">\u00d5rn<\/h2>\n                            \n                                                            <a href=\"https:\/\/invego.ee\/keilapargikodud\/wp-content\/uploads\/2025\/11\/keila_viimistlus_a4_orn-2.pdf\" target=\"_blank\" class=\"btn btn-small\">Tutvu paketiga<\/a>\n                                                    <\/div>\n                    <\/div>\n                <\/div>\n                    <\/div>\n    <\/div>\n<\/section>\n\n\n<section class=\"options-block bg-white\">\n    <div class=\"container\">\n        <div class=\"block_title\">\n            <h2>Tasulised lisad<\/h2>\n        <\/div>\n        <div class=\"row justify-content-center gx-4 gy-8\">\n                                            <div class=\"category col-12\">\n                    <div class=\"category_title\">\n                        <p>Jahutus<\/p>\n                    <\/div>\n                                                                    <div class=\"suboption d-flex justify-content-between\">\n                            <div class=\"description\">Jahutuse valmidus (torustik \u00fchele siseosale)<\/div>\n                            <div class=\"price\">2100 \u20ac<\/div>\n                        <\/div>\n                                                                    <div class=\"suboption d-flex justify-content-between\">\n                            <div class=\"description\">Jahutus koos seadmega (1 siseosa, torustik, 1 v\u00e4lisosa)<\/div>\n                            <div class=\"price\">6100 \u20ac<\/div>\n                        <\/div>\n                                    <\/div>\n                                            <div class=\"category col-12\">\n                    <div class=\"category_title\">\n                        <p>Elektriline p\u00f5randak\u00fcte<\/p>\n                    <\/div>\n                                                                    <div class=\"suboption d-flex justify-content-between\">\n                            <div class=\"description\">Elektriline lisa p\u00f5randak\u00fcte san.ruumides<\/div>\n                            <div class=\"price\">800 \u20ac<\/div>\n                        <\/div>\n                                    <\/div>\n                                            <div class=\"category col-12\">\n                    <div class=\"category_title\">\n                        <p>Saun<\/p>\n                    <\/div>\n                                                                    <div class=\"suboption d-flex justify-content-between\">\n                            <div class=\"description\">Saun (klaassein+klaasuks, puldiga elektrikeris\u00a0 6kW, laudis 120 mm termohaab, lava all LED valgustus)<\/div>\n                            <div class=\"price\">7500 \u20ac<\/div>\n                        <\/div>\n                                    <\/div>\n                                            <div class=\"category col-12\">\n                    <div class=\"category_title\">\n                        <p>Valamukapp*<\/p>\n                    <\/div>\n                                                                    <div class=\"suboption d-flex justify-content-between\">\n                            <div class=\"description\">Valamukapp Finesse 600mm<\/div>\n                            <div class=\"price\">900 \u20ac<\/div>\n                        <\/div>\n                                                                    <div class=\"suboption d-flex justify-content-between\">\n                            <div class=\"description\">Valamukapp Finesse 800mm<\/div>\n                            <div class=\"price\">1000 \u20ac<\/div>\n                        <\/div>\n                                                                    <div class=\"suboption d-flex justify-content-between\">\n                            <div class=\"description\">Valamukapp Finesse 1000mm<\/div>\n                            <div class=\"price\">1100 \u20ac<\/div>\n                        <\/div>\n                                                                    <div class=\"suboption d-flex justify-content-between\">\n                            <div class=\"description\"><span>*Enne valikut palun t\u00e4psustage m\u00fc\u00fcgiesindajaga, milline valamukapp teie vannituppa mahub<\/span><\/div>\n                            <div class=\"price\"><\/div>\n                        <\/div>\n                                    <\/div>\n                                            <div class=\"category col-12\">\n                    <div class=\"category_title\">\n                        <p>Du\u0161i asendus vanniga<\/p>\n                    <\/div>\n                                                                    <div class=\"suboption d-flex justify-content-between\">\n                            <div class=\"description\">Balteco Forma<\/div>\n                            <div class=\"price\">999 \u20ac<\/div>\n                        <\/div>\n                                                                    <div class=\"suboption d-flex justify-content-between\">\n                            <div class=\"description\">Balteco kivivann<\/div>\n                            <div class=\"price\">2900 \u20ac<\/div>\n                        <\/div>\n                                    <\/div>\n                                            <div class=\"category col-12\">\n                    <div class=\"category_title\">\n                        <p>Veekraan terrassile<\/p>\n                    <\/div>\n                                                                    <div class=\"suboption d-flex justify-content-between\">\n                            <div class=\"description\">Veekraan terrassile\u00a0<\/div>\n                            <div class=\"price\">1100 \u20ac<\/div>\n                        <\/div>\n                                    <\/div>\n                        <div class=\"general_description\">\n                <p><p>*Arendajal on \u00f5igus hindu muuta ja tooteid asendada samav\u00e4\u00e4rsetega.<\/p>\n<\/p>\n            <\/div>\n        <\/div>\n    <\/div>\n<\/section>","protected":false},"excerpt":{"rendered":"","protected":false},"author":1,"featured_media":0,"parent":0,"menu_order":0,"comment_status":"closed","ping_status":"closed","template":"","meta":{"_acf_changed":false,"footnotes":""},"class_list":["post-343","page","type-page","status-publish","hentry"],"acf":[],"yoast_head":"<!-- This site is optimized with the Yoast SEO plugin v24.9 - https:\/\/yoast.com\/wordpress\/plugins\/seo\/ -->\n<title>Viimistlus - Keila Pargikodud<\/title>\n<meta name=\"robots\" content=\"index, follow, max-snippet:-1, max-image-preview:large, max-video-preview:-1\" \/>\n<link rel=\"canonical\" href=\"https:\/\/invego.ee\/keilapargikodud\/viimistlus\/\" \/>\n<meta property=\"og:locale\" content=\"et_EE\" \/>\n<meta property=\"og:type\" content=\"article\" \/>\n<meta property=\"og:title\" content=\"Viimistlus - Keila Pargikodud\" \/>\n<meta property=\"og:url\" content=\"https:\/\/invego.ee\/keilapargikodud\/viimistlus\/\" \/>\n<meta property=\"og:site_name\" content=\"Keila Pargikodud\" \/>\n<meta property=\"article:modified_time\" content=\"2025-11-28T10:42:40+00:00\" \/>\n<meta property=\"og:image\" content=\"https:\/\/invego.ee\/keilapargikodud\/wp-content\/uploads\/2024\/03\/keilapargikodud-og.jpg\" \/>\n\t<meta property=\"og:image:width\" content=\"1200\" \/>\n\t<meta property=\"og:image:height\" content=\"630\" \/>\n\t<meta property=\"og:image:type\" content=\"image\/jpeg\" \/>\n<meta name=\"twitter:card\" content=\"summary_large_image\" \/>\n<script type=\"application\/ld+json\" class=\"yoast-schema-graph\">{\"@context\":\"https:\/\/schema.org\",\"@graph\":[{\"@type\":\"WebPage\",\"@id\":\"https:\/\/invego.ee\/keilapargikodud\/viimistlus\/\",\"url\":\"https:\/\/invego.ee\/keilapargikodud\/viimistlus\/\",\"name\":\"Viimistlus - Keila Pargikodud\",\"isPartOf\":{\"@id\":\"https:\/\/invego.ee\/keilapargikodud\/#website\"},\"datePublished\":\"2024-03-02T17:38:51+00:00\",\"dateModified\":\"2025-11-28T10:42:40+00:00\",\"breadcrumb\":{\"@id\":\"https:\/\/invego.ee\/keilapargikodud\/viimistlus\/#breadcrumb\"},\"inLanguage\":\"et\",\"potentialAction\":[{\"@type\":\"ReadAction\",\"target\":[\"https:\/\/invego.ee\/keilapargikodud\/viimistlus\/\"]}]},{\"@type\":\"BreadcrumbList\",\"@id\":\"https:\/\/invego.ee\/keilapargikodud\/viimistlus\/#breadcrumb\",\"itemListElement\":[{\"@type\":\"ListItem\",\"position\":1,\"name\":\"Home\",\"item\":\"https:\/\/invego.ee\/keilapargikodud\/\"},{\"@type\":\"ListItem\",\"position\":2,\"name\":\"Viimistlus\"}]},{\"@type\":\"WebSite\",\"@id\":\"https:\/\/invego.ee\/keilapargikodud\/#website\",\"url\":\"https:\/\/invego.ee\/keilapargikodud\/\",\"name\":\"Keila Pargikodud\",\"description\":\"Kodu Keila s\u00fcdames\",\"publisher\":{\"@id\":\"https:\/\/invego.ee\/keilapargikodud\/#organization\"},\"potentialAction\":[{\"@type\":\"SearchAction\",\"target\":{\"@type\":\"EntryPoint\",\"urlTemplate\":\"https:\/\/invego.ee\/keilapargikodud\/?s={search_term_string}\"},\"query-input\":{\"@type\":\"PropertyValueSpecification\",\"valueRequired\":true,\"valueName\":\"search_term_string\"}}],\"inLanguage\":\"et\"},{\"@type\":\"Organization\",\"@id\":\"https:\/\/invego.ee\/keilapargikodud\/#organization\",\"name\":\"Keila Pargikodud\",\"url\":\"https:\/\/invego.ee\/keilapargikodud\/\",\"logo\":{\"@type\":\"ImageObject\",\"inLanguage\":\"et\",\"@id\":\"https:\/\/invego.ee\/keilapargikodud\/#\/schema\/logo\/image\/\",\"url\":\"https:\/\/invego.ee\/keilapargikodud\/wp-content\/uploads\/2024\/03\/keila-pargikodud-logo.svg\",\"contentUrl\":\"https:\/\/invego.ee\/keilapargikodud\/wp-content\/uploads\/2024\/03\/keila-pargikodud-logo.svg\",\"width\":159,\"height\":118,\"caption\":\"Keila Pargikodud\"},\"image\":{\"@id\":\"https:\/\/invego.ee\/keilapargikodud\/#\/schema\/logo\/image\/\"}}]}<\/script>\n<!-- \/ Yoast SEO plugin. -->","yoast_head_json":{"title":"Viimistlus - Keila Pargikodud","robots":{"index":"index","follow":"follow","max-snippet":"max-snippet:-1","max-image-preview":"max-image-preview:large","max-video-preview":"max-video-preview:-1"},"canonical":"https:\/\/invego.ee\/keilapargikodud\/viimistlus\/","og_locale":"et_EE","og_type":"article","og_title":"Viimistlus - Keila Pargikodud","og_url":"https:\/\/invego.ee\/keilapargikodud\/viimistlus\/","og_site_name":"Keila Pargikodud","article_modified_time":"2025-11-28T10:42:40+00:00","og_image":[{"width":1200,"height":630,"url":"https:\/\/invego.ee\/keilapargikodud\/wp-content\/uploads\/2024\/03\/keilapargikodud-og.jpg","type":"image\/jpeg"}],"twitter_card":"summary_large_image","schema":{"@context":"https:\/\/schema.org","@graph":[{"@type":"WebPage","@id":"https:\/\/invego.ee\/keilapargikodud\/viimistlus\/","url":"https:\/\/invego.ee\/keilapargikodud\/viimistlus\/","name":"Viimistlus - Keila Pargikodud","isPartOf":{"@id":"https:\/\/invego.ee\/keilapargikodud\/#website"},"datePublished":"2024-03-02T17:38:51+00:00","dateModified":"2025-11-28T10:42:40+00:00","breadcrumb":{"@id":"https:\/\/invego.ee\/keilapargikodud\/viimistlus\/#breadcrumb"},"inLanguage":"et","potentialAction":[{"@type":"ReadAction","target":["https:\/\/invego.ee\/keilapargikodud\/viimistlus\/"]}]},{"@type":"BreadcrumbList","@id":"https:\/\/invego.ee\/keilapargikodud\/viimistlus\/#breadcrumb","itemListElement":[{"@type":"ListItem","position":1,"name":"Home","item":"https:\/\/invego.ee\/keilapargikodud\/"},{"@type":"ListItem","position":2,"name":"Viimistlus"}]},{"@type":"WebSite","@id":"https:\/\/invego.ee\/keilapargikodud\/#website","url":"https:\/\/invego.ee\/keilapargikodud\/","name":"Keila Pargikodud","description":"Kodu Keila s\u00fcdames","publisher":{"@id":"https:\/\/invego.ee\/keilapargikodud\/#organization"},"potentialAction":[{"@type":"SearchAction","target":{"@type":"EntryPoint","urlTemplate":"https:\/\/invego.ee\/keilapargikodud\/?s={search_term_string}"},"query-input":{"@type":"PropertyValueSpecification","valueRequired":true,"valueName":"search_term_string"}}],"inLanguage":"et"},{"@type":"Organization","@id":"https:\/\/invego.ee\/keilapargikodud\/#organization","name":"Keila Pargikodud","url":"https:\/\/invego.ee\/keilapargikodud\/","logo":{"@type":"ImageObject","inLanguage":"et","@id":"https:\/\/invego.ee\/keilapargikodud\/#\/schema\/logo\/image\/","url":"https:\/\/invego.ee\/keilapargikodud\/wp-content\/uploads\/2024\/03\/keila-pargikodud-logo.svg","contentUrl":"https:\/\/invego.ee\/keilapargikodud\/wp-content\/uploads\/2024\/03\/keila-pargikodud-logo.svg","width":159,"height":118,"caption":"Keila Pargikodud"},"image":{"@id":"https:\/\/invego.ee\/keilapargikodud\/#\/schema\/logo\/image\/"}}]}},"_links":{"self":[{"href":"https:\/\/invego.ee\/keilapargikodud\/wp-json\/wp\/v2\/pages\/343","targetHints":{"allow":["GET"]}}],"collection":[{"href":"https:\/\/invego.ee\/keilapargikodud\/wp-json\/wp\/v2\/pages"}],"about":[{"href":"https:\/\/invego.ee\/keilapargikodud\/wp-json\/wp\/v2\/types\/page"}],"author":[{"embeddable":true,"href":"https:\/\/invego.ee\/keilapargikodud\/wp-json\/wp\/v2\/users\/1"}],"replies":[{"embeddable":true,"href":"https:\/\/invego.ee\/keilapargikodud\/wp-json\/wp\/v2\/comments?post=343"}],"version-history":[{"count":12,"href":"https:\/\/invego.ee\/keilapargikodud\/wp-json\/wp\/v2\/pages\/343\/revisions"}],"predecessor-version":[{"id":2216,"href":"https:\/\/invego.ee\/keilapargikodud\/wp-json\/wp\/v2\/pages\/343\/revisions\/2216"}],"wp:attachment":[{"href":"https:\/\/invego.ee\/keilapargikodud\/wp-json\/wp\/v2\/media?parent=343"}],"curies":[{"name":"wp","href":"https:\/\/api.w.org\/{rel}","templated":true}]}}